{"id":7240,"date":"2021-05-17T17:18:04","date_gmt":"2021-05-17T15:18:04","guid":{"rendered":"https:\/\/gronau-inside.heska.mp\/faq\/"},"modified":"2024-10-09T12:13:06","modified_gmt":"2024-10-09T10:13:06","slug":"faq","status":"publish","type":"page","link":"https:\/\/gronau-inside.de\/en\/plan-a-visit\/faq","title":{"rendered":"FAQ"},"content":{"rendered":"\t\t<div data-elementor-type=\"wp-page\" data-elementor-id=\"7240\" class=\"elementor elementor-7240 elementor-2876\" data-elementor-post-type=\"page\">\n\t\t\t\t\t\t<section class=\"elementor-section elementor-top-section elementor-element elementor-element-fb7a306 elementor-section-boxed elementor-section-height-default elementor-section-height-default\" data-id=\"fb7a306\" data-element_type=\"section\" data-e-type=\"section\" data-settings=\"{&quot;jet_parallax_layout_list&quot;:[{&quot;jet_parallax_layout_image&quot;:{&quot;url&quot;:&quot;&quot;,&quot;id&quot;:&quot;&quot;,&quot;size&quot;:&quot;&quot;},&quot;_id&quot;:&quot;f41c561&quot;,&quot;jet_parallax_layout_image_tablet&quot;:{&quot;url&quot;:&quot;&quot;,&quot;id&quot;:&quot;&quot;,&quot;size&quot;:&quot;&quot;},&quot;jet_parallax_layout_image_mobile&quot;:{&quot;url&quot;:&quot;&quot;,&quot;id&quot;:&quot;&quot;,&quot;size&quot;:&quot;&quot;},&quot;jet_parallax_layout_speed&quot;:{&quot;unit&quot;:&quot;%&quot;,&quot;size&quot;:50,&quot;sizes&quot;:[]},&quot;jet_parallax_layout_type&quot;:&quot;scroll&quot;,&quot;jet_parallax_layout_direction&quot;:&quot;1&quot;,&quot;jet_parallax_layout_fx_direction&quot;:null,&quot;jet_parallax_layout_z_index&quot;:&quot;&quot;,&quot;jet_parallax_layout_bg_x&quot;:50,&quot;jet_parallax_layout_bg_x_tablet&quot;:&quot;&quot;,&quot;jet_parallax_layout_bg_x_mobile&quot;:&quot;&quot;,&quot;jet_parallax_layout_bg_y&quot;:50,&quot;jet_parallax_layout_bg_y_tablet&quot;:&quot;&quot;,&quot;jet_parallax_layout_bg_y_mobile&quot;:&quot;&quot;,&quot;jet_parallax_layout_bg_size&quot;:&quot;auto&quot;,&quot;jet_parallax_layout_bg_size_tablet&quot;:&quot;&quot;,&quot;jet_parallax_layout_bg_size_mobile&quot;:&quot;&quot;,&quot;jet_parallax_layout_animation_prop&quot;:&quot;transform&quot;,&quot;jet_parallax_layout_on&quot;:[&quot;desktop&quot;,&quot;tablet&quot;]}],&quot;ekit_has_onepagescroll_dot&quot;:&quot;yes&quot;}\">\n\t\t\t\t\t\t<div class=\"elementor-container elementor-column-gap-default\">\n\t\t\t\t\t<div class=\"elementor-column elementor-col-100 elementor-top-column elementor-element elementor-element-3eaea65\" data-id=\"3eaea65\" data-element_type=\"column\" data-e-type=\"column\" data-settings=\"{&quot;background_background&quot;:&quot;classic&quot;}\">\n\t\t\t<div class=\"elementor-widget-wrap elementor-element-populated\">\n\t\t\t\t\t\t<div class=\"elementor-element elementor-element-d7314f1 elementor-widget elementor-widget-heading\" data-id=\"d7314f1\" data-element_type=\"widget\" data-e-type=\"widget\" data-settings=\"{&quot;ekit_we_effect_on&quot;:&quot;none&quot;}\" data-widget_type=\"heading.default\">\n\t\t\t\t<div class=\"elementor-widget-container\">\n\t\t\t\t\t<h1 class=\"elementor-heading-title elementor-size-default\">Frequently asked questions - FAQ<\/h1>\t\t\t\t<\/div>\n\t\t\t\t<\/div>\n\t\t\t\t<div class=\"elementor-element elementor-element-3d31b32 elementor-widget-divider--view-line elementor-widget elementor-widget-divider\" data-id=\"3d31b32\" data-element_type=\"widget\" data-e-type=\"widget\" data-settings=\"{&quot;ekit_we_effect_on&quot;:&quot;none&quot;}\" data-widget_type=\"divider.default\">\n\t\t\t\t<div class=\"elementor-widget-container\">\n\t\t\t\t\t\t\t<div class=\"elementor-divider\">\n\t\t\t<span class=\"elementor-divider-separator\">\n\t\t\t\t\t\t<\/span>\n\t\t<\/div>\n\t\t\t\t\t\t<\/div>\n\t\t\t\t<\/div>\n\t\t\t\t<div class=\"elementor-element elementor-element-ce56836 elementor-widget elementor-widget-spacer\" data-id=\"ce56836\" data-element_type=\"widget\" data-e-type=\"widget\" data-settings=\"{&quot;ekit_we_effect_on&quot;:&quot;none&quot;}\" data-widget_type=\"spacer.default\">\n\t\t\t\t<div class=\"elementor-widget-container\">\n\t\t\t\t\t\t\t<div class=\"elementor-spacer\">\n\t\t\t<div class=\"elementor-spacer-inner\"><\/div>\n\t\t<\/div>\n\t\t\t\t\t\t<\/div>\n\t\t\t\t<\/div>\n\t\t\t\t<div class=\"elementor-element elementor-element-cecfcfe elementor-widget elementor-widget-elementskit-faq\" data-id=\"cecfcfe\" data-element_type=\"widget\" data-e-type=\"widget\" data-settings=\"{&quot;ekit_we_effect_on&quot;:&quot;none&quot;}\" data-widget_type=\"elementskit-faq.default\">\n\t\t\t\t<div class=\"elementor-widget-container\">\n\t\t\t\t\t<div class=\"ekit-wid-con\" >\n                <div class=\"elementskit-single-faq elementor-repeater-item-5d070a7\">\n            <div class=\"elementskit-faq-header\">\n                <h2 class=\"elementskit-faq-title\">Darf man auf dem Dreil\u00e4ndersee ohne Genehmigung mit einem Kajak fahren?<\/h2>\n            <\/div>\n            <div class=\"elementskit-faq-body\">\n                Um auf dem See Kajak zu fahren, wird keine Genehmigung ben\u00f6tigt.            <\/div>\n        <\/div>\n                <div class=\"elementskit-single-faq elementor-repeater-item-321dbae\">\n            <div class=\"elementskit-faq-header\">\n                <h2 class=\"elementskit-faq-title\">Wo gibt es in Gronau \u00f6ffentliche Toiletten? <\/h2>\n            <\/div>\n            <div class=\"elementskit-faq-body\">\n                Viele Gronauer Hoteliers und Gastronomen stellen ihre Toiletten \u00f6ffentlich zur Verf\u00fcgung. Euer Vorteil: Saubere und gut ausgestattete \u00d6rtchen in City-Lage und Umgebung. Eine Auflistung findet ihr <a href=\"https:\/\/gronau-inside.de\/besuch-planen\/praktischeinformationen\/nette-toilette\">hier<\/a>.            <\/div>\n        <\/div>\n                <div class=\"elementskit-single-faq elementor-repeater-item-d774095\">\n            <div class=\"elementskit-faq-header\">\n                <h2 class=\"elementskit-faq-title\">Wo erhalte ich einen Dauerparkausweis f\u00fcr den Dreil\u00e4ndersee?<\/h2>\n            <\/div>\n            <div class=\"elementskit-faq-body\">\n                Einen Dauerparkausweis f\u00fcr den Dreil\u00e4ndersee erhaltet ihr bei uns in der Touristinfo an der Konrad-Adenauer-Stra\u00dfe 45. Alternativ k\u00f6nnt ihr den Parkausweis auch in  unserem Onlineshop bestellen. Der Parkausweis ist f\u00fcr Mitglieder des Angelvereins Flossweg kostenfrei, f\u00fcr Mitglieder des ADAC oder eines Verein in Gronau kostet dieser 20 \u20ac und sonst 30 \u20ac.            <\/div>\n        <\/div>\n                <div class=\"elementskit-single-faq elementor-repeater-item-8cf5914\">\n            <div class=\"elementskit-faq-header\">\n                <h2 class=\"elementskit-faq-title\">Darf ich mit einem motorbetriebenen Wasserfahrzeug auf dem Dreil\u00e4ndersee fahren?<\/h2>\n            <\/div>\n            <div class=\"elementskit-faq-body\">\n                Leider sind laut Seeordnung motorbetriebe Wasserfahrzeuge, mit Ausnahme zur Sicherung des Wassersports, nicht erlaubt.            <\/div>\n        <\/div>\n                <div class=\"elementskit-single-faq elementor-repeater-item-e053d52\">\n            <div class=\"elementskit-faq-header\">\n                <h2 class=\"elementskit-faq-title\">Wo kann man in Gronau grillen? <\/h2>\n            <\/div>\n            <div class=\"elementskit-faq-body\">\n                In Gronau gibt es eine \u00f6ffentliche Grillstelle im Familiengarten am Sch\u00fcrblick.\nAuf \u00fcbrigen \u00f6ffentlichen Fl\u00e4chen (z.B. Stadtpark, Dreil\u00e4ndersee, Eper Park oder LAGA-Gel\u00e4nde) ist das Grillen aufgrund der Brandgefahr sowie mit Blick auf den Immissionsschutz nicht erlaubt.             <\/div>\n        <\/div>\n                <div class=\"elementskit-single-faq elementor-repeater-item-bcfe06d\">\n            <div class=\"elementskit-faq-header\">\n                <h2 class=\"elementskit-faq-title\">Darf man am Dreil\u00e4ndersee mit seinem Hund schwimmen gehen?<\/h2>\n            <\/div>\n            <div class=\"elementskit-faq-body\">\n                Hunden ist es nicht gestattet im Dreil\u00e4ndersee zu schwimmen. Zus\u00e4tzlich gilt vor Ort eine Leinenpflicht.            <\/div>\n        <\/div>\n                \n    <\/div>\t\t\t\t<\/div>\n\t\t\t\t<\/div>\n\t\t\t\t\t<\/div>\n\t\t<\/div>\n\t\t\t\t\t<\/div>\n\t\t<\/section>\n\t\t\t\t<\/div>\n\t\t","protected":false},"excerpt":{"rendered":"<p>Frequently asked questions &#8211; FAQ Darf man auf dem Dreil\u00e4ndersee ohne Genehmigung mit einem Kajak fahren? Um auf dem See Kajak zu fahren, wird keine Genehmigung ben\u00f6tigt. Wo gibt es [&hellip;]<\/p>\n","protected":false},"author":2,"featured_media":0,"parent":7530,"menu_order":2,"comment_status":"closed","ping_status":"closed","template":"","meta":{"_acf_changed":false,"_price":"","_stock":"","_tribe_ticket_header":"","_tribe_default_ticket_provider":"","_tribe_ticket_capacity":"0","_ticket_start_date":"","_ticket_end_date":"","_tribe_ticket_show_description":"","_tribe_ticket_show_not_going":false,"_tribe_ticket_use_global_stock":"","_tribe_ticket_global_stock_level":"","_global_stock_mode":"","_global_stock_cap":"","_tribe_rsvp_for_event":"","_tribe_ticket_going_count":"","_tribe_ticket_not_going_count":"","_tribe_tickets_list":"[]","_tribe_ticket_has_attendee_info_fields":false,"footnotes":"","_tec_slr_enabled":"","_tec_slr_layout":""},"class_list":["post-7240","page","type-page","status-publish","hentry"],"acf":[],"yoast_head":"<!-- This site is optimized with the Yoast SEO plugin v27.4 - https:\/\/yoast.com\/product\/yoast-seo-wordpress\/ -->\n<title>FAQ - Gronau Inside<\/title>\n<meta name=\"robots\" content=\"index, follow, max-snippet:-1, max-image-preview:large, max-video-preview:-1\" \/>\n<link rel=\"canonical\" href=\"https:\/\/gronau-inside.de\/en\/plan-a-visit\/faq\" \/>\n<meta property=\"og:locale\" content=\"en_US\" \/>\n<meta property=\"og:type\" content=\"article\" \/>\n<meta property=\"og:title\" content=\"FAQ - Gronau Inside\" \/>\n<meta property=\"og:description\" content=\"Frequently asked questions &#8211; FAQ Darf man auf dem Dreil\u00e4ndersee ohne Genehmigung mit einem Kajak fahren? Um auf dem See Kajak zu fahren, wird keine Genehmigung ben\u00f6tigt. Wo gibt es [&hellip;]\" \/>\n<meta property=\"og:url\" content=\"https:\/\/gronau-inside.de\/en\/plan-a-visit\/faq\" \/>\n<meta property=\"og:site_name\" content=\"Gronau Inside\" \/>\n<meta property=\"article:modified_time\" content=\"2024-10-09T10:13:06+00:00\" \/>\n<meta name=\"twitter:card\" content=\"summary_large_image\" \/>\n<meta name=\"twitter:label1\" content=\"Est. reading time\" \/>\n\t<meta name=\"twitter:data1\" content=\"1 minute\" \/>\n<script type=\"application\/ld+json\" class=\"yoast-schema-graph\">{\"@context\":\"https:\\\/\\\/schema.org\",\"@graph\":[{\"@type\":\"WebPage\",\"@id\":\"https:\\\/\\\/gronau-inside.de\\\/en\\\/plan-a-visit\\\/faq\",\"url\":\"https:\\\/\\\/gronau-inside.de\\\/en\\\/plan-a-visit\\\/faq\",\"name\":\"FAQ - Gronau Inside\",\"isPartOf\":{\"@id\":\"https:\\\/\\\/gronau-inside.de\\\/en#website\"},\"datePublished\":\"2021-05-17T15:18:04+00:00\",\"dateModified\":\"2024-10-09T10:13:06+00:00\",\"breadcrumb\":{\"@id\":\"https:\\\/\\\/gronau-inside.de\\\/en\\\/plan-a-visit\\\/faq#breadcrumb\"},\"inLanguage\":\"en-US\",\"potentialAction\":[{\"@type\":\"ReadAction\",\"target\":[\"https:\\\/\\\/gronau-inside.de\\\/en\\\/plan-a-visit\\\/faq\"]}]},{\"@type\":\"BreadcrumbList\",\"@id\":\"https:\\\/\\\/gronau-inside.de\\\/en\\\/plan-a-visit\\\/faq#breadcrumb\",\"itemListElement\":[{\"@type\":\"ListItem\",\"position\":1,\"name\":\"Startseite\",\"item\":\"https:\\\/\\\/gronau-inside.de\\\/en\\\/home-page\"},{\"@type\":\"ListItem\",\"position\":2,\"name\":\"Plan a visit\",\"item\":\"https:\\\/\\\/gronau-inside.de\\\/en\\\/besuch-planen\"},{\"@type\":\"ListItem\",\"position\":3,\"name\":\"FAQ\"}]},{\"@type\":\"WebSite\",\"@id\":\"https:\\\/\\\/gronau-inside.de\\\/en#website\",\"url\":\"https:\\\/\\\/gronau-inside.de\\\/en\",\"name\":\"Gronau Inside\",\"description\":\"Musikstadt im Gr\u00fcnen\",\"publisher\":{\"@id\":\"https:\\\/\\\/gronau-inside.de\\\/en#organization\"},\"potentialAction\":[{\"@type\":\"SearchAction\",\"target\":{\"@type\":\"EntryPoint\",\"urlTemplate\":\"https:\\\/\\\/gronau-inside.de\\\/en?s={search_term_string}\"},\"query-input\":{\"@type\":\"PropertyValueSpecification\",\"valueRequired\":true,\"valueName\":\"search_term_string\"}}],\"inLanguage\":\"en-US\"},{\"@type\":\"Organization\",\"@id\":\"https:\\\/\\\/gronau-inside.de\\\/en#organization\",\"name\":\"Gronau Inside\",\"url\":\"https:\\\/\\\/gronau-inside.de\\\/en\",\"logo\":{\"@type\":\"ImageObject\",\"inLanguage\":\"en-US\",\"@id\":\"https:\\\/\\\/gronau-inside.de\\\/en#\\\/schema\\\/logo\\\/image\\\/\",\"url\":\"https:\\\/\\\/gronau-inside.de\\\/wp-content\\\/uploads\\\/2020\\\/10\\\/01_gronau-logo_weissaufweiss_Schriftzug-1.png\",\"contentUrl\":\"https:\\\/\\\/gronau-inside.de\\\/wp-content\\\/uploads\\\/2020\\\/10\\\/01_gronau-logo_weissaufweiss_Schriftzug-1.png\",\"width\":254,\"height\":246,\"caption\":\"Gronau Inside\"},\"image\":{\"@id\":\"https:\\\/\\\/gronau-inside.de\\\/en#\\\/schema\\\/logo\\\/image\\\/\"}}]}<\/script>\n<!-- \/ Yoast SEO plugin. -->","yoast_head_json":{"title":"FAQ - Gronau Inside","robots":{"index":"index","follow":"follow","max-snippet":"max-snippet:-1","max-image-preview":"max-image-preview:large","max-video-preview":"max-video-preview:-1"},"canonical":"https:\/\/gronau-inside.de\/en\/plan-a-visit\/faq","og_locale":"en_US","og_type":"article","og_title":"FAQ - Gronau Inside","og_description":"Frequently asked questions &#8211; FAQ Darf man auf dem Dreil\u00e4ndersee ohne Genehmigung mit einem Kajak fahren? Um auf dem See Kajak zu fahren, wird keine Genehmigung ben\u00f6tigt. Wo gibt es [&hellip;]","og_url":"https:\/\/gronau-inside.de\/en\/plan-a-visit\/faq","og_site_name":"Gronau Inside","article_modified_time":"2024-10-09T10:13:06+00:00","twitter_card":"summary_large_image","twitter_misc":{"Est. reading time":"1 minute"},"schema":{"@context":"https:\/\/schema.org","@graph":[{"@type":"WebPage","@id":"https:\/\/gronau-inside.de\/en\/plan-a-visit\/faq","url":"https:\/\/gronau-inside.de\/en\/plan-a-visit\/faq","name":"FAQ - Gronau Inside","isPartOf":{"@id":"https:\/\/gronau-inside.de\/en#website"},"datePublished":"2021-05-17T15:18:04+00:00","dateModified":"2024-10-09T10:13:06+00:00","breadcrumb":{"@id":"https:\/\/gronau-inside.de\/en\/plan-a-visit\/faq#breadcrumb"},"inLanguage":"en-US","potentialAction":[{"@type":"ReadAction","target":["https:\/\/gronau-inside.de\/en\/plan-a-visit\/faq"]}]},{"@type":"BreadcrumbList","@id":"https:\/\/gronau-inside.de\/en\/plan-a-visit\/faq#breadcrumb","itemListElement":[{"@type":"ListItem","position":1,"name":"Startseite","item":"https:\/\/gronau-inside.de\/en\/home-page"},{"@type":"ListItem","position":2,"name":"Plan a visit","item":"https:\/\/gronau-inside.de\/en\/besuch-planen"},{"@type":"ListItem","position":3,"name":"FAQ"}]},{"@type":"WebSite","@id":"https:\/\/gronau-inside.de\/en#website","url":"https:\/\/gronau-inside.de\/en","name":"Gronau Inside","description":"Musikstadt im Gr\u00fcnen","publisher":{"@id":"https:\/\/gronau-inside.de\/en#organization"},"potentialAction":[{"@type":"SearchAction","target":{"@type":"EntryPoint","urlTemplate":"https:\/\/gronau-inside.de\/en?s={search_term_string}"},"query-input":{"@type":"PropertyValueSpecification","valueRequired":true,"valueName":"search_term_string"}}],"inLanguage":"en-US"},{"@type":"Organization","@id":"https:\/\/gronau-inside.de\/en#organization","name":"Gronau Inside","url":"https:\/\/gronau-inside.de\/en","logo":{"@type":"ImageObject","inLanguage":"en-US","@id":"https:\/\/gronau-inside.de\/en#\/schema\/logo\/image\/","url":"https:\/\/gronau-inside.de\/wp-content\/uploads\/2020\/10\/01_gronau-logo_weissaufweiss_Schriftzug-1.png","contentUrl":"https:\/\/gronau-inside.de\/wp-content\/uploads\/2020\/10\/01_gronau-logo_weissaufweiss_Schriftzug-1.png","width":254,"height":246,"caption":"Gronau Inside"},"image":{"@id":"https:\/\/gronau-inside.de\/en#\/schema\/logo\/image\/"}}]}},"ticketed":false,"_links":{"self":[{"href":"https:\/\/gronau-inside.de\/en\/wp-json\/wp\/v2\/pages\/7240","targetHints":{"allow":["GET"]}}],"collection":[{"href":"https:\/\/gronau-inside.de\/en\/wp-json\/wp\/v2\/pages"}],"about":[{"href":"https:\/\/gronau-inside.de\/en\/wp-json\/wp\/v2\/types\/page"}],"author":[{"embeddable":true,"href":"https:\/\/gronau-inside.de\/en\/wp-json\/wp\/v2\/users\/2"}],"replies":[{"embeddable":true,"href":"https:\/\/gronau-inside.de\/en\/wp-json\/wp\/v2\/comments?post=7240"}],"version-history":[{"count":0,"href":"https:\/\/gronau-inside.de\/en\/wp-json\/wp\/v2\/pages\/7240\/revisions"}],"up":[{"embeddable":true,"href":"https:\/\/gronau-inside.de\/en\/wp-json\/wp\/v2\/pages\/7530"}],"wp:attachment":[{"href":"https:\/\/gronau-inside.de\/en\/wp-json\/wp\/v2\/media?parent=7240"}],"curies":[{"name":"wp","href":"https:\/\/api.w.org\/{rel}","templated":true}]}}