{"id":7360,"date":"2021-05-17T17:23:10","date_gmt":"2021-05-17T15:23:10","guid":{"rendered":"https:\/\/gronau-inside.heska.mp\/home-page\/imprint\/"},"modified":"2025-07-24T16:30:08","modified_gmt":"2025-07-24T14:30:08","slug":"imprint","status":"publish","type":"page","link":"https:\/\/gronau-inside.de\/en\/home-page\/imprint","title":{"rendered":"Imprint"},"content":{"rendered":"\t\t<div data-elementor-type=\"wp-page\" data-elementor-id=\"7360\" class=\"elementor elementor-7360 elementor-2269\" data-elementor-post-type=\"page\">\n\t\t\t\t\t\t<section class=\"elementor-section elementor-top-section elementor-element elementor-element-51f4828 elementor-section-boxed elementor-section-height-default elementor-section-height-default\" data-id=\"51f4828\" data-element_type=\"section\" data-e-type=\"section\" data-settings=\"{&quot;jet_parallax_layout_list&quot;:[{&quot;jet_parallax_layout_image&quot;:{&quot;url&quot;:&quot;&quot;,&quot;id&quot;:&quot;&quot;,&quot;size&quot;:&quot;&quot;},&quot;_id&quot;:&quot;f41c561&quot;,&quot;jet_parallax_layout_image_tablet&quot;:{&quot;url&quot;:&quot;&quot;,&quot;id&quot;:&quot;&quot;,&quot;size&quot;:&quot;&quot;},&quot;jet_parallax_layout_image_mobile&quot;:{&quot;url&quot;:&quot;&quot;,&quot;id&quot;:&quot;&quot;,&quot;size&quot;:&quot;&quot;},&quot;jet_parallax_layout_speed&quot;:{&quot;unit&quot;:&quot;%&quot;,&quot;size&quot;:50,&quot;sizes&quot;:[]},&quot;jet_parallax_layout_type&quot;:&quot;scroll&quot;,&quot;jet_parallax_layout_direction&quot;:&quot;1&quot;,&quot;jet_parallax_layout_fx_direction&quot;:null,&quot;jet_parallax_layout_z_index&quot;:&quot;&quot;,&quot;jet_parallax_layout_bg_x&quot;:50,&quot;jet_parallax_layout_bg_x_tablet&quot;:&quot;&quot;,&quot;jet_parallax_layout_bg_x_mobile&quot;:&quot;&quot;,&quot;jet_parallax_layout_bg_y&quot;:50,&quot;jet_parallax_layout_bg_y_tablet&quot;:&quot;&quot;,&quot;jet_parallax_layout_bg_y_mobile&quot;:&quot;&quot;,&quot;jet_parallax_layout_bg_size&quot;:&quot;auto&quot;,&quot;jet_parallax_layout_bg_size_tablet&quot;:&quot;&quot;,&quot;jet_parallax_layout_bg_size_mobile&quot;:&quot;&quot;,&quot;jet_parallax_layout_animation_prop&quot;:&quot;transform&quot;,&quot;jet_parallax_layout_on&quot;:[&quot;desktop&quot;,&quot;tablet&quot;]}],&quot;ekit_has_onepagescroll_dot&quot;:&quot;yes&quot;}\">\n\t\t\t\t\t\t<div class=\"elementor-container elementor-column-gap-default\">\n\t\t\t\t\t<div class=\"elementor-column elementor-col-100 elementor-top-column elementor-element elementor-element-da6eb1d\" data-id=\"da6eb1d\" data-element_type=\"column\" data-e-type=\"column\" data-settings=\"{&quot;background_background&quot;:&quot;classic&quot;}\">\n\t\t\t<div class=\"elementor-widget-wrap elementor-element-populated\">\n\t\t\t\t\t\t<div class=\"elementor-element elementor-element-395e5d6 elementor-widget elementor-widget-heading\" data-id=\"395e5d6\" data-element_type=\"widget\" data-e-type=\"widget\" data-settings=\"{&quot;ekit_we_effect_on&quot;:&quot;none&quot;}\" data-widget_type=\"heading.default\">\n\t\t\t\t<div class=\"elementor-widget-container\">\n\t\t\t\t\t<h2 class=\"elementor-heading-title elementor-size-default\">Imprint<\/h2>\t\t\t\t<\/div>\n\t\t\t\t<\/div>\n\t\t\t\t<div class=\"elementor-element elementor-element-5e617f7 elementor-widget-divider--view-line elementor-widget elementor-widget-divider\" data-id=\"5e617f7\" data-element_type=\"widget\" data-e-type=\"widget\" data-settings=\"{&quot;ekit_we_effect_on&quot;:&quot;none&quot;}\" data-widget_type=\"divider.default\">\n\t\t\t\t<div class=\"elementor-widget-container\">\n\t\t\t\t\t\t\t<div class=\"elementor-divider\">\n\t\t\t<span class=\"elementor-divider-separator\">\n\t\t\t\t\t\t<\/span>\n\t\t<\/div>\n\t\t\t\t\t\t<\/div>\n\t\t\t\t<\/div>\n\t\t\t\t<div class=\"elementor-element elementor-element-741c122 elementor-widget elementor-widget-text-editor\" data-id=\"741c122\" data-element_type=\"widget\" data-e-type=\"widget\" data-settings=\"{&quot;ekit_we_effect_on&quot;:&quot;none&quot;}\" data-widget_type=\"text-editor.default\">\n\t\t\t\t<div class=\"elementor-widget-container\">\n\t\t\t\t\t\t\t\t\t<p>Kulturb\u00fcro Gronau GmbH<br>Bahnhofstra\u00dfe 43<br>48599 Gronau<\/p><p><strong>Represented by<\/strong><br>Gesellschaft mit beschr\u00e4nkter Haftung, GmbH; represented by the Managing Director Thomas Albers<br>Chairwoman of the Supervisory Board: Marita Wagner<br>Responsible for content:<br>Managing Director Thomas Albers<\/p><p><strong>Contact<\/strong><br>Telephone: (02562) 71870<br>Fax: (02562) 718722<br>E-mail: info@kulturbuero-gronau.de<br>Register entry<br>Register court: Coesfeld Local Court<br>Register number: B 6161<\/p><p><strong>Tax numbers<\/strong><br>Value added tax identification number in accordance with \u00a727 a of the Value Added Tax Act: DE 225 174 339<br>Tax number: 301\/5871\/0656 <br>Details of professional indemnity insurance<\/p><p>PROVINZIAL<br>Office M. B\u00fcrse-Hanning &amp; Hohensee GbR<br>Kircheninsel 3<br>48599 Gronau<\/p><p>GVV-Kommunalversicherung VVaG<br>Aachener Str. 952-958<br>50933 Cologne<\/p><p><strong>Disclaimer<\/strong><br><strong>Liability for content<\/strong><br>The content of our website has been created with the utmost care. However, we cannot assume any liability for the correctness, completeness and topicality of the contents. As a service provider we are according to \u00a7 7 Abs.1 TMG is responsible for its own contents on these pages according to the general laws. According to \u00a7\u00a7 8 to 10 TMG we are not obliged to monitor transmitted or stored information or to investigate circumstances that indicate illegal activity. Obligations to remove or block the use of information according to general laws remain unaffected. However, liability in this respect is only possible from the time of knowledge of a concrete infringement. If we become aware of any such infringements, we will remove these contents immediately.<\/p><p><strong>Liability for links<\/strong><br>Our website contains links to external third-party websites over whose content we have no influence. Therefore we cannot assume any liability for these external contents. The respective provider or operator of the sites is always responsible for the content of the linked sites. The linked pages were checked for possible legal violations at the time of linking. Illegal contents were not recognizable at the time of linking. However, a permanent control of the contents of the linked pages is not reasonable without concrete evidence of a violation of the law. If we become aware of any infringements, we will remove such links immediately.<\/p><p><strong>Copyright<\/strong><br>The content and works created by the site operators on these pages are subject to German copyright law. The duplication, processing, distribution and any kind of utilization outside the limits of copyright law require the written consent of the respective author or creator. Downloads and copies of these pages are only permitted for private, non-commercial use. Insofar as the content on this site was not created by the operator, the copyrights of third parties are respected. In particular, third-party content is identified as such. Should you nevertheless become aware of a copyright infringement, we ask you to inform us accordingly. If we become aware of any infringements, we will remove such contents immediately.<\/p><p><strong>Data protection<\/strong><br>It is generally possible to use our website without providing personal data. As far as on our sides personal data (for example name, address or email addresses) are raised, this takes place, as far as possible, always on voluntary basis. This data will not be passed on to third parties without your express consent. We would like to point out that data transmission on the Internet (e.g. communication by e-mail) can have security gaps. A complete protection of the data against access by third parties is not possible. The use of contact data published within the framework of the imprint obligation by third parties for the purpose of sending advertising and information material not expressly requested is hereby expressly prohibited. The operators of the pages expressly reserve the right to take legal action in the event of the unsolicited sending of advertising information, such as spam mails.<\/p><p>And yet the heart of the city beats especially for music &#8211; Gronau is and remains the city of music in the countryside.<\/p><p><strong>Realization<\/strong><br><a href=\"https:\/\/heskamp-medien.de\" target=\"_blank\" rel=\"noopener\">Heskamp Medien GmbH<\/a><\/p>\t\t\t\t\t\t\t\t<\/div>\n\t\t\t\t<\/div>\n\t\t\t\t\t<\/div>\n\t\t<\/div>\n\t\t\t\t\t<\/div>\n\t\t<\/section>\n\t\t\t\t<\/div>\n\t\t","protected":false},"excerpt":{"rendered":"<p>Imprint Kulturb\u00fcro Gronau GmbHBahnhofstra\u00dfe 4348599 Gronau Represented byGesellschaft mit beschr\u00e4nkter Haftung, GmbH; represented by the Managing Director Thomas AlbersChairwoman of the Supervisory Board: Marita WagnerResponsible for content:Managing Director Thomas Albers [&hellip;]<\/p>\n","protected":false},"author":2,"featured_media":0,"parent":6682,"menu_order":1,"comment_status":"closed","ping_status":"closed","template":"","meta":{"_acf_changed":false,"_price":"","_stock":"","_tribe_ticket_header":"","_tribe_default_ticket_provider":"","_tribe_ticket_capacity":"0","_ticket_start_date":"","_ticket_end_date":"","_tribe_ticket_show_description":"","_tribe_ticket_show_not_going":false,"_tribe_ticket_use_global_stock":"","_tribe_ticket_global_stock_level":"","_global_stock_mode":"","_global_stock_cap":"","_tribe_rsvp_for_event":"","_tribe_ticket_going_count":"","_tribe_ticket_not_going_count":"","_tribe_tickets_list":"[]","_tribe_ticket_has_attendee_info_fields":false,"footnotes":"","_tec_slr_enabled":"","_tec_slr_layout":""},"class_list":["post-7360","page","type-page","status-publish","hentry"],"acf":[],"yoast_head":"<!-- This site is optimized with the Yoast SEO plugin v27.3 - https:\/\/yoast.com\/product\/yoast-seo-wordpress\/ -->\n<title>Imprint - Gronau Inside<\/title>\n<meta name=\"robots\" content=\"index, follow, max-snippet:-1, max-image-preview:large, max-video-preview:-1\" \/>\n<link rel=\"canonical\" href=\"https:\/\/gronau-inside.de\/en\/home-page\/imprint\" \/>\n<meta property=\"og:locale\" content=\"en_US\" \/>\n<meta property=\"og:type\" content=\"article\" \/>\n<meta property=\"og:title\" content=\"Imprint - Gronau Inside\" \/>\n<meta property=\"og:description\" content=\"Imprint Kulturb\u00fcro Gronau GmbHBahnhofstra\u00dfe 4348599 Gronau Represented byGesellschaft mit beschr\u00e4nkter Haftung, GmbH; represented by the Managing Director Thomas AlbersChairwoman of the Supervisory Board: Marita WagnerResponsible for content:Managing Director Thomas Albers [&hellip;]\" \/>\n<meta property=\"og:url\" content=\"https:\/\/gronau-inside.de\/en\/home-page\/imprint\" \/>\n<meta property=\"og:site_name\" content=\"Gronau Inside\" \/>\n<meta property=\"article:modified_time\" content=\"2025-07-24T14:30:08+00:00\" \/>\n<meta name=\"twitter:card\" content=\"summary_large_image\" \/>\n<meta name=\"twitter:label1\" content=\"Est. reading time\" \/>\n\t<meta name=\"twitter:data1\" content=\"3 minutes\" \/>\n<script type=\"application\/ld+json\" class=\"yoast-schema-graph\">{\"@context\":\"https:\\\/\\\/schema.org\",\"@graph\":[{\"@type\":\"WebPage\",\"@id\":\"https:\\\/\\\/gronau-inside.de\\\/en\\\/home-page\\\/imprint\",\"url\":\"https:\\\/\\\/gronau-inside.de\\\/en\\\/home-page\\\/imprint\",\"name\":\"Imprint - Gronau Inside\",\"isPartOf\":{\"@id\":\"https:\\\/\\\/gronau-inside.de\\\/en#website\"},\"datePublished\":\"2021-05-17T15:23:10+00:00\",\"dateModified\":\"2025-07-24T14:30:08+00:00\",\"breadcrumb\":{\"@id\":\"https:\\\/\\\/gronau-inside.de\\\/en\\\/home-page\\\/imprint#breadcrumb\"},\"inLanguage\":\"en-US\",\"potentialAction\":[{\"@type\":\"ReadAction\",\"target\":[\"https:\\\/\\\/gronau-inside.de\\\/en\\\/home-page\\\/imprint\"]}]},{\"@type\":\"BreadcrumbList\",\"@id\":\"https:\\\/\\\/gronau-inside.de\\\/en\\\/home-page\\\/imprint#breadcrumb\",\"itemListElement\":[{\"@type\":\"ListItem\",\"position\":1,\"name\":\"Startseite\",\"item\":\"https:\\\/\\\/gronau-inside.de\\\/en\\\/home-page\"},{\"@type\":\"ListItem\",\"position\":2,\"name\":\"Home page\",\"item\":\"https:\\\/\\\/gronau-inside.de\\\/en\\\/home-page\"},{\"@type\":\"ListItem\",\"position\":3,\"name\":\"Imprint\"}]},{\"@type\":\"WebSite\",\"@id\":\"https:\\\/\\\/gronau-inside.de\\\/en#website\",\"url\":\"https:\\\/\\\/gronau-inside.de\\\/en\",\"name\":\"Gronau Inside\",\"description\":\"Musikstadt im Gr\u00fcnen\",\"publisher\":{\"@id\":\"https:\\\/\\\/gronau-inside.de\\\/en#organization\"},\"potentialAction\":[{\"@type\":\"SearchAction\",\"target\":{\"@type\":\"EntryPoint\",\"urlTemplate\":\"https:\\\/\\\/gronau-inside.de\\\/en?s={search_term_string}\"},\"query-input\":{\"@type\":\"PropertyValueSpecification\",\"valueRequired\":true,\"valueName\":\"search_term_string\"}}],\"inLanguage\":\"en-US\"},{\"@type\":\"Organization\",\"@id\":\"https:\\\/\\\/gronau-inside.de\\\/en#organization\",\"name\":\"Gronau Inside\",\"url\":\"https:\\\/\\\/gronau-inside.de\\\/en\",\"logo\":{\"@type\":\"ImageObject\",\"inLanguage\":\"en-US\",\"@id\":\"https:\\\/\\\/gronau-inside.de\\\/en#\\\/schema\\\/logo\\\/image\\\/\",\"url\":\"https:\\\/\\\/gronau-inside.de\\\/wp-content\\\/uploads\\\/2020\\\/10\\\/01_gronau-logo_weissaufweiss_Schriftzug-1.png\",\"contentUrl\":\"https:\\\/\\\/gronau-inside.de\\\/wp-content\\\/uploads\\\/2020\\\/10\\\/01_gronau-logo_weissaufweiss_Schriftzug-1.png\",\"width\":254,\"height\":246,\"caption\":\"Gronau Inside\"},\"image\":{\"@id\":\"https:\\\/\\\/gronau-inside.de\\\/en#\\\/schema\\\/logo\\\/image\\\/\"}}]}<\/script>\n<!-- \/ Yoast SEO plugin. -->","yoast_head_json":{"title":"Imprint - Gronau Inside","robots":{"index":"index","follow":"follow","max-snippet":"max-snippet:-1","max-image-preview":"max-image-preview:large","max-video-preview":"max-video-preview:-1"},"canonical":"https:\/\/gronau-inside.de\/en\/home-page\/imprint","og_locale":"en_US","og_type":"article","og_title":"Imprint - Gronau Inside","og_description":"Imprint Kulturb\u00fcro Gronau GmbHBahnhofstra\u00dfe 4348599 Gronau Represented byGesellschaft mit beschr\u00e4nkter Haftung, GmbH; represented by the Managing Director Thomas AlbersChairwoman of the Supervisory Board: Marita WagnerResponsible for content:Managing Director Thomas Albers [&hellip;]","og_url":"https:\/\/gronau-inside.de\/en\/home-page\/imprint","og_site_name":"Gronau Inside","article_modified_time":"2025-07-24T14:30:08+00:00","twitter_card":"summary_large_image","twitter_misc":{"Est. reading time":"3 minutes"},"schema":{"@context":"https:\/\/schema.org","@graph":[{"@type":"WebPage","@id":"https:\/\/gronau-inside.de\/en\/home-page\/imprint","url":"https:\/\/gronau-inside.de\/en\/home-page\/imprint","name":"Imprint - Gronau Inside","isPartOf":{"@id":"https:\/\/gronau-inside.de\/en#website"},"datePublished":"2021-05-17T15:23:10+00:00","dateModified":"2025-07-24T14:30:08+00:00","breadcrumb":{"@id":"https:\/\/gronau-inside.de\/en\/home-page\/imprint#breadcrumb"},"inLanguage":"en-US","potentialAction":[{"@type":"ReadAction","target":["https:\/\/gronau-inside.de\/en\/home-page\/imprint"]}]},{"@type":"BreadcrumbList","@id":"https:\/\/gronau-inside.de\/en\/home-page\/imprint#breadcrumb","itemListElement":[{"@type":"ListItem","position":1,"name":"Startseite","item":"https:\/\/gronau-inside.de\/en\/home-page"},{"@type":"ListItem","position":2,"name":"Home page","item":"https:\/\/gronau-inside.de\/en\/home-page"},{"@type":"ListItem","position":3,"name":"Imprint"}]},{"@type":"WebSite","@id":"https:\/\/gronau-inside.de\/en#website","url":"https:\/\/gronau-inside.de\/en","name":"Gronau Inside","description":"Musikstadt im Gr\u00fcnen","publisher":{"@id":"https:\/\/gronau-inside.de\/en#organization"},"potentialAction":[{"@type":"SearchAction","target":{"@type":"EntryPoint","urlTemplate":"https:\/\/gronau-inside.de\/en?s={search_term_string}"},"query-input":{"@type":"PropertyValueSpecification","valueRequired":true,"valueName":"search_term_string"}}],"inLanguage":"en-US"},{"@type":"Organization","@id":"https:\/\/gronau-inside.de\/en#organization","name":"Gronau Inside","url":"https:\/\/gronau-inside.de\/en","logo":{"@type":"ImageObject","inLanguage":"en-US","@id":"https:\/\/gronau-inside.de\/en#\/schema\/logo\/image\/","url":"https:\/\/gronau-inside.de\/wp-content\/uploads\/2020\/10\/01_gronau-logo_weissaufweiss_Schriftzug-1.png","contentUrl":"https:\/\/gronau-inside.de\/wp-content\/uploads\/2020\/10\/01_gronau-logo_weissaufweiss_Schriftzug-1.png","width":254,"height":246,"caption":"Gronau Inside"},"image":{"@id":"https:\/\/gronau-inside.de\/en#\/schema\/logo\/image\/"}}]}},"ticketed":false,"_links":{"self":[{"href":"https:\/\/gronau-inside.de\/en\/wp-json\/wp\/v2\/pages\/7360","targetHints":{"allow":["GET"]}}],"collection":[{"href":"https:\/\/gronau-inside.de\/en\/wp-json\/wp\/v2\/pages"}],"about":[{"href":"https:\/\/gronau-inside.de\/en\/wp-json\/wp\/v2\/types\/page"}],"author":[{"embeddable":true,"href":"https:\/\/gronau-inside.de\/en\/wp-json\/wp\/v2\/users\/2"}],"replies":[{"embeddable":true,"href":"https:\/\/gronau-inside.de\/en\/wp-json\/wp\/v2\/comments?post=7360"}],"version-history":[{"count":0,"href":"https:\/\/gronau-inside.de\/en\/wp-json\/wp\/v2\/pages\/7360\/revisions"}],"up":[{"embeddable":true,"href":"https:\/\/gronau-inside.de\/en\/wp-json\/wp\/v2\/pages\/6682"}],"wp:attachment":[{"href":"https:\/\/gronau-inside.de\/en\/wp-json\/wp\/v2\/media?parent=7360"}],"curies":[{"name":"wp","href":"https:\/\/api.w.org\/{rel}","templated":true}]}}