{"id":1066,"date":"2021-04-12T10:50:11","date_gmt":"2021-04-12T08:50:11","guid":{"rendered":"https:\/\/gronau-inside.heska.mp\/?post_type=product&#038;p=1066"},"modified":"2024-03-14T15:51:14","modified_gmt":"2024-03-14T14:51:14","slug":"gronau-retro-puzzle","status":"publish","type":"product","link":"https:\/\/gronau-inside.de\/en\/produkt\/gronau-retro-puzzle","title":{"rendered":"Gronau Retro-Puzzle"},"content":{"rendered":"","protected":false},"excerpt":{"rendered":"<p>Gronau St\u00fcck f\u00fcr St\u00fcck entdecken &#8211; Das Gronau-City-Puzzle ist da!<\/p>\n<p>Spiele und Puzzle sind aktuell so angesagt wie nie, besonders solche, die viel Zeit ben\u00f6tigen.<\/p>\n<p>500 Teile und ein Stadtplan, der einen zur Wei\u00dfglut bringen kann. Bei diesem tollen \u201eGronau-City-Puzzle\u201c wird nicht nur die Geduld eines jeden auf die Probe gestellt, sondern auch seine Ortskenntnisse von Gronau und Epe. Das Puzzle ist original nach dem FALK-Stadtplan entstanden und kann sich im Endformat von 48 x 36 cm wirklich sehen lassen.<\/p>\n<p><strong>Inklusive 19% MwSt<\/strong><\/p>\n","protected":false},"featured_media":1073,"template":"","meta":{"_acf_changed":false,"_price":"19.95","_stock":null,"_tribe_ticket_header":"","_tribe_default_ticket_provider":"","_tribe_ticket_capacity":"","_ticket_start_date":"","_ticket_end_date":"","_tribe_ticket_show_description":"","_tribe_ticket_show_not_going":false,"_tribe_ticket_use_global_stock":"","_tribe_ticket_global_stock_level":"","_global_stock_mode":"","_global_stock_cap":"","_tribe_rsvp_for_event":"","_tribe_ticket_going_count":"","_tribe_ticket_not_going_count":"","_tribe_tickets_list":"[]","_tribe_ticket_has_attendee_info_fields":false},"product_brand":[],"product_cat":[31],"product_tag":[],"class_list":{"0":"post-1066","1":"product","2":"type-product","3":"status-publish","4":"has-post-thumbnail","6":"product_cat-souvenirsundmerchandise","7":"product_shipping_class-paeckchen","9":"first","10":"instock","11":"taxable","12":"shipping-taxable","13":"purchasable","14":"product-type-simple"},"acf":[],"yoast_head":"<!-- This site is optimized with the Yoast SEO plugin v27.5 - https:\/\/yoast.com\/product\/yoast-seo-wordpress\/ -->\n<title>Gronau Retro-Puzzle - Gronau Inside<\/title>\n<meta name=\"robots\" content=\"index, follow, max-snippet:-1, max-image-preview:large, max-video-preview:-1\" \/>\n<link rel=\"canonical\" href=\"https:\/\/gronau-inside.de\/en\/produkt\/gronau-retro-puzzle\" \/>\n<meta property=\"og:locale\" content=\"en_US\" \/>\n<meta property=\"og:type\" content=\"article\" \/>\n<meta property=\"og:title\" content=\"Gronau Retro-Puzzle - Gronau Inside\" \/>\n<meta property=\"og:description\" content=\"Gronau St\u00fcck f\u00fcr St\u00fcck entdecken - Das Gronau-City-Puzzle ist da!  Spiele und Puzzle sind aktuell so angesagt wie nie, besonders solche, die viel Zeit ben\u00f6tigen.  500 Teile und ein Stadtplan, der einen zur Wei\u00dfglut bringen kann. Bei diesem tollen \u201eGronau-City-Puzzle\u201c wird nicht nur die Geduld eines jeden auf die Probe gestellt, sondern auch seine Ortskenntnisse von Gronau und Epe. Das Puzzle ist original nach dem FALK-Stadtplan entstanden und kann sich im Endformat von 48 x 36 cm wirklich sehen lassen.  Inklusive 19% MwSt\" \/>\n<meta property=\"og:url\" content=\"https:\/\/gronau-inside.de\/en\/produkt\/gronau-retro-puzzle\" \/>\n<meta property=\"og:site_name\" content=\"Gronau Inside\" \/>\n<meta property=\"article:modified_time\" content=\"2024-03-14T14:51:14+00:00\" \/>\n<meta property=\"og:image\" content=\"https:\/\/gronau-inside.de\/wp-content\/uploads\/2021\/04\/WhatsApp-Image-2021-03-22-at-12.48.10.jpeg\" \/>\n\t<meta property=\"og:image:width\" content=\"1200\" \/>\n\t<meta property=\"og:image:height\" content=\"1600\" \/>\n\t<meta property=\"og:image:type\" content=\"image\/jpeg\" \/>\n<meta name=\"twitter:card\" content=\"summary_large_image\" \/>\n<script type=\"application\/ld+json\" class=\"yoast-schema-graph\">{\"@context\":\"https:\\\/\\\/schema.org\",\"@graph\":[{\"@type\":\"WebPage\",\"@id\":\"https:\\\/\\\/gronau-inside.de\\\/en\\\/produkt\\\/gronau-retro-puzzle\",\"url\":\"https:\\\/\\\/gronau-inside.de\\\/en\\\/produkt\\\/gronau-retro-puzzle\",\"name\":\"Gronau Retro-Puzzle - Gronau Inside\",\"isPartOf\":{\"@id\":\"https:\\\/\\\/gronau-inside.de\\\/en#website\"},\"primaryImageOfPage\":{\"@id\":\"https:\\\/\\\/gronau-inside.de\\\/en\\\/produkt\\\/gronau-retro-puzzle#primaryimage\"},\"image\":{\"@id\":\"https:\\\/\\\/gronau-inside.de\\\/en\\\/produkt\\\/gronau-retro-puzzle#primaryimage\"},\"thumbnailUrl\":\"https:\\\/\\\/gronau-inside.de\\\/wp-content\\\/uploads\\\/2021\\\/04\\\/WhatsApp-Image-2021-03-22-at-12.48.10.jpeg\",\"datePublished\":\"2021-04-12T08:50:11+00:00\",\"dateModified\":\"2024-03-14T14:51:14+00:00\",\"breadcrumb\":{\"@id\":\"https:\\\/\\\/gronau-inside.de\\\/en\\\/produkt\\\/gronau-retro-puzzle#breadcrumb\"},\"inLanguage\":\"en-US\",\"potentialAction\":[{\"@type\":\"ReadAction\",\"target\":[\"https:\\\/\\\/gronau-inside.de\\\/en\\\/produkt\\\/gronau-retro-puzzle\"]}]},{\"@type\":\"ImageObject\",\"inLanguage\":\"en-US\",\"@id\":\"https:\\\/\\\/gronau-inside.de\\\/en\\\/produkt\\\/gronau-retro-puzzle#primaryimage\",\"url\":\"https:\\\/\\\/gronau-inside.de\\\/wp-content\\\/uploads\\\/2021\\\/04\\\/WhatsApp-Image-2021-03-22-at-12.48.10.jpeg\",\"contentUrl\":\"https:\\\/\\\/gronau-inside.de\\\/wp-content\\\/uploads\\\/2021\\\/04\\\/WhatsApp-Image-2021-03-22-at-12.48.10.jpeg\",\"width\":1200,\"height\":1600},{\"@type\":\"BreadcrumbList\",\"@id\":\"https:\\\/\\\/gronau-inside.de\\\/en\\\/produkt\\\/gronau-retro-puzzle#breadcrumb\",\"itemListElement\":[{\"@type\":\"ListItem\",\"position\":1,\"name\":\"Startseite\",\"item\":\"https:\\\/\\\/gronau-inside.de\\\/en\\\/home-page\"},{\"@type\":\"ListItem\",\"position\":2,\"name\":\"Shop\",\"item\":\"https:\\\/\\\/gronau-inside.de\\\/en\\\/shop\"},{\"@type\":\"ListItem\",\"position\":3,\"name\":\"Gronau Retro-Puzzle\"}]},{\"@type\":\"WebSite\",\"@id\":\"https:\\\/\\\/gronau-inside.de\\\/en#website\",\"url\":\"https:\\\/\\\/gronau-inside.de\\\/en\",\"name\":\"Gronau Inside\",\"description\":\"Musikstadt im Gr\u00fcnen\",\"publisher\":{\"@id\":\"https:\\\/\\\/gronau-inside.de\\\/en#organization\"},\"potentialAction\":[{\"@type\":\"SearchAction\",\"target\":{\"@type\":\"EntryPoint\",\"urlTemplate\":\"https:\\\/\\\/gronau-inside.de\\\/en?s={search_term_string}\"},\"query-input\":{\"@type\":\"PropertyValueSpecification\",\"valueRequired\":true,\"valueName\":\"search_term_string\"}}],\"inLanguage\":\"en-US\"},{\"@type\":\"Organization\",\"@id\":\"https:\\\/\\\/gronau-inside.de\\\/en#organization\",\"name\":\"Gronau Inside\",\"url\":\"https:\\\/\\\/gronau-inside.de\\\/en\",\"logo\":{\"@type\":\"ImageObject\",\"inLanguage\":\"en-US\",\"@id\":\"https:\\\/\\\/gronau-inside.de\\\/en#\\\/schema\\\/logo\\\/image\\\/\",\"url\":\"https:\\\/\\\/gronau-inside.de\\\/wp-content\\\/uploads\\\/2020\\\/10\\\/01_gronau-logo_weissaufweiss_Schriftzug-1.png\",\"contentUrl\":\"https:\\\/\\\/gronau-inside.de\\\/wp-content\\\/uploads\\\/2020\\\/10\\\/01_gronau-logo_weissaufweiss_Schriftzug-1.png\",\"width\":254,\"height\":246,\"caption\":\"Gronau Inside\"},\"image\":{\"@id\":\"https:\\\/\\\/gronau-inside.de\\\/en#\\\/schema\\\/logo\\\/image\\\/\"}}]}<\/script>\n<!-- \/ Yoast SEO plugin. -->","yoast_head_json":{"title":"Gronau Retro-Puzzle - Gronau Inside","robots":{"index":"index","follow":"follow","max-snippet":"max-snippet:-1","max-image-preview":"max-image-preview:large","max-video-preview":"max-video-preview:-1"},"canonical":"https:\/\/gronau-inside.de\/en\/produkt\/gronau-retro-puzzle","og_locale":"en_US","og_type":"article","og_title":"Gronau Retro-Puzzle - Gronau Inside","og_description":"Gronau St\u00fcck f\u00fcr St\u00fcck entdecken - Das Gronau-City-Puzzle ist da!  Spiele und Puzzle sind aktuell so angesagt wie nie, besonders solche, die viel Zeit ben\u00f6tigen.  500 Teile und ein Stadtplan, der einen zur Wei\u00dfglut bringen kann. Bei diesem tollen \u201eGronau-City-Puzzle\u201c wird nicht nur die Geduld eines jeden auf die Probe gestellt, sondern auch seine Ortskenntnisse von Gronau und Epe. Das Puzzle ist original nach dem FALK-Stadtplan entstanden und kann sich im Endformat von 48 x 36 cm wirklich sehen lassen.  Inklusive 19% MwSt","og_url":"https:\/\/gronau-inside.de\/en\/produkt\/gronau-retro-puzzle","og_site_name":"Gronau Inside","article_modified_time":"2024-03-14T14:51:14+00:00","og_image":[{"width":1200,"height":1600,"url":"https:\/\/gronau-inside.de\/wp-content\/uploads\/2021\/04\/WhatsApp-Image-2021-03-22-at-12.48.10.jpeg","type":"image\/jpeg"}],"twitter_card":"summary_large_image","schema":{"@context":"https:\/\/schema.org","@graph":[{"@type":"WebPage","@id":"https:\/\/gronau-inside.de\/en\/produkt\/gronau-retro-puzzle","url":"https:\/\/gronau-inside.de\/en\/produkt\/gronau-retro-puzzle","name":"Gronau Retro-Puzzle - Gronau Inside","isPartOf":{"@id":"https:\/\/gronau-inside.de\/en#website"},"primaryImageOfPage":{"@id":"https:\/\/gronau-inside.de\/en\/produkt\/gronau-retro-puzzle#primaryimage"},"image":{"@id":"https:\/\/gronau-inside.de\/en\/produkt\/gronau-retro-puzzle#primaryimage"},"thumbnailUrl":"https:\/\/gronau-inside.de\/wp-content\/uploads\/2021\/04\/WhatsApp-Image-2021-03-22-at-12.48.10.jpeg","datePublished":"2021-04-12T08:50:11+00:00","dateModified":"2024-03-14T14:51:14+00:00","breadcrumb":{"@id":"https:\/\/gronau-inside.de\/en\/produkt\/gronau-retro-puzzle#breadcrumb"},"inLanguage":"en-US","potentialAction":[{"@type":"ReadAction","target":["https:\/\/gronau-inside.de\/en\/produkt\/gronau-retro-puzzle"]}]},{"@type":"ImageObject","inLanguage":"en-US","@id":"https:\/\/gronau-inside.de\/en\/produkt\/gronau-retro-puzzle#primaryimage","url":"https:\/\/gronau-inside.de\/wp-content\/uploads\/2021\/04\/WhatsApp-Image-2021-03-22-at-12.48.10.jpeg","contentUrl":"https:\/\/gronau-inside.de\/wp-content\/uploads\/2021\/04\/WhatsApp-Image-2021-03-22-at-12.48.10.jpeg","width":1200,"height":1600},{"@type":"BreadcrumbList","@id":"https:\/\/gronau-inside.de\/en\/produkt\/gronau-retro-puzzle#breadcrumb","itemListElement":[{"@type":"ListItem","position":1,"name":"Startseite","item":"https:\/\/gronau-inside.de\/en\/home-page"},{"@type":"ListItem","position":2,"name":"Shop","item":"https:\/\/gronau-inside.de\/en\/shop"},{"@type":"ListItem","position":3,"name":"Gronau Retro-Puzzle"}]},{"@type":"WebSite","@id":"https:\/\/gronau-inside.de\/en#website","url":"https:\/\/gronau-inside.de\/en","name":"Gronau Inside","description":"Musikstadt im Gr\u00fcnen","publisher":{"@id":"https:\/\/gronau-inside.de\/en#organization"},"potentialAction":[{"@type":"SearchAction","target":{"@type":"EntryPoint","urlTemplate":"https:\/\/gronau-inside.de\/en?s={search_term_string}"},"query-input":{"@type":"PropertyValueSpecification","valueRequired":true,"valueName":"search_term_string"}}],"inLanguage":"en-US"},{"@type":"Organization","@id":"https:\/\/gronau-inside.de\/en#organization","name":"Gronau Inside","url":"https:\/\/gronau-inside.de\/en","logo":{"@type":"ImageObject","inLanguage":"en-US","@id":"https:\/\/gronau-inside.de\/en#\/schema\/logo\/image\/","url":"https:\/\/gronau-inside.de\/wp-content\/uploads\/2020\/10\/01_gronau-logo_weissaufweiss_Schriftzug-1.png","contentUrl":"https:\/\/gronau-inside.de\/wp-content\/uploads\/2020\/10\/01_gronau-logo_weissaufweiss_Schriftzug-1.png","width":254,"height":246,"caption":"Gronau Inside"},"image":{"@id":"https:\/\/gronau-inside.de\/en#\/schema\/logo\/image\/"}}]}},"_links":{"self":[{"href":"https:\/\/gronau-inside.de\/en\/wp-json\/wp\/v2\/product\/1066","targetHints":{"allow":["GET"]}}],"collection":[{"href":"https:\/\/gronau-inside.de\/en\/wp-json\/wp\/v2\/product"}],"about":[{"href":"https:\/\/gronau-inside.de\/en\/wp-json\/wp\/v2\/types\/product"}],"wp:featuredmedia":[{"embeddable":true,"href":"https:\/\/gronau-inside.de\/en\/wp-json\/wp\/v2\/media\/1073"}],"wp:attachment":[{"href":"https:\/\/gronau-inside.de\/en\/wp-json\/wp\/v2\/media?parent=1066"}],"wp:term":[{"taxonomy":"product_brand","embeddable":true,"href":"https:\/\/gronau-inside.de\/en\/wp-json\/wp\/v2\/product_brand?post=1066"},{"taxonomy":"product_cat","embeddable":true,"href":"https:\/\/gronau-inside.de\/en\/wp-json\/wp\/v2\/product_cat?post=1066"},{"taxonomy":"product_tag","embeddable":true,"href":"https:\/\/gronau-inside.de\/en\/wp-json\/wp\/v2\/product_tag?post=1066"}],"curies":[{"name":"wp","href":"https:\/\/api.w.org\/{rel}","templated":true}]}}