{"id":1406,"date":"2021-04-13T12:28:31","date_gmt":"2021-04-13T10:28:31","guid":{"rendered":"https:\/\/gronau-inside.heska.mp\/?post_type=product&#038;p=1406"},"modified":"2024-08-12T13:12:00","modified_gmt":"2024-08-12T11:12:00","slug":"radroute-textil","status":"publish","type":"product","link":"https:\/\/gronau-inside.de\/en\/produkt\/radroute-textil","title":{"rendered":"Radroute Textil"},"content":{"rendered":"","protected":false},"excerpt":{"rendered":"<p>In diesem Flyer findet ihr die grenz\u00fcberschreitende Fahrradroute mit einer L\u00e4nge von 35 km von Enschede nach Gronau und wieder zur\u00fcck.<\/p>\n<p>Diese Route f\u00fchrt durch beide St\u00e4dte, aber auch durch das Umfeld. Ihr entdeckt die Textilgeschichte und Natur. Absolut abwechslungsreich und empfehlenswert!<\/p>\n<p>Es f\u00e4llt eine Schutzgeb\u00fchr von 0,50 Euro an, eine kostenfreie digitale Variante des Flyers findet ihr <a href=\"https:\/\/gronau-inside.de\/wp-content\/uploads\/2021\/05\/Fietsroute-Enschede-Gronau-A5-DUITS-nov-binnenwerk-HR.pdf\">hier<\/a>.<\/p>\n<p><strong>Inkl. 7% MwSt.<\/strong><\/p>\n","protected":false},"featured_media":1389,"template":"","meta":{"_acf_changed":false,"_price":"0.00","_stock":null,"_tribe_ticket_header":"","_tribe_default_ticket_provider":"","_tribe_ticket_capacity":"","_ticket_start_date":"","_ticket_end_date":"","_tribe_ticket_show_description":"","_tribe_ticket_show_not_going":false,"_tribe_ticket_use_global_stock":"","_tribe_ticket_global_stock_level":"","_global_stock_mode":"","_global_stock_cap":"","_tribe_rsvp_for_event":"","_tribe_ticket_going_count":"","_tribe_ticket_not_going_count":"","_tribe_tickets_list":"[]","_tribe_ticket_has_attendee_info_fields":false},"product_brand":[],"product_cat":[32],"product_tag":[],"class_list":{"0":"post-1406","1":"product","2":"type-product","3":"status-publish","4":"has-post-thumbnail","6":"product_cat-karten","7":"product_shipping_class-brief","9":"first","10":"instock","11":"taxable","12":"shipping-taxable","13":"purchasable","14":"product-type-simple"},"acf":[],"yoast_head":"<!-- This site is optimized with the Yoast SEO plugin v27.5 - https:\/\/yoast.com\/product\/yoast-seo-wordpress\/ -->\n<title>Radroute Textil - Gronau Inside<\/title>\n<meta name=\"robots\" content=\"index, follow, max-snippet:-1, max-image-preview:large, max-video-preview:-1\" \/>\n<link rel=\"canonical\" href=\"https:\/\/gronau-inside.de\/en\/produkt\/radroute-textil\" \/>\n<meta property=\"og:locale\" content=\"en_US\" \/>\n<meta property=\"og:type\" content=\"article\" \/>\n<meta property=\"og:title\" content=\"Radroute Textil - Gronau Inside\" \/>\n<meta property=\"og:description\" content=\"In diesem Flyer findet ihr die grenz\u00fcberschreitende Fahrradroute mit einer L\u00e4nge von 35 km von Enschede nach Gronau und wieder zur\u00fcck.  Diese Route f\u00fchrt durch beide St\u00e4dte, aber auch durch das Umfeld. Ihr entdeckt die Textilgeschichte und Natur. Absolut abwechslungsreich und empfehlenswert!  Es f\u00e4llt eine Schutzgeb\u00fchr von 0,50 Euro an, eine kostenfreie digitale Variante des Flyers findet ihr hier.  Inkl. 7% MwSt.\" \/>\n<meta property=\"og:url\" content=\"https:\/\/gronau-inside.de\/en\/produkt\/radroute-textil\" \/>\n<meta property=\"og:site_name\" content=\"Gronau Inside\" \/>\n<meta property=\"article:modified_time\" content=\"2024-08-12T11:12:00+00:00\" \/>\n<meta property=\"og:image\" content=\"https:\/\/gronau-inside.de\/wp-content\/uploads\/2021\/04\/Textilroute_Leonie-Breuers.jpeg\" \/>\n\t<meta property=\"og:image:width\" content=\"1200\" \/>\n\t<meta property=\"og:image:height\" content=\"1600\" \/>\n\t<meta property=\"og:image:type\" content=\"image\/jpeg\" \/>\n<meta name=\"twitter:card\" content=\"summary_large_image\" \/>\n<script type=\"application\/ld+json\" class=\"yoast-schema-graph\">{\"@context\":\"https:\\\/\\\/schema.org\",\"@graph\":[{\"@type\":\"WebPage\",\"@id\":\"https:\\\/\\\/gronau-inside.de\\\/en\\\/produkt\\\/radroute-textil\",\"url\":\"https:\\\/\\\/gronau-inside.de\\\/en\\\/produkt\\\/radroute-textil\",\"name\":\"Radroute Textil - Gronau Inside\",\"isPartOf\":{\"@id\":\"https:\\\/\\\/gronau-inside.de\\\/en#website\"},\"primaryImageOfPage\":{\"@id\":\"https:\\\/\\\/gronau-inside.de\\\/en\\\/produkt\\\/radroute-textil#primaryimage\"},\"image\":{\"@id\":\"https:\\\/\\\/gronau-inside.de\\\/en\\\/produkt\\\/radroute-textil#primaryimage\"},\"thumbnailUrl\":\"https:\\\/\\\/gronau-inside.de\\\/wp-content\\\/uploads\\\/2021\\\/04\\\/Textilroute_Leonie-Breuers.jpeg\",\"datePublished\":\"2021-04-13T10:28:31+00:00\",\"dateModified\":\"2024-08-12T11:12:00+00:00\",\"breadcrumb\":{\"@id\":\"https:\\\/\\\/gronau-inside.de\\\/en\\\/produkt\\\/radroute-textil#breadcrumb\"},\"inLanguage\":\"en-US\",\"potentialAction\":[{\"@type\":\"ReadAction\",\"target\":[\"https:\\\/\\\/gronau-inside.de\\\/en\\\/produkt\\\/radroute-textil\"]}]},{\"@type\":\"ImageObject\",\"inLanguage\":\"en-US\",\"@id\":\"https:\\\/\\\/gronau-inside.de\\\/en\\\/produkt\\\/radroute-textil#primaryimage\",\"url\":\"https:\\\/\\\/gronau-inside.de\\\/wp-content\\\/uploads\\\/2021\\\/04\\\/Textilroute_Leonie-Breuers.jpeg\",\"contentUrl\":\"https:\\\/\\\/gronau-inside.de\\\/wp-content\\\/uploads\\\/2021\\\/04\\\/Textilroute_Leonie-Breuers.jpeg\",\"width\":1200,\"height\":1600},{\"@type\":\"BreadcrumbList\",\"@id\":\"https:\\\/\\\/gronau-inside.de\\\/en\\\/produkt\\\/radroute-textil#breadcrumb\",\"itemListElement\":[{\"@type\":\"ListItem\",\"position\":1,\"name\":\"Startseite\",\"item\":\"https:\\\/\\\/gronau-inside.de\\\/en\\\/home-page\"},{\"@type\":\"ListItem\",\"position\":2,\"name\":\"Shop\",\"item\":\"https:\\\/\\\/gronau-inside.de\\\/en\\\/shop\"},{\"@type\":\"ListItem\",\"position\":3,\"name\":\"Radroute Textil\"}]},{\"@type\":\"WebSite\",\"@id\":\"https:\\\/\\\/gronau-inside.de\\\/en#website\",\"url\":\"https:\\\/\\\/gronau-inside.de\\\/en\",\"name\":\"Gronau Inside\",\"description\":\"Musikstadt im Gr\u00fcnen\",\"publisher\":{\"@id\":\"https:\\\/\\\/gronau-inside.de\\\/en#organization\"},\"potentialAction\":[{\"@type\":\"SearchAction\",\"target\":{\"@type\":\"EntryPoint\",\"urlTemplate\":\"https:\\\/\\\/gronau-inside.de\\\/en?s={search_term_string}\"},\"query-input\":{\"@type\":\"PropertyValueSpecification\",\"valueRequired\":true,\"valueName\":\"search_term_string\"}}],\"inLanguage\":\"en-US\"},{\"@type\":\"Organization\",\"@id\":\"https:\\\/\\\/gronau-inside.de\\\/en#organization\",\"name\":\"Gronau Inside\",\"url\":\"https:\\\/\\\/gronau-inside.de\\\/en\",\"logo\":{\"@type\":\"ImageObject\",\"inLanguage\":\"en-US\",\"@id\":\"https:\\\/\\\/gronau-inside.de\\\/en#\\\/schema\\\/logo\\\/image\\\/\",\"url\":\"https:\\\/\\\/gronau-inside.de\\\/wp-content\\\/uploads\\\/2020\\\/10\\\/01_gronau-logo_weissaufweiss_Schriftzug-1.png\",\"contentUrl\":\"https:\\\/\\\/gronau-inside.de\\\/wp-content\\\/uploads\\\/2020\\\/10\\\/01_gronau-logo_weissaufweiss_Schriftzug-1.png\",\"width\":254,\"height\":246,\"caption\":\"Gronau Inside\"},\"image\":{\"@id\":\"https:\\\/\\\/gronau-inside.de\\\/en#\\\/schema\\\/logo\\\/image\\\/\"}}]}<\/script>\n<!-- \/ Yoast SEO plugin. -->","yoast_head_json":{"title":"Radroute Textil - Gronau Inside","robots":{"index":"index","follow":"follow","max-snippet":"max-snippet:-1","max-image-preview":"max-image-preview:large","max-video-preview":"max-video-preview:-1"},"canonical":"https:\/\/gronau-inside.de\/en\/produkt\/radroute-textil","og_locale":"en_US","og_type":"article","og_title":"Radroute Textil - Gronau Inside","og_description":"In diesem Flyer findet ihr die grenz\u00fcberschreitende Fahrradroute mit einer L\u00e4nge von 35 km von Enschede nach Gronau und wieder zur\u00fcck.  Diese Route f\u00fchrt durch beide St\u00e4dte, aber auch durch das Umfeld. Ihr entdeckt die Textilgeschichte und Natur. Absolut abwechslungsreich und empfehlenswert!  Es f\u00e4llt eine Schutzgeb\u00fchr von 0,50 Euro an, eine kostenfreie digitale Variante des Flyers findet ihr hier.  Inkl. 7% MwSt.","og_url":"https:\/\/gronau-inside.de\/en\/produkt\/radroute-textil","og_site_name":"Gronau Inside","article_modified_time":"2024-08-12T11:12:00+00:00","og_image":[{"width":1200,"height":1600,"url":"https:\/\/gronau-inside.de\/wp-content\/uploads\/2021\/04\/Textilroute_Leonie-Breuers.jpeg","type":"image\/jpeg"}],"twitter_card":"summary_large_image","schema":{"@context":"https:\/\/schema.org","@graph":[{"@type":"WebPage","@id":"https:\/\/gronau-inside.de\/en\/produkt\/radroute-textil","url":"https:\/\/gronau-inside.de\/en\/produkt\/radroute-textil","name":"Radroute Textil - Gronau Inside","isPartOf":{"@id":"https:\/\/gronau-inside.de\/en#website"},"primaryImageOfPage":{"@id":"https:\/\/gronau-inside.de\/en\/produkt\/radroute-textil#primaryimage"},"image":{"@id":"https:\/\/gronau-inside.de\/en\/produkt\/radroute-textil#primaryimage"},"thumbnailUrl":"https:\/\/gronau-inside.de\/wp-content\/uploads\/2021\/04\/Textilroute_Leonie-Breuers.jpeg","datePublished":"2021-04-13T10:28:31+00:00","dateModified":"2024-08-12T11:12:00+00:00","breadcrumb":{"@id":"https:\/\/gronau-inside.de\/en\/produkt\/radroute-textil#breadcrumb"},"inLanguage":"en-US","potentialAction":[{"@type":"ReadAction","target":["https:\/\/gronau-inside.de\/en\/produkt\/radroute-textil"]}]},{"@type":"ImageObject","inLanguage":"en-US","@id":"https:\/\/gronau-inside.de\/en\/produkt\/radroute-textil#primaryimage","url":"https:\/\/gronau-inside.de\/wp-content\/uploads\/2021\/04\/Textilroute_Leonie-Breuers.jpeg","contentUrl":"https:\/\/gronau-inside.de\/wp-content\/uploads\/2021\/04\/Textilroute_Leonie-Breuers.jpeg","width":1200,"height":1600},{"@type":"BreadcrumbList","@id":"https:\/\/gronau-inside.de\/en\/produkt\/radroute-textil#breadcrumb","itemListElement":[{"@type":"ListItem","position":1,"name":"Startseite","item":"https:\/\/gronau-inside.de\/en\/home-page"},{"@type":"ListItem","position":2,"name":"Shop","item":"https:\/\/gronau-inside.de\/en\/shop"},{"@type":"ListItem","position":3,"name":"Radroute Textil"}]},{"@type":"WebSite","@id":"https:\/\/gronau-inside.de\/en#website","url":"https:\/\/gronau-inside.de\/en","name":"Gronau Inside","description":"Musikstadt im Gr\u00fcnen","publisher":{"@id":"https:\/\/gronau-inside.de\/en#organization"},"potentialAction":[{"@type":"SearchAction","target":{"@type":"EntryPoint","urlTemplate":"https:\/\/gronau-inside.de\/en?s={search_term_string}"},"query-input":{"@type":"PropertyValueSpecification","valueRequired":true,"valueName":"search_term_string"}}],"inLanguage":"en-US"},{"@type":"Organization","@id":"https:\/\/gronau-inside.de\/en#organization","name":"Gronau Inside","url":"https:\/\/gronau-inside.de\/en","logo":{"@type":"ImageObject","inLanguage":"en-US","@id":"https:\/\/gronau-inside.de\/en#\/schema\/logo\/image\/","url":"https:\/\/gronau-inside.de\/wp-content\/uploads\/2020\/10\/01_gronau-logo_weissaufweiss_Schriftzug-1.png","contentUrl":"https:\/\/gronau-inside.de\/wp-content\/uploads\/2020\/10\/01_gronau-logo_weissaufweiss_Schriftzug-1.png","width":254,"height":246,"caption":"Gronau Inside"},"image":{"@id":"https:\/\/gronau-inside.de\/en#\/schema\/logo\/image\/"}}]}},"_links":{"self":[{"href":"https:\/\/gronau-inside.de\/en\/wp-json\/wp\/v2\/product\/1406","targetHints":{"allow":["GET"]}}],"collection":[{"href":"https:\/\/gronau-inside.de\/en\/wp-json\/wp\/v2\/product"}],"about":[{"href":"https:\/\/gronau-inside.de\/en\/wp-json\/wp\/v2\/types\/product"}],"wp:featuredmedia":[{"embeddable":true,"href":"https:\/\/gronau-inside.de\/en\/wp-json\/wp\/v2\/media\/1389"}],"wp:attachment":[{"href":"https:\/\/gronau-inside.de\/en\/wp-json\/wp\/v2\/media?parent=1406"}],"wp:term":[{"taxonomy":"product_brand","embeddable":true,"href":"https:\/\/gronau-inside.de\/en\/wp-json\/wp\/v2\/product_brand?post=1406"},{"taxonomy":"product_cat","embeddable":true,"href":"https:\/\/gronau-inside.de\/en\/wp-json\/wp\/v2\/product_cat?post=1406"},{"taxonomy":"product_tag","embeddable":true,"href":"https:\/\/gronau-inside.de\/en\/wp-json\/wp\/v2\/product_tag?post=1406"}],"curies":[{"name":"wp","href":"https:\/\/api.w.org\/{rel}","templated":true}]}}