{"id":26686,"date":"2022-11-30T14:29:10","date_gmt":"2022-11-30T13:29:10","guid":{"rendered":"https:\/\/gronau-inside.de\/?post_type=product&#038;p=26686"},"modified":"2025-11-05T11:50:30","modified_gmt":"2025-11-05T10:50:30","slug":"gronau-aufkleber-nett-hier","status":"publish","type":"product","link":"https:\/\/gronau-inside.de\/en\/produkt\/gronau-aufkleber-nett-hier","title":{"rendered":"Aufkleber &#8220;Nett hier, aber&#8230;&#8221;"},"content":{"rendered":"","protected":false},"excerpt":{"rendered":"<p>Kennt ihr schon den &#8220;Nett hier&#8221;-Aufkleber? Perfekt, um im Urlaub und \u00fcberall auf der Welt ein St\u00fcck Gronau zu hinterlassen. Kommt vorbei und stattet euch f\u00fcr die n\u00e4chsten Urlaube aus!<\/p>\n<p>Der Aufkleber ist ca. 14,5 x 9,5 cm gro\u00df und f\u00fcr Anbringung drau\u00dfen geeignet.<\/p>\n<p>3. Foto: Lena Kerkeling<\/p>\n<p><strong>Inklusive 19 % MwSt.<\/strong><\/p>\n","protected":false},"featured_media":76132,"template":"","meta":{"_acf_changed":false,"_price":"0.00","_stock":"8","_tribe_ticket_header":"","_tribe_default_ticket_provider":"","_tribe_ticket_capacity":"","_ticket_start_date":"","_ticket_end_date":"","_tribe_ticket_show_description":"","_tribe_ticket_show_not_going":false,"_tribe_ticket_use_global_stock":"","_tribe_ticket_global_stock_level":"","_global_stock_mode":"","_global_stock_cap":"","_tribe_rsvp_for_event":"","_tribe_ticket_going_count":"","_tribe_ticket_not_going_count":"","_tribe_tickets_list":"[]","_tribe_ticket_has_attendee_info_fields":false},"product_brand":[],"product_cat":[31],"product_tag":[],"class_list":{"0":"post-26686","1":"product","2":"type-product","3":"status-publish","4":"has-post-thumbnail","6":"product_cat-souvenirsundmerchandise","7":"product_shipping_class-brief","9":"first","10":"instock","11":"taxable","12":"shipping-taxable","13":"purchasable","14":"product-type-simple"},"acf":[],"yoast_head":"<!-- This site is optimized with the Yoast SEO plugin v27.3 - https:\/\/yoast.com\/product\/yoast-seo-wordpress\/ -->\n<title>Aufkleber &quot;Nett hier, aber...&quot; - Gronau Inside<\/title>\n<meta name=\"robots\" content=\"index, follow, max-snippet:-1, max-image-preview:large, max-video-preview:-1\" \/>\n<link rel=\"canonical\" href=\"https:\/\/gronau-inside.de\/en\/produkt\/gronau-aufkleber-nett-hier\" \/>\n<meta property=\"og:locale\" content=\"en_US\" \/>\n<meta property=\"og:type\" content=\"article\" \/>\n<meta property=\"og:title\" content=\"Aufkleber &quot;Nett hier, aber...&quot; - Gronau Inside\" \/>\n<meta property=\"og:description\" content=\"Kennt ihr schon den &quot;Nett hier&quot;-Aufkleber? Perfekt, um im Urlaub und \u00fcberall auf der Welt ein St\u00fcck Gronau zu hinterlassen. Kommt vorbei und stattet euch f\u00fcr die n\u00e4chsten Urlaube aus!  Der Aufkleber ist ca. 14,5 x 9,5 cm gro\u00df und f\u00fcr Anbringung drau\u00dfen geeignet.  3. Foto: Lena Kerkeling  Inklusive 19 % MwSt.\" \/>\n<meta property=\"og:url\" content=\"https:\/\/gronau-inside.de\/en\/produkt\/gronau-aufkleber-nett-hier\" \/>\n<meta property=\"og:site_name\" content=\"Gronau Inside\" \/>\n<meta property=\"article:modified_time\" content=\"2025-11-05T10:50:30+00:00\" \/>\n<meta property=\"og:image\" content=\"https:\/\/gronau-inside.de\/wp-content\/uploads\/2022\/11\/WhatsApp-Image-2025-03-20-at-12.08.18-1-scaled.jpeg\" \/>\n\t<meta property=\"og:image:width\" content=\"2560\" \/>\n\t<meta property=\"og:image:height\" content=\"1920\" \/>\n\t<meta property=\"og:image:type\" content=\"image\/jpeg\" \/>\n<meta name=\"twitter:card\" content=\"summary_large_image\" \/>\n<script type=\"application\/ld+json\" class=\"yoast-schema-graph\">{\"@context\":\"https:\\\/\\\/schema.org\",\"@graph\":[{\"@type\":\"WebPage\",\"@id\":\"https:\\\/\\\/gronau-inside.de\\\/en\\\/produkt\\\/gronau-aufkleber-nett-hier\",\"url\":\"https:\\\/\\\/gronau-inside.de\\\/en\\\/produkt\\\/gronau-aufkleber-nett-hier\",\"name\":\"Aufkleber \\\"Nett hier, aber...\\\" - Gronau Inside\",\"isPartOf\":{\"@id\":\"https:\\\/\\\/gronau-inside.de\\\/en#website\"},\"primaryImageOfPage\":{\"@id\":\"https:\\\/\\\/gronau-inside.de\\\/en\\\/produkt\\\/gronau-aufkleber-nett-hier#primaryimage\"},\"image\":{\"@id\":\"https:\\\/\\\/gronau-inside.de\\\/en\\\/produkt\\\/gronau-aufkleber-nett-hier#primaryimage\"},\"thumbnailUrl\":\"https:\\\/\\\/gronau-inside.de\\\/wp-content\\\/uploads\\\/2022\\\/11\\\/WhatsApp-Image-2025-03-20-at-12.08.18-1-scaled.jpeg\",\"datePublished\":\"2022-11-30T13:29:10+00:00\",\"dateModified\":\"2025-11-05T10:50:30+00:00\",\"breadcrumb\":{\"@id\":\"https:\\\/\\\/gronau-inside.de\\\/en\\\/produkt\\\/gronau-aufkleber-nett-hier#breadcrumb\"},\"inLanguage\":\"en-US\",\"potentialAction\":[{\"@type\":\"ReadAction\",\"target\":[\"https:\\\/\\\/gronau-inside.de\\\/en\\\/produkt\\\/gronau-aufkleber-nett-hier\"]}]},{\"@type\":\"ImageObject\",\"inLanguage\":\"en-US\",\"@id\":\"https:\\\/\\\/gronau-inside.de\\\/en\\\/produkt\\\/gronau-aufkleber-nett-hier#primaryimage\",\"url\":\"https:\\\/\\\/gronau-inside.de\\\/wp-content\\\/uploads\\\/2022\\\/11\\\/WhatsApp-Image-2025-03-20-at-12.08.18-1-scaled.jpeg\",\"contentUrl\":\"https:\\\/\\\/gronau-inside.de\\\/wp-content\\\/uploads\\\/2022\\\/11\\\/WhatsApp-Image-2025-03-20-at-12.08.18-1-scaled.jpeg\",\"width\":2560,\"height\":1920,\"caption\":\"Ovaler, gr\u00fcner Aufkleber mit der Aufschrift \\\"Nett hier, aber warst du schon mal in Gronaui im M\u00fcnsterland?\\\", einen QR-Code und dem Logo des Stadtmarketings Gronau. Im Hintergrund ist Stroh zu sehen.\"},{\"@type\":\"BreadcrumbList\",\"@id\":\"https:\\\/\\\/gronau-inside.de\\\/en\\\/produkt\\\/gronau-aufkleber-nett-hier#breadcrumb\",\"itemListElement\":[{\"@type\":\"ListItem\",\"position\":1,\"name\":\"Startseite\",\"item\":\"https:\\\/\\\/gronau-inside.de\\\/en\\\/home-page\"},{\"@type\":\"ListItem\",\"position\":2,\"name\":\"Shop\",\"item\":\"https:\\\/\\\/gronau-inside.de\\\/en\\\/shop\"},{\"@type\":\"ListItem\",\"position\":3,\"name\":\"Aufkleber &#8220;Nett hier, aber&#8230;&#8221;\"}]},{\"@type\":\"WebSite\",\"@id\":\"https:\\\/\\\/gronau-inside.de\\\/en#website\",\"url\":\"https:\\\/\\\/gronau-inside.de\\\/en\",\"name\":\"Gronau Inside\",\"description\":\"Musikstadt im Gr\u00fcnen\",\"publisher\":{\"@id\":\"https:\\\/\\\/gronau-inside.de\\\/en#organization\"},\"potentialAction\":[{\"@type\":\"SearchAction\",\"target\":{\"@type\":\"EntryPoint\",\"urlTemplate\":\"https:\\\/\\\/gronau-inside.de\\\/en?s={search_term_string}\"},\"query-input\":{\"@type\":\"PropertyValueSpecification\",\"valueRequired\":true,\"valueName\":\"search_term_string\"}}],\"inLanguage\":\"en-US\"},{\"@type\":\"Organization\",\"@id\":\"https:\\\/\\\/gronau-inside.de\\\/en#organization\",\"name\":\"Gronau Inside\",\"url\":\"https:\\\/\\\/gronau-inside.de\\\/en\",\"logo\":{\"@type\":\"ImageObject\",\"inLanguage\":\"en-US\",\"@id\":\"https:\\\/\\\/gronau-inside.de\\\/en#\\\/schema\\\/logo\\\/image\\\/\",\"url\":\"https:\\\/\\\/gronau-inside.de\\\/wp-content\\\/uploads\\\/2020\\\/10\\\/01_gronau-logo_weissaufweiss_Schriftzug-1.png\",\"contentUrl\":\"https:\\\/\\\/gronau-inside.de\\\/wp-content\\\/uploads\\\/2020\\\/10\\\/01_gronau-logo_weissaufweiss_Schriftzug-1.png\",\"width\":254,\"height\":246,\"caption\":\"Gronau Inside\"},\"image\":{\"@id\":\"https:\\\/\\\/gronau-inside.de\\\/en#\\\/schema\\\/logo\\\/image\\\/\"}}]}<\/script>\n<!-- \/ Yoast SEO plugin. -->","yoast_head_json":{"title":"Aufkleber \"Nett hier, aber...\" - Gronau Inside","robots":{"index":"index","follow":"follow","max-snippet":"max-snippet:-1","max-image-preview":"max-image-preview:large","max-video-preview":"max-video-preview:-1"},"canonical":"https:\/\/gronau-inside.de\/en\/produkt\/gronau-aufkleber-nett-hier","og_locale":"en_US","og_type":"article","og_title":"Aufkleber \"Nett hier, aber...\" - Gronau Inside","og_description":"Kennt ihr schon den \"Nett hier\"-Aufkleber? Perfekt, um im Urlaub und \u00fcberall auf der Welt ein St\u00fcck Gronau zu hinterlassen. Kommt vorbei und stattet euch f\u00fcr die n\u00e4chsten Urlaube aus!  Der Aufkleber ist ca. 14,5 x 9,5 cm gro\u00df und f\u00fcr Anbringung drau\u00dfen geeignet.  3. Foto: Lena Kerkeling  Inklusive 19 % MwSt.","og_url":"https:\/\/gronau-inside.de\/en\/produkt\/gronau-aufkleber-nett-hier","og_site_name":"Gronau Inside","article_modified_time":"2025-11-05T10:50:30+00:00","og_image":[{"width":2560,"height":1920,"url":"https:\/\/gronau-inside.de\/wp-content\/uploads\/2022\/11\/WhatsApp-Image-2025-03-20-at-12.08.18-1-scaled.jpeg","type":"image\/jpeg"}],"twitter_card":"summary_large_image","schema":{"@context":"https:\/\/schema.org","@graph":[{"@type":"WebPage","@id":"https:\/\/gronau-inside.de\/en\/produkt\/gronau-aufkleber-nett-hier","url":"https:\/\/gronau-inside.de\/en\/produkt\/gronau-aufkleber-nett-hier","name":"Aufkleber \"Nett hier, aber...\" - Gronau Inside","isPartOf":{"@id":"https:\/\/gronau-inside.de\/en#website"},"primaryImageOfPage":{"@id":"https:\/\/gronau-inside.de\/en\/produkt\/gronau-aufkleber-nett-hier#primaryimage"},"image":{"@id":"https:\/\/gronau-inside.de\/en\/produkt\/gronau-aufkleber-nett-hier#primaryimage"},"thumbnailUrl":"https:\/\/gronau-inside.de\/wp-content\/uploads\/2022\/11\/WhatsApp-Image-2025-03-20-at-12.08.18-1-scaled.jpeg","datePublished":"2022-11-30T13:29:10+00:00","dateModified":"2025-11-05T10:50:30+00:00","breadcrumb":{"@id":"https:\/\/gronau-inside.de\/en\/produkt\/gronau-aufkleber-nett-hier#breadcrumb"},"inLanguage":"en-US","potentialAction":[{"@type":"ReadAction","target":["https:\/\/gronau-inside.de\/en\/produkt\/gronau-aufkleber-nett-hier"]}]},{"@type":"ImageObject","inLanguage":"en-US","@id":"https:\/\/gronau-inside.de\/en\/produkt\/gronau-aufkleber-nett-hier#primaryimage","url":"https:\/\/gronau-inside.de\/wp-content\/uploads\/2022\/11\/WhatsApp-Image-2025-03-20-at-12.08.18-1-scaled.jpeg","contentUrl":"https:\/\/gronau-inside.de\/wp-content\/uploads\/2022\/11\/WhatsApp-Image-2025-03-20-at-12.08.18-1-scaled.jpeg","width":2560,"height":1920,"caption":"Ovaler, gr\u00fcner Aufkleber mit der Aufschrift \"Nett hier, aber warst du schon mal in Gronaui im M\u00fcnsterland?\", einen QR-Code und dem Logo des Stadtmarketings Gronau. Im Hintergrund ist Stroh zu sehen."},{"@type":"BreadcrumbList","@id":"https:\/\/gronau-inside.de\/en\/produkt\/gronau-aufkleber-nett-hier#breadcrumb","itemListElement":[{"@type":"ListItem","position":1,"name":"Startseite","item":"https:\/\/gronau-inside.de\/en\/home-page"},{"@type":"ListItem","position":2,"name":"Shop","item":"https:\/\/gronau-inside.de\/en\/shop"},{"@type":"ListItem","position":3,"name":"Aufkleber &#8220;Nett hier, aber&#8230;&#8221;"}]},{"@type":"WebSite","@id":"https:\/\/gronau-inside.de\/en#website","url":"https:\/\/gronau-inside.de\/en","name":"Gronau Inside","description":"Musikstadt im Gr\u00fcnen","publisher":{"@id":"https:\/\/gronau-inside.de\/en#organization"},"potentialAction":[{"@type":"SearchAction","target":{"@type":"EntryPoint","urlTemplate":"https:\/\/gronau-inside.de\/en?s={search_term_string}"},"query-input":{"@type":"PropertyValueSpecification","valueRequired":true,"valueName":"search_term_string"}}],"inLanguage":"en-US"},{"@type":"Organization","@id":"https:\/\/gronau-inside.de\/en#organization","name":"Gronau Inside","url":"https:\/\/gronau-inside.de\/en","logo":{"@type":"ImageObject","inLanguage":"en-US","@id":"https:\/\/gronau-inside.de\/en#\/schema\/logo\/image\/","url":"https:\/\/gronau-inside.de\/wp-content\/uploads\/2020\/10\/01_gronau-logo_weissaufweiss_Schriftzug-1.png","contentUrl":"https:\/\/gronau-inside.de\/wp-content\/uploads\/2020\/10\/01_gronau-logo_weissaufweiss_Schriftzug-1.png","width":254,"height":246,"caption":"Gronau Inside"},"image":{"@id":"https:\/\/gronau-inside.de\/en#\/schema\/logo\/image\/"}}]}},"_links":{"self":[{"href":"https:\/\/gronau-inside.de\/en\/wp-json\/wp\/v2\/product\/26686","targetHints":{"allow":["GET"]}}],"collection":[{"href":"https:\/\/gronau-inside.de\/en\/wp-json\/wp\/v2\/product"}],"about":[{"href":"https:\/\/gronau-inside.de\/en\/wp-json\/wp\/v2\/types\/product"}],"wp:featuredmedia":[{"embeddable":true,"href":"https:\/\/gronau-inside.de\/en\/wp-json\/wp\/v2\/media\/76132"}],"wp:attachment":[{"href":"https:\/\/gronau-inside.de\/en\/wp-json\/wp\/v2\/media?parent=26686"}],"wp:term":[{"taxonomy":"product_brand","embeddable":true,"href":"https:\/\/gronau-inside.de\/en\/wp-json\/wp\/v2\/product_brand?post=26686"},{"taxonomy":"product_cat","embeddable":true,"href":"https:\/\/gronau-inside.de\/en\/wp-json\/wp\/v2\/product_cat?post=26686"},{"taxonomy":"product_tag","embeddable":true,"href":"https:\/\/gronau-inside.de\/en\/wp-json\/wp\/v2\/product_tag?post=26686"}],"curies":[{"name":"wp","href":"https:\/\/api.w.org\/{rel}","templated":true}]}}