{"id":66239,"date":"2024-07-23T11:45:38","date_gmt":"2024-07-23T09:45:38","guid":{"rendered":"https:\/\/gronau-inside.de\/?post_type=product&#038;p=66239"},"modified":"2024-08-12T13:00:20","modified_gmt":"2024-08-12T11:00:20","slug":"radwanderkarte-haarmuehle-tour-route-12","status":"publish","type":"product","link":"https:\/\/gronau-inside.de\/en\/produkt\/radwanderkarte-haarmuehle-tour-route-12","title":{"rendered":"Radwanderkarte Haarm\u00fchle-Tour (Route 12)"},"content":{"rendered":"","protected":false},"excerpt":{"rendered":"<p>Die Haarm\u00fchle-Tour f\u00fchrt euch, wie der Name schon verr\u00e4t, zur historischen Wasserm\u00fchle Haarm\u00fchle nach Alst\u00e4tte. Auf dem Weg dorthin fahrt ihr durch das Witte Venn. K\u00f6nnt ihr dort die heimischen Hochlandrinder entdecken? Mit ein bisschen Gl\u00fcck grasen sie in direkter N\u00e4he zum Radweg.<\/p>\n<p>Hinweis: Diese Route liegt auf dem Knotenpunktsystem.<\/p>\n<p>Gemeinsam mit der Volksbank Gronau-Ahaus eG w\u00fcnschen wir euch viel Spa\u00df auf den Radrouten!<\/p>\n<p><strong>Inklusive 7% MwSt.<\/strong><\/p>\n","protected":false},"featured_media":66248,"template":"","meta":{"_acf_changed":false,"_price":"0.50","_stock":null,"_tribe_ticket_header":"","_tribe_default_ticket_provider":"","_tribe_ticket_capacity":"","_ticket_start_date":"","_ticket_end_date":"","_tribe_ticket_show_description":"","_tribe_ticket_show_not_going":false,"_tribe_ticket_use_global_stock":"","_tribe_ticket_global_stock_level":"","_global_stock_mode":"","_global_stock_cap":"","_tribe_rsvp_for_event":"","_tribe_ticket_going_count":"","_tribe_ticket_not_going_count":"","_tribe_tickets_list":"[]","_tribe_ticket_has_attendee_info_fields":false},"product_brand":[],"product_cat":[32],"product_tag":[],"class_list":{"0":"post-66239","1":"product","2":"type-product","3":"status-publish","4":"has-post-thumbnail","6":"product_cat-karten","7":"product_shipping_class-brief","9":"first","10":"instock","11":"taxable","12":"shipping-taxable","13":"purchasable","14":"product-type-simple"},"acf":[],"yoast_head":"<!-- This site is optimized with the Yoast SEO plugin v27.5 - https:\/\/yoast.com\/product\/yoast-seo-wordpress\/ -->\n<title>Radwanderkarte Haarm\u00fchle-Tour (Route 12) - Gronau Inside<\/title>\n<meta name=\"robots\" content=\"index, follow, max-snippet:-1, max-image-preview:large, max-video-preview:-1\" \/>\n<link rel=\"canonical\" href=\"https:\/\/gronau-inside.de\/en\/produkt\/radwanderkarte-haarmuehle-tour-route-12\" \/>\n<meta property=\"og:locale\" content=\"en_US\" \/>\n<meta property=\"og:type\" content=\"article\" \/>\n<meta property=\"og:title\" content=\"Radwanderkarte Haarm\u00fchle-Tour (Route 12) - Gronau Inside\" \/>\n<meta property=\"og:description\" content=\"Die Haarm\u00fchle-Tour f\u00fchrt euch, wie der Name schon verr\u00e4t, zur historischen Wasserm\u00fchle Haarm\u00fchle nach Alst\u00e4tte. Auf dem Weg dorthin fahrt ihr durch das Witte Venn. K\u00f6nnt ihr dort die heimischen Hochlandrinder entdecken? Mit ein bisschen Gl\u00fcck grasen sie in direkter N\u00e4he zum Radweg.  Hinweis: Diese Route liegt auf dem Knotenpunktsystem.  Gemeinsam mit der Volksbank Gronau-Ahaus eG w\u00fcnschen wir euch viel Spa\u00df auf den Radrouten!  Inklusive 7% MwSt.\" \/>\n<meta property=\"og:url\" content=\"https:\/\/gronau-inside.de\/en\/produkt\/radwanderkarte-haarmuehle-tour-route-12\" \/>\n<meta property=\"og:site_name\" content=\"Gronau Inside\" \/>\n<meta property=\"article:modified_time\" content=\"2024-08-12T11:00:20+00:00\" \/>\n<meta property=\"og:image\" content=\"https:\/\/gronau-inside.de\/wp-content\/uploads\/2024\/07\/WhatsApp-Image-2024-07-22-at-16.10.09.jpeg\" \/>\n\t<meta property=\"og:image:width\" content=\"1200\" \/>\n\t<meta property=\"og:image:height\" content=\"1600\" \/>\n\t<meta property=\"og:image:type\" content=\"image\/jpeg\" \/>\n<meta name=\"twitter:card\" content=\"summary_large_image\" \/>\n<script type=\"application\/ld+json\" class=\"yoast-schema-graph\">{\"@context\":\"https:\\\/\\\/schema.org\",\"@graph\":[{\"@type\":\"WebPage\",\"@id\":\"https:\\\/\\\/gronau-inside.de\\\/en\\\/produkt\\\/radwanderkarte-haarmuehle-tour-route-12\",\"url\":\"https:\\\/\\\/gronau-inside.de\\\/en\\\/produkt\\\/radwanderkarte-haarmuehle-tour-route-12\",\"name\":\"Radwanderkarte Haarm\u00fchle-Tour (Route 12) - Gronau Inside\",\"isPartOf\":{\"@id\":\"https:\\\/\\\/gronau-inside.de\\\/en#website\"},\"primaryImageOfPage\":{\"@id\":\"https:\\\/\\\/gronau-inside.de\\\/en\\\/produkt\\\/radwanderkarte-haarmuehle-tour-route-12#primaryimage\"},\"image\":{\"@id\":\"https:\\\/\\\/gronau-inside.de\\\/en\\\/produkt\\\/radwanderkarte-haarmuehle-tour-route-12#primaryimage\"},\"thumbnailUrl\":\"https:\\\/\\\/gronau-inside.de\\\/wp-content\\\/uploads\\\/2024\\\/07\\\/WhatsApp-Image-2024-07-22-at-16.10.09.jpeg\",\"datePublished\":\"2024-07-23T09:45:38+00:00\",\"dateModified\":\"2024-08-12T11:00:20+00:00\",\"breadcrumb\":{\"@id\":\"https:\\\/\\\/gronau-inside.de\\\/en\\\/produkt\\\/radwanderkarte-haarmuehle-tour-route-12#breadcrumb\"},\"inLanguage\":\"en-US\",\"potentialAction\":[{\"@type\":\"ReadAction\",\"target\":[\"https:\\\/\\\/gronau-inside.de\\\/en\\\/produkt\\\/radwanderkarte-haarmuehle-tour-route-12\"]}]},{\"@type\":\"ImageObject\",\"inLanguage\":\"en-US\",\"@id\":\"https:\\\/\\\/gronau-inside.de\\\/en\\\/produkt\\\/radwanderkarte-haarmuehle-tour-route-12#primaryimage\",\"url\":\"https:\\\/\\\/gronau-inside.de\\\/wp-content\\\/uploads\\\/2024\\\/07\\\/WhatsApp-Image-2024-07-22-at-16.10.09.jpeg\",\"contentUrl\":\"https:\\\/\\\/gronau-inside.de\\\/wp-content\\\/uploads\\\/2024\\\/07\\\/WhatsApp-Image-2024-07-22-at-16.10.09.jpeg\",\"width\":1200,\"height\":1600,\"caption\":\"Vorderseite des Radwanderflyers Haarm\u00fchle-Tour mit einem Bild der historischen Wasserm\u00fchle\"},{\"@type\":\"BreadcrumbList\",\"@id\":\"https:\\\/\\\/gronau-inside.de\\\/en\\\/produkt\\\/radwanderkarte-haarmuehle-tour-route-12#breadcrumb\",\"itemListElement\":[{\"@type\":\"ListItem\",\"position\":1,\"name\":\"Startseite\",\"item\":\"https:\\\/\\\/gronau-inside.de\\\/en\\\/home-page\"},{\"@type\":\"ListItem\",\"position\":2,\"name\":\"Shop\",\"item\":\"https:\\\/\\\/gronau-inside.de\\\/en\\\/shop\"},{\"@type\":\"ListItem\",\"position\":3,\"name\":\"Radwanderkarte Haarm\u00fchle-Tour (Route 12)\"}]},{\"@type\":\"WebSite\",\"@id\":\"https:\\\/\\\/gronau-inside.de\\\/en#website\",\"url\":\"https:\\\/\\\/gronau-inside.de\\\/en\",\"name\":\"Gronau Inside\",\"description\":\"Musikstadt im Gr\u00fcnen\",\"publisher\":{\"@id\":\"https:\\\/\\\/gronau-inside.de\\\/en#organization\"},\"potentialAction\":[{\"@type\":\"SearchAction\",\"target\":{\"@type\":\"EntryPoint\",\"urlTemplate\":\"https:\\\/\\\/gronau-inside.de\\\/en?s={search_term_string}\"},\"query-input\":{\"@type\":\"PropertyValueSpecification\",\"valueRequired\":true,\"valueName\":\"search_term_string\"}}],\"inLanguage\":\"en-US\"},{\"@type\":\"Organization\",\"@id\":\"https:\\\/\\\/gronau-inside.de\\\/en#organization\",\"name\":\"Gronau Inside\",\"url\":\"https:\\\/\\\/gronau-inside.de\\\/en\",\"logo\":{\"@type\":\"ImageObject\",\"inLanguage\":\"en-US\",\"@id\":\"https:\\\/\\\/gronau-inside.de\\\/en#\\\/schema\\\/logo\\\/image\\\/\",\"url\":\"https:\\\/\\\/gronau-inside.de\\\/wp-content\\\/uploads\\\/2020\\\/10\\\/01_gronau-logo_weissaufweiss_Schriftzug-1.png\",\"contentUrl\":\"https:\\\/\\\/gronau-inside.de\\\/wp-content\\\/uploads\\\/2020\\\/10\\\/01_gronau-logo_weissaufweiss_Schriftzug-1.png\",\"width\":254,\"height\":246,\"caption\":\"Gronau Inside\"},\"image\":{\"@id\":\"https:\\\/\\\/gronau-inside.de\\\/en#\\\/schema\\\/logo\\\/image\\\/\"}}]}<\/script>\n<!-- \/ Yoast SEO plugin. -->","yoast_head_json":{"title":"Radwanderkarte Haarm\u00fchle-Tour (Route 12) - Gronau Inside","robots":{"index":"index","follow":"follow","max-snippet":"max-snippet:-1","max-image-preview":"max-image-preview:large","max-video-preview":"max-video-preview:-1"},"canonical":"https:\/\/gronau-inside.de\/en\/produkt\/radwanderkarte-haarmuehle-tour-route-12","og_locale":"en_US","og_type":"article","og_title":"Radwanderkarte Haarm\u00fchle-Tour (Route 12) - Gronau Inside","og_description":"Die Haarm\u00fchle-Tour f\u00fchrt euch, wie der Name schon verr\u00e4t, zur historischen Wasserm\u00fchle Haarm\u00fchle nach Alst\u00e4tte. Auf dem Weg dorthin fahrt ihr durch das Witte Venn. K\u00f6nnt ihr dort die heimischen Hochlandrinder entdecken? Mit ein bisschen Gl\u00fcck grasen sie in direkter N\u00e4he zum Radweg.  Hinweis: Diese Route liegt auf dem Knotenpunktsystem.  Gemeinsam mit der Volksbank Gronau-Ahaus eG w\u00fcnschen wir euch viel Spa\u00df auf den Radrouten!  Inklusive 7% MwSt.","og_url":"https:\/\/gronau-inside.de\/en\/produkt\/radwanderkarte-haarmuehle-tour-route-12","og_site_name":"Gronau Inside","article_modified_time":"2024-08-12T11:00:20+00:00","og_image":[{"width":1200,"height":1600,"url":"https:\/\/gronau-inside.de\/wp-content\/uploads\/2024\/07\/WhatsApp-Image-2024-07-22-at-16.10.09.jpeg","type":"image\/jpeg"}],"twitter_card":"summary_large_image","schema":{"@context":"https:\/\/schema.org","@graph":[{"@type":"WebPage","@id":"https:\/\/gronau-inside.de\/en\/produkt\/radwanderkarte-haarmuehle-tour-route-12","url":"https:\/\/gronau-inside.de\/en\/produkt\/radwanderkarte-haarmuehle-tour-route-12","name":"Radwanderkarte Haarm\u00fchle-Tour (Route 12) - Gronau Inside","isPartOf":{"@id":"https:\/\/gronau-inside.de\/en#website"},"primaryImageOfPage":{"@id":"https:\/\/gronau-inside.de\/en\/produkt\/radwanderkarte-haarmuehle-tour-route-12#primaryimage"},"image":{"@id":"https:\/\/gronau-inside.de\/en\/produkt\/radwanderkarte-haarmuehle-tour-route-12#primaryimage"},"thumbnailUrl":"https:\/\/gronau-inside.de\/wp-content\/uploads\/2024\/07\/WhatsApp-Image-2024-07-22-at-16.10.09.jpeg","datePublished":"2024-07-23T09:45:38+00:00","dateModified":"2024-08-12T11:00:20+00:00","breadcrumb":{"@id":"https:\/\/gronau-inside.de\/en\/produkt\/radwanderkarte-haarmuehle-tour-route-12#breadcrumb"},"inLanguage":"en-US","potentialAction":[{"@type":"ReadAction","target":["https:\/\/gronau-inside.de\/en\/produkt\/radwanderkarte-haarmuehle-tour-route-12"]}]},{"@type":"ImageObject","inLanguage":"en-US","@id":"https:\/\/gronau-inside.de\/en\/produkt\/radwanderkarte-haarmuehle-tour-route-12#primaryimage","url":"https:\/\/gronau-inside.de\/wp-content\/uploads\/2024\/07\/WhatsApp-Image-2024-07-22-at-16.10.09.jpeg","contentUrl":"https:\/\/gronau-inside.de\/wp-content\/uploads\/2024\/07\/WhatsApp-Image-2024-07-22-at-16.10.09.jpeg","width":1200,"height":1600,"caption":"Vorderseite des Radwanderflyers Haarm\u00fchle-Tour mit einem Bild der historischen Wasserm\u00fchle"},{"@type":"BreadcrumbList","@id":"https:\/\/gronau-inside.de\/en\/produkt\/radwanderkarte-haarmuehle-tour-route-12#breadcrumb","itemListElement":[{"@type":"ListItem","position":1,"name":"Startseite","item":"https:\/\/gronau-inside.de\/en\/home-page"},{"@type":"ListItem","position":2,"name":"Shop","item":"https:\/\/gronau-inside.de\/en\/shop"},{"@type":"ListItem","position":3,"name":"Radwanderkarte Haarm\u00fchle-Tour (Route 12)"}]},{"@type":"WebSite","@id":"https:\/\/gronau-inside.de\/en#website","url":"https:\/\/gronau-inside.de\/en","name":"Gronau Inside","description":"Musikstadt im Gr\u00fcnen","publisher":{"@id":"https:\/\/gronau-inside.de\/en#organization"},"potentialAction":[{"@type":"SearchAction","target":{"@type":"EntryPoint","urlTemplate":"https:\/\/gronau-inside.de\/en?s={search_term_string}"},"query-input":{"@type":"PropertyValueSpecification","valueRequired":true,"valueName":"search_term_string"}}],"inLanguage":"en-US"},{"@type":"Organization","@id":"https:\/\/gronau-inside.de\/en#organization","name":"Gronau Inside","url":"https:\/\/gronau-inside.de\/en","logo":{"@type":"ImageObject","inLanguage":"en-US","@id":"https:\/\/gronau-inside.de\/en#\/schema\/logo\/image\/","url":"https:\/\/gronau-inside.de\/wp-content\/uploads\/2020\/10\/01_gronau-logo_weissaufweiss_Schriftzug-1.png","contentUrl":"https:\/\/gronau-inside.de\/wp-content\/uploads\/2020\/10\/01_gronau-logo_weissaufweiss_Schriftzug-1.png","width":254,"height":246,"caption":"Gronau Inside"},"image":{"@id":"https:\/\/gronau-inside.de\/en#\/schema\/logo\/image\/"}}]}},"_links":{"self":[{"href":"https:\/\/gronau-inside.de\/en\/wp-json\/wp\/v2\/product\/66239","targetHints":{"allow":["GET"]}}],"collection":[{"href":"https:\/\/gronau-inside.de\/en\/wp-json\/wp\/v2\/product"}],"about":[{"href":"https:\/\/gronau-inside.de\/en\/wp-json\/wp\/v2\/types\/product"}],"wp:featuredmedia":[{"embeddable":true,"href":"https:\/\/gronau-inside.de\/en\/wp-json\/wp\/v2\/media\/66248"}],"wp:attachment":[{"href":"https:\/\/gronau-inside.de\/en\/wp-json\/wp\/v2\/media?parent=66239"}],"wp:term":[{"taxonomy":"product_brand","embeddable":true,"href":"https:\/\/gronau-inside.de\/en\/wp-json\/wp\/v2\/product_brand?post=66239"},{"taxonomy":"product_cat","embeddable":true,"href":"https:\/\/gronau-inside.de\/en\/wp-json\/wp\/v2\/product_cat?post=66239"},{"taxonomy":"product_tag","embeddable":true,"href":"https:\/\/gronau-inside.de\/en\/wp-json\/wp\/v2\/product_tag?post=66239"}],"curies":[{"name":"wp","href":"https:\/\/api.w.org\/{rel}","templated":true}]}}