{"id":66286,"date":"2024-07-23T12:32:00","date_gmt":"2024-07-23T10:32:00","guid":{"rendered":"https:\/\/gronau-inside.de\/?post_type=product&#038;p=66286"},"modified":"2024-07-23T12:39:02","modified_gmt":"2024-07-23T10:39:02","slug":"radwanderkarte-emsflower-tour-route-14","status":"publish","type":"product","link":"https:\/\/gronau-inside.de\/en\/produkt\/radwanderkarte-emsflower-tour-route-14","title":{"rendered":"Radwanderkarte Emsflower-Tour (Route 14)"},"content":{"rendered":"","protected":false},"excerpt":{"rendered":"<p>Die Emsflower-Tour f\u00fchrt euch auf gut 77 km zur Emsflower Erlebniswelt in Emsb\u00fcren. Auf dem Weg fahrt ihr unter anderem durch Bad Bentheim und Sch\u00fcttorf und kommt am Quendorfer See und am Dreil\u00e4ndersee vorbei. Diese bieten sich f\u00fcr eine k\u00fchle Verschnaufpause an.<\/p>\n<p>Hinweis: Diese Route liegt auf dem Knotenpunktsystem.<\/p>\n<p><strong>Inklusive 7% MwSt.<\/strong><\/p>\n","protected":false},"featured_media":66293,"template":"","meta":{"_acf_changed":false,"_price":"0.50","_stock":null,"_tribe_ticket_header":"","_tribe_default_ticket_provider":"","_tribe_ticket_capacity":"","_ticket_start_date":"","_ticket_end_date":"","_tribe_ticket_show_description":"","_tribe_ticket_show_not_going":false,"_tribe_ticket_use_global_stock":"","_tribe_ticket_global_stock_level":"","_global_stock_mode":"","_global_stock_cap":"","_tribe_rsvp_for_event":"","_tribe_ticket_going_count":"","_tribe_ticket_not_going_count":"","_tribe_tickets_list":"[]","_tribe_ticket_has_attendee_info_fields":false},"product_brand":[],"product_cat":[32],"product_tag":[],"class_list":{"0":"post-66286","1":"product","2":"type-product","3":"status-publish","4":"has-post-thumbnail","6":"product_cat-karten","7":"product_shipping_class-brief","9":"first","10":"instock","11":"taxable","12":"shipping-taxable","13":"purchasable","14":"product-type-simple"},"acf":[],"yoast_head":"<!-- This site is optimized with the Yoast SEO plugin v27.3 - https:\/\/yoast.com\/product\/yoast-seo-wordpress\/ -->\n<title>Radwanderkarte Emsflower-Tour (Route 14) - Gronau Inside<\/title>\n<meta name=\"robots\" content=\"index, follow, max-snippet:-1, max-image-preview:large, max-video-preview:-1\" \/>\n<link rel=\"canonical\" href=\"https:\/\/gronau-inside.de\/en\/produkt\/radwanderkarte-emsflower-tour-route-14\" \/>\n<meta property=\"og:locale\" content=\"en_US\" \/>\n<meta property=\"og:type\" content=\"article\" \/>\n<meta property=\"og:title\" content=\"Radwanderkarte Emsflower-Tour (Route 14) - Gronau Inside\" \/>\n<meta property=\"og:description\" content=\"Die Emsflower-Tour f\u00fchrt euch auf gut 77 km zur Emsflower Erlebniswelt in Emsb\u00fcren. Auf dem Weg fahrt ihr unter anderem durch Bad Bentheim und Sch\u00fcttorf und kommt am Quendorfer See und am Dreil\u00e4ndersee vorbei. Diese bieten sich f\u00fcr eine k\u00fchle Verschnaufpause an.  Hinweis: Diese Route liegt auf dem Knotenpunktsystem.  Inklusive 7% MwSt.\" \/>\n<meta property=\"og:url\" content=\"https:\/\/gronau-inside.de\/en\/produkt\/radwanderkarte-emsflower-tour-route-14\" \/>\n<meta property=\"og:site_name\" content=\"Gronau Inside\" \/>\n<meta property=\"article:modified_time\" content=\"2024-07-23T10:39:02+00:00\" \/>\n<meta property=\"og:image\" content=\"https:\/\/gronau-inside.de\/wp-content\/uploads\/2024\/07\/WhatsApp-Image-2024-07-22-at-16.10.07-1.jpeg\" \/>\n\t<meta property=\"og:image:width\" content=\"1536\" \/>\n\t<meta property=\"og:image:height\" content=\"2048\" \/>\n\t<meta property=\"og:image:type\" content=\"image\/jpeg\" \/>\n<meta name=\"twitter:card\" content=\"summary_large_image\" \/>\n<script type=\"application\/ld+json\" class=\"yoast-schema-graph\">{\"@context\":\"https:\\\/\\\/schema.org\",\"@graph\":[{\"@type\":\"WebPage\",\"@id\":\"https:\\\/\\\/gronau-inside.de\\\/en\\\/produkt\\\/radwanderkarte-emsflower-tour-route-14\",\"url\":\"https:\\\/\\\/gronau-inside.de\\\/en\\\/produkt\\\/radwanderkarte-emsflower-tour-route-14\",\"name\":\"Radwanderkarte Emsflower-Tour (Route 14) - Gronau Inside\",\"isPartOf\":{\"@id\":\"https:\\\/\\\/gronau-inside.de\\\/en#website\"},\"primaryImageOfPage\":{\"@id\":\"https:\\\/\\\/gronau-inside.de\\\/en\\\/produkt\\\/radwanderkarte-emsflower-tour-route-14#primaryimage\"},\"image\":{\"@id\":\"https:\\\/\\\/gronau-inside.de\\\/en\\\/produkt\\\/radwanderkarte-emsflower-tour-route-14#primaryimage\"},\"thumbnailUrl\":\"https:\\\/\\\/gronau-inside.de\\\/wp-content\\\/uploads\\\/2024\\\/07\\\/WhatsApp-Image-2024-07-22-at-16.10.07-1.jpeg\",\"datePublished\":\"2024-07-23T10:32:00+00:00\",\"dateModified\":\"2024-07-23T10:39:02+00:00\",\"breadcrumb\":{\"@id\":\"https:\\\/\\\/gronau-inside.de\\\/en\\\/produkt\\\/radwanderkarte-emsflower-tour-route-14#breadcrumb\"},\"inLanguage\":\"en-US\",\"potentialAction\":[{\"@type\":\"ReadAction\",\"target\":[\"https:\\\/\\\/gronau-inside.de\\\/en\\\/produkt\\\/radwanderkarte-emsflower-tour-route-14\"]}]},{\"@type\":\"ImageObject\",\"inLanguage\":\"en-US\",\"@id\":\"https:\\\/\\\/gronau-inside.de\\\/en\\\/produkt\\\/radwanderkarte-emsflower-tour-route-14#primaryimage\",\"url\":\"https:\\\/\\\/gronau-inside.de\\\/wp-content\\\/uploads\\\/2024\\\/07\\\/WhatsApp-Image-2024-07-22-at-16.10.07-1.jpeg\",\"contentUrl\":\"https:\\\/\\\/gronau-inside.de\\\/wp-content\\\/uploads\\\/2024\\\/07\\\/WhatsApp-Image-2024-07-22-at-16.10.07-1.jpeg\",\"width\":1536,\"height\":2048,\"caption\":\"Vorderseite des Radwanderflyers zur Emsflower-Tour. Auf dem Bild ist eine Familie zu sehen, die in ein Fisch-Becken schaut.\"},{\"@type\":\"BreadcrumbList\",\"@id\":\"https:\\\/\\\/gronau-inside.de\\\/en\\\/produkt\\\/radwanderkarte-emsflower-tour-route-14#breadcrumb\",\"itemListElement\":[{\"@type\":\"ListItem\",\"position\":1,\"name\":\"Startseite\",\"item\":\"https:\\\/\\\/gronau-inside.de\\\/en\\\/home-page\"},{\"@type\":\"ListItem\",\"position\":2,\"name\":\"Shop\",\"item\":\"https:\\\/\\\/gronau-inside.de\\\/en\\\/shop\"},{\"@type\":\"ListItem\",\"position\":3,\"name\":\"Radwanderkarte Emsflower-Tour (Route 14)\"}]},{\"@type\":\"WebSite\",\"@id\":\"https:\\\/\\\/gronau-inside.de\\\/en#website\",\"url\":\"https:\\\/\\\/gronau-inside.de\\\/en\",\"name\":\"Gronau Inside\",\"description\":\"Musikstadt im Gr\u00fcnen\",\"publisher\":{\"@id\":\"https:\\\/\\\/gronau-inside.de\\\/en#organization\"},\"potentialAction\":[{\"@type\":\"SearchAction\",\"target\":{\"@type\":\"EntryPoint\",\"urlTemplate\":\"https:\\\/\\\/gronau-inside.de\\\/en?s={search_term_string}\"},\"query-input\":{\"@type\":\"PropertyValueSpecification\",\"valueRequired\":true,\"valueName\":\"search_term_string\"}}],\"inLanguage\":\"en-US\"},{\"@type\":\"Organization\",\"@id\":\"https:\\\/\\\/gronau-inside.de\\\/en#organization\",\"name\":\"Gronau Inside\",\"url\":\"https:\\\/\\\/gronau-inside.de\\\/en\",\"logo\":{\"@type\":\"ImageObject\",\"inLanguage\":\"en-US\",\"@id\":\"https:\\\/\\\/gronau-inside.de\\\/en#\\\/schema\\\/logo\\\/image\\\/\",\"url\":\"https:\\\/\\\/gronau-inside.de\\\/wp-content\\\/uploads\\\/2020\\\/10\\\/01_gronau-logo_weissaufweiss_Schriftzug-1.png\",\"contentUrl\":\"https:\\\/\\\/gronau-inside.de\\\/wp-content\\\/uploads\\\/2020\\\/10\\\/01_gronau-logo_weissaufweiss_Schriftzug-1.png\",\"width\":254,\"height\":246,\"caption\":\"Gronau Inside\"},\"image\":{\"@id\":\"https:\\\/\\\/gronau-inside.de\\\/en#\\\/schema\\\/logo\\\/image\\\/\"}}]}<\/script>\n<!-- \/ Yoast SEO plugin. -->","yoast_head_json":{"title":"Radwanderkarte Emsflower-Tour (Route 14) - Gronau Inside","robots":{"index":"index","follow":"follow","max-snippet":"max-snippet:-1","max-image-preview":"max-image-preview:large","max-video-preview":"max-video-preview:-1"},"canonical":"https:\/\/gronau-inside.de\/en\/produkt\/radwanderkarte-emsflower-tour-route-14","og_locale":"en_US","og_type":"article","og_title":"Radwanderkarte Emsflower-Tour (Route 14) - Gronau Inside","og_description":"Die Emsflower-Tour f\u00fchrt euch auf gut 77 km zur Emsflower Erlebniswelt in Emsb\u00fcren. Auf dem Weg fahrt ihr unter anderem durch Bad Bentheim und Sch\u00fcttorf und kommt am Quendorfer See und am Dreil\u00e4ndersee vorbei. Diese bieten sich f\u00fcr eine k\u00fchle Verschnaufpause an.  Hinweis: Diese Route liegt auf dem Knotenpunktsystem.  Inklusive 7% MwSt.","og_url":"https:\/\/gronau-inside.de\/en\/produkt\/radwanderkarte-emsflower-tour-route-14","og_site_name":"Gronau Inside","article_modified_time":"2024-07-23T10:39:02+00:00","og_image":[{"width":1536,"height":2048,"url":"https:\/\/gronau-inside.de\/wp-content\/uploads\/2024\/07\/WhatsApp-Image-2024-07-22-at-16.10.07-1.jpeg","type":"image\/jpeg"}],"twitter_card":"summary_large_image","schema":{"@context":"https:\/\/schema.org","@graph":[{"@type":"WebPage","@id":"https:\/\/gronau-inside.de\/en\/produkt\/radwanderkarte-emsflower-tour-route-14","url":"https:\/\/gronau-inside.de\/en\/produkt\/radwanderkarte-emsflower-tour-route-14","name":"Radwanderkarte Emsflower-Tour (Route 14) - Gronau Inside","isPartOf":{"@id":"https:\/\/gronau-inside.de\/en#website"},"primaryImageOfPage":{"@id":"https:\/\/gronau-inside.de\/en\/produkt\/radwanderkarte-emsflower-tour-route-14#primaryimage"},"image":{"@id":"https:\/\/gronau-inside.de\/en\/produkt\/radwanderkarte-emsflower-tour-route-14#primaryimage"},"thumbnailUrl":"https:\/\/gronau-inside.de\/wp-content\/uploads\/2024\/07\/WhatsApp-Image-2024-07-22-at-16.10.07-1.jpeg","datePublished":"2024-07-23T10:32:00+00:00","dateModified":"2024-07-23T10:39:02+00:00","breadcrumb":{"@id":"https:\/\/gronau-inside.de\/en\/produkt\/radwanderkarte-emsflower-tour-route-14#breadcrumb"},"inLanguage":"en-US","potentialAction":[{"@type":"ReadAction","target":["https:\/\/gronau-inside.de\/en\/produkt\/radwanderkarte-emsflower-tour-route-14"]}]},{"@type":"ImageObject","inLanguage":"en-US","@id":"https:\/\/gronau-inside.de\/en\/produkt\/radwanderkarte-emsflower-tour-route-14#primaryimage","url":"https:\/\/gronau-inside.de\/wp-content\/uploads\/2024\/07\/WhatsApp-Image-2024-07-22-at-16.10.07-1.jpeg","contentUrl":"https:\/\/gronau-inside.de\/wp-content\/uploads\/2024\/07\/WhatsApp-Image-2024-07-22-at-16.10.07-1.jpeg","width":1536,"height":2048,"caption":"Vorderseite des Radwanderflyers zur Emsflower-Tour. Auf dem Bild ist eine Familie zu sehen, die in ein Fisch-Becken schaut."},{"@type":"BreadcrumbList","@id":"https:\/\/gronau-inside.de\/en\/produkt\/radwanderkarte-emsflower-tour-route-14#breadcrumb","itemListElement":[{"@type":"ListItem","position":1,"name":"Startseite","item":"https:\/\/gronau-inside.de\/en\/home-page"},{"@type":"ListItem","position":2,"name":"Shop","item":"https:\/\/gronau-inside.de\/en\/shop"},{"@type":"ListItem","position":3,"name":"Radwanderkarte Emsflower-Tour (Route 14)"}]},{"@type":"WebSite","@id":"https:\/\/gronau-inside.de\/en#website","url":"https:\/\/gronau-inside.de\/en","name":"Gronau Inside","description":"Musikstadt im Gr\u00fcnen","publisher":{"@id":"https:\/\/gronau-inside.de\/en#organization"},"potentialAction":[{"@type":"SearchAction","target":{"@type":"EntryPoint","urlTemplate":"https:\/\/gronau-inside.de\/en?s={search_term_string}"},"query-input":{"@type":"PropertyValueSpecification","valueRequired":true,"valueName":"search_term_string"}}],"inLanguage":"en-US"},{"@type":"Organization","@id":"https:\/\/gronau-inside.de\/en#organization","name":"Gronau Inside","url":"https:\/\/gronau-inside.de\/en","logo":{"@type":"ImageObject","inLanguage":"en-US","@id":"https:\/\/gronau-inside.de\/en#\/schema\/logo\/image\/","url":"https:\/\/gronau-inside.de\/wp-content\/uploads\/2020\/10\/01_gronau-logo_weissaufweiss_Schriftzug-1.png","contentUrl":"https:\/\/gronau-inside.de\/wp-content\/uploads\/2020\/10\/01_gronau-logo_weissaufweiss_Schriftzug-1.png","width":254,"height":246,"caption":"Gronau Inside"},"image":{"@id":"https:\/\/gronau-inside.de\/en#\/schema\/logo\/image\/"}}]}},"_links":{"self":[{"href":"https:\/\/gronau-inside.de\/en\/wp-json\/wp\/v2\/product\/66286","targetHints":{"allow":["GET"]}}],"collection":[{"href":"https:\/\/gronau-inside.de\/en\/wp-json\/wp\/v2\/product"}],"about":[{"href":"https:\/\/gronau-inside.de\/en\/wp-json\/wp\/v2\/types\/product"}],"wp:featuredmedia":[{"embeddable":true,"href":"https:\/\/gronau-inside.de\/en\/wp-json\/wp\/v2\/media\/66293"}],"wp:attachment":[{"href":"https:\/\/gronau-inside.de\/en\/wp-json\/wp\/v2\/media?parent=66286"}],"wp:term":[{"taxonomy":"product_brand","embeddable":true,"href":"https:\/\/gronau-inside.de\/en\/wp-json\/wp\/v2\/product_brand?post=66286"},{"taxonomy":"product_cat","embeddable":true,"href":"https:\/\/gronau-inside.de\/en\/wp-json\/wp\/v2\/product_cat?post=66286"},{"taxonomy":"product_tag","embeddable":true,"href":"https:\/\/gronau-inside.de\/en\/wp-json\/wp\/v2\/product_tag?post=66286"}],"curies":[{"name":"wp","href":"https:\/\/api.w.org\/{rel}","templated":true}]}}