{"id":76166,"date":"2025-03-20T14:34:12","date_gmt":"2025-03-20T13:34:12","guid":{"rendered":"https:\/\/gronau-inside.de\/?post_type=product&#038;p=76166"},"modified":"2025-03-22T12:04:04","modified_gmt":"2025-03-22T11:04:04","slug":"aufkleber-i-love","status":"publish","type":"product","link":"https:\/\/gronau-inside.de\/en\/produkt\/aufkleber-i-love","title":{"rendered":"Aufkleber &#8220;I love&#8230;&#8221;"},"content":{"rendered":"","protected":false},"excerpt":{"rendered":"<p>Wir lieben Gronau, Epe und das Jazzfest! Ihr auch?<\/p>\n<p>Dann sichert euch einen (oder alle) unserer &#8220;I love&#8230;&#8221;-Sticker und dr\u00fcckt eure liebe zu Gronau aus. Ob f\u00fcr den Laptop, ein Stickerbuch oder die Pinnwand, der Aufkleber macht sich \u00fcberall gut.<\/p>\n<p>Aufkleber vor N\u00e4sse sch\u00fctzen. Er ist nicht f\u00fcr Autos oder andere Drau\u00dfen-Orte geeignet.<\/p>\n<p><strong>Inklusive 19 % MwSt.<\/strong><\/p>\n","protected":false},"featured_media":76176,"template":"","meta":{"_acf_changed":false,"_price":"1.50","_stock":null,"_tribe_ticket_header":"","_tribe_default_ticket_provider":"","_tribe_ticket_capacity":"","_ticket_start_date":"","_ticket_end_date":"","_tribe_ticket_show_description":"","_tribe_ticket_show_not_going":false,"_tribe_ticket_use_global_stock":"","_tribe_ticket_global_stock_level":"","_global_stock_mode":"","_global_stock_cap":"","_tribe_rsvp_for_event":"","_tribe_ticket_going_count":"","_tribe_ticket_not_going_count":"","_tribe_tickets_list":"[]","_tribe_ticket_has_attendee_info_fields":false},"product_brand":[],"product_cat":[390,31],"product_tag":[],"class_list":{"0":"post-76166","1":"product","2":"type-product","3":"status-publish","4":"has-post-thumbnail","6":"product_cat-jazzfest","7":"product_cat-souvenirsundmerchandise","8":"product_shipping_class-brief","10":"first","11":"instock","12":"taxable","13":"shipping-taxable","14":"purchasable","15":"product-type-variable"},"acf":[],"yoast_head":"<!-- This site is optimized with the Yoast SEO plugin v27.4 - https:\/\/yoast.com\/product\/yoast-seo-wordpress\/ -->\n<title>Aufkleber &quot;I love...&quot; - Gronau Inside<\/title>\n<meta name=\"robots\" content=\"index, follow, max-snippet:-1, max-image-preview:large, max-video-preview:-1\" \/>\n<link rel=\"canonical\" href=\"https:\/\/gronau-inside.de\/en\/produkt\/aufkleber-i-love\" \/>\n<meta property=\"og:locale\" content=\"en_US\" \/>\n<meta property=\"og:type\" content=\"article\" \/>\n<meta property=\"og:title\" content=\"Aufkleber &quot;I love...&quot; - Gronau Inside\" \/>\n<meta property=\"og:description\" content=\"Wir lieben Gronau, Epe und das Jazzfest! Ihr auch?  Dann sichert euch einen (oder alle) unserer &quot;I love...&quot;-Sticker und dr\u00fcckt eure liebe zu Gronau aus. Ob f\u00fcr den Laptop, ein Stickerbuch oder die Pinnwand, der Aufkleber macht sich \u00fcberall gut.  Aufkleber vor N\u00e4sse sch\u00fctzen. Er ist nicht f\u00fcr Autos oder andere Drau\u00dfen-Orte geeignet.  Inklusive 19 % MwSt.\" \/>\n<meta property=\"og:url\" content=\"https:\/\/gronau-inside.de\/en\/produkt\/aufkleber-i-love\" \/>\n<meta property=\"og:site_name\" content=\"Gronau Inside\" \/>\n<meta property=\"article:modified_time\" content=\"2025-03-22T11:04:04+00:00\" \/>\n<meta property=\"og:image\" content=\"https:\/\/gronau-inside.de\/wp-content\/uploads\/2025\/03\/Sticker-Gronau_I-love_Leonie-Breuers-2.jpeg\" \/>\n\t<meta property=\"og:image:width\" content=\"768\" \/>\n\t<meta property=\"og:image:height\" content=\"1024\" \/>\n\t<meta property=\"og:image:type\" content=\"image\/jpeg\" \/>\n<meta name=\"twitter:card\" content=\"summary_large_image\" \/>\n<script type=\"application\/ld+json\" class=\"yoast-schema-graph\">{\"@context\":\"https:\\\/\\\/schema.org\",\"@graph\":[{\"@type\":\"WebPage\",\"@id\":\"https:\\\/\\\/gronau-inside.de\\\/en\\\/produkt\\\/aufkleber-i-love\",\"url\":\"https:\\\/\\\/gronau-inside.de\\\/en\\\/produkt\\\/aufkleber-i-love\",\"name\":\"Aufkleber \\\"I love...\\\" - Gronau Inside\",\"isPartOf\":{\"@id\":\"https:\\\/\\\/gronau-inside.de\\\/en#website\"},\"primaryImageOfPage\":{\"@id\":\"https:\\\/\\\/gronau-inside.de\\\/en\\\/produkt\\\/aufkleber-i-love#primaryimage\"},\"image\":{\"@id\":\"https:\\\/\\\/gronau-inside.de\\\/en\\\/produkt\\\/aufkleber-i-love#primaryimage\"},\"thumbnailUrl\":\"https:\\\/\\\/gronau-inside.de\\\/wp-content\\\/uploads\\\/2025\\\/03\\\/Sticker-Gronau_I-love_Leonie-Breuers-2.jpeg\",\"datePublished\":\"2025-03-20T13:34:12+00:00\",\"dateModified\":\"2025-03-22T11:04:04+00:00\",\"breadcrumb\":{\"@id\":\"https:\\\/\\\/gronau-inside.de\\\/en\\\/produkt\\\/aufkleber-i-love#breadcrumb\"},\"inLanguage\":\"en-US\",\"potentialAction\":[{\"@type\":\"ReadAction\",\"target\":[\"https:\\\/\\\/gronau-inside.de\\\/en\\\/produkt\\\/aufkleber-i-love\"]}]},{\"@type\":\"ImageObject\",\"inLanguage\":\"en-US\",\"@id\":\"https:\\\/\\\/gronau-inside.de\\\/en\\\/produkt\\\/aufkleber-i-love#primaryimage\",\"url\":\"https:\\\/\\\/gronau-inside.de\\\/wp-content\\\/uploads\\\/2025\\\/03\\\/Sticker-Gronau_I-love_Leonie-Breuers-2.jpeg\",\"contentUrl\":\"https:\\\/\\\/gronau-inside.de\\\/wp-content\\\/uploads\\\/2025\\\/03\\\/Sticker-Gronau_I-love_Leonie-Breuers-2.jpeg\",\"width\":768,\"height\":1024},{\"@type\":\"BreadcrumbList\",\"@id\":\"https:\\\/\\\/gronau-inside.de\\\/en\\\/produkt\\\/aufkleber-i-love#breadcrumb\",\"itemListElement\":[{\"@type\":\"ListItem\",\"position\":1,\"name\":\"Startseite\",\"item\":\"https:\\\/\\\/gronau-inside.de\\\/en\\\/home-page\"},{\"@type\":\"ListItem\",\"position\":2,\"name\":\"Shop\",\"item\":\"https:\\\/\\\/gronau-inside.de\\\/en\\\/shop\"},{\"@type\":\"ListItem\",\"position\":3,\"name\":\"Aufkleber &#8220;I love&#8230;&#8221;\"}]},{\"@type\":\"WebSite\",\"@id\":\"https:\\\/\\\/gronau-inside.de\\\/en#website\",\"url\":\"https:\\\/\\\/gronau-inside.de\\\/en\",\"name\":\"Gronau Inside\",\"description\":\"Musikstadt im Gr\u00fcnen\",\"publisher\":{\"@id\":\"https:\\\/\\\/gronau-inside.de\\\/en#organization\"},\"potentialAction\":[{\"@type\":\"SearchAction\",\"target\":{\"@type\":\"EntryPoint\",\"urlTemplate\":\"https:\\\/\\\/gronau-inside.de\\\/en?s={search_term_string}\"},\"query-input\":{\"@type\":\"PropertyValueSpecification\",\"valueRequired\":true,\"valueName\":\"search_term_string\"}}],\"inLanguage\":\"en-US\"},{\"@type\":\"Organization\",\"@id\":\"https:\\\/\\\/gronau-inside.de\\\/en#organization\",\"name\":\"Gronau Inside\",\"url\":\"https:\\\/\\\/gronau-inside.de\\\/en\",\"logo\":{\"@type\":\"ImageObject\",\"inLanguage\":\"en-US\",\"@id\":\"https:\\\/\\\/gronau-inside.de\\\/en#\\\/schema\\\/logo\\\/image\\\/\",\"url\":\"https:\\\/\\\/gronau-inside.de\\\/wp-content\\\/uploads\\\/2020\\\/10\\\/01_gronau-logo_weissaufweiss_Schriftzug-1.png\",\"contentUrl\":\"https:\\\/\\\/gronau-inside.de\\\/wp-content\\\/uploads\\\/2020\\\/10\\\/01_gronau-logo_weissaufweiss_Schriftzug-1.png\",\"width\":254,\"height\":246,\"caption\":\"Gronau Inside\"},\"image\":{\"@id\":\"https:\\\/\\\/gronau-inside.de\\\/en#\\\/schema\\\/logo\\\/image\\\/\"}}]}<\/script>\n<!-- \/ Yoast SEO plugin. -->","yoast_head_json":{"title":"Aufkleber \"I love...\" - Gronau Inside","robots":{"index":"index","follow":"follow","max-snippet":"max-snippet:-1","max-image-preview":"max-image-preview:large","max-video-preview":"max-video-preview:-1"},"canonical":"https:\/\/gronau-inside.de\/en\/produkt\/aufkleber-i-love","og_locale":"en_US","og_type":"article","og_title":"Aufkleber \"I love...\" - Gronau Inside","og_description":"Wir lieben Gronau, Epe und das Jazzfest! Ihr auch?  Dann sichert euch einen (oder alle) unserer \"I love...\"-Sticker und dr\u00fcckt eure liebe zu Gronau aus. Ob f\u00fcr den Laptop, ein Stickerbuch oder die Pinnwand, der Aufkleber macht sich \u00fcberall gut.  Aufkleber vor N\u00e4sse sch\u00fctzen. Er ist nicht f\u00fcr Autos oder andere Drau\u00dfen-Orte geeignet.  Inklusive 19 % MwSt.","og_url":"https:\/\/gronau-inside.de\/en\/produkt\/aufkleber-i-love","og_site_name":"Gronau Inside","article_modified_time":"2025-03-22T11:04:04+00:00","og_image":[{"width":768,"height":1024,"url":"https:\/\/gronau-inside.de\/wp-content\/uploads\/2025\/03\/Sticker-Gronau_I-love_Leonie-Breuers-2.jpeg","type":"image\/jpeg"}],"twitter_card":"summary_large_image","schema":{"@context":"https:\/\/schema.org","@graph":[{"@type":"WebPage","@id":"https:\/\/gronau-inside.de\/en\/produkt\/aufkleber-i-love","url":"https:\/\/gronau-inside.de\/en\/produkt\/aufkleber-i-love","name":"Aufkleber \"I love...\" - Gronau Inside","isPartOf":{"@id":"https:\/\/gronau-inside.de\/en#website"},"primaryImageOfPage":{"@id":"https:\/\/gronau-inside.de\/en\/produkt\/aufkleber-i-love#primaryimage"},"image":{"@id":"https:\/\/gronau-inside.de\/en\/produkt\/aufkleber-i-love#primaryimage"},"thumbnailUrl":"https:\/\/gronau-inside.de\/wp-content\/uploads\/2025\/03\/Sticker-Gronau_I-love_Leonie-Breuers-2.jpeg","datePublished":"2025-03-20T13:34:12+00:00","dateModified":"2025-03-22T11:04:04+00:00","breadcrumb":{"@id":"https:\/\/gronau-inside.de\/en\/produkt\/aufkleber-i-love#breadcrumb"},"inLanguage":"en-US","potentialAction":[{"@type":"ReadAction","target":["https:\/\/gronau-inside.de\/en\/produkt\/aufkleber-i-love"]}]},{"@type":"ImageObject","inLanguage":"en-US","@id":"https:\/\/gronau-inside.de\/en\/produkt\/aufkleber-i-love#primaryimage","url":"https:\/\/gronau-inside.de\/wp-content\/uploads\/2025\/03\/Sticker-Gronau_I-love_Leonie-Breuers-2.jpeg","contentUrl":"https:\/\/gronau-inside.de\/wp-content\/uploads\/2025\/03\/Sticker-Gronau_I-love_Leonie-Breuers-2.jpeg","width":768,"height":1024},{"@type":"BreadcrumbList","@id":"https:\/\/gronau-inside.de\/en\/produkt\/aufkleber-i-love#breadcrumb","itemListElement":[{"@type":"ListItem","position":1,"name":"Startseite","item":"https:\/\/gronau-inside.de\/en\/home-page"},{"@type":"ListItem","position":2,"name":"Shop","item":"https:\/\/gronau-inside.de\/en\/shop"},{"@type":"ListItem","position":3,"name":"Aufkleber &#8220;I love&#8230;&#8221;"}]},{"@type":"WebSite","@id":"https:\/\/gronau-inside.de\/en#website","url":"https:\/\/gronau-inside.de\/en","name":"Gronau Inside","description":"Musikstadt im Gr\u00fcnen","publisher":{"@id":"https:\/\/gronau-inside.de\/en#organization"},"potentialAction":[{"@type":"SearchAction","target":{"@type":"EntryPoint","urlTemplate":"https:\/\/gronau-inside.de\/en?s={search_term_string}"},"query-input":{"@type":"PropertyValueSpecification","valueRequired":true,"valueName":"search_term_string"}}],"inLanguage":"en-US"},{"@type":"Organization","@id":"https:\/\/gronau-inside.de\/en#organization","name":"Gronau Inside","url":"https:\/\/gronau-inside.de\/en","logo":{"@type":"ImageObject","inLanguage":"en-US","@id":"https:\/\/gronau-inside.de\/en#\/schema\/logo\/image\/","url":"https:\/\/gronau-inside.de\/wp-content\/uploads\/2020\/10\/01_gronau-logo_weissaufweiss_Schriftzug-1.png","contentUrl":"https:\/\/gronau-inside.de\/wp-content\/uploads\/2020\/10\/01_gronau-logo_weissaufweiss_Schriftzug-1.png","width":254,"height":246,"caption":"Gronau Inside"},"image":{"@id":"https:\/\/gronau-inside.de\/en#\/schema\/logo\/image\/"}}]}},"_links":{"self":[{"href":"https:\/\/gronau-inside.de\/en\/wp-json\/wp\/v2\/product\/76166","targetHints":{"allow":["GET"]}}],"collection":[{"href":"https:\/\/gronau-inside.de\/en\/wp-json\/wp\/v2\/product"}],"about":[{"href":"https:\/\/gronau-inside.de\/en\/wp-json\/wp\/v2\/types\/product"}],"wp:featuredmedia":[{"embeddable":true,"href":"https:\/\/gronau-inside.de\/en\/wp-json\/wp\/v2\/media\/76176"}],"wp:attachment":[{"href":"https:\/\/gronau-inside.de\/en\/wp-json\/wp\/v2\/media?parent=76166"}],"wp:term":[{"taxonomy":"product_brand","embeddable":true,"href":"https:\/\/gronau-inside.de\/en\/wp-json\/wp\/v2\/product_brand?post=76166"},{"taxonomy":"product_cat","embeddable":true,"href":"https:\/\/gronau-inside.de\/en\/wp-json\/wp\/v2\/product_cat?post=76166"},{"taxonomy":"product_tag","embeddable":true,"href":"https:\/\/gronau-inside.de\/en\/wp-json\/wp\/v2\/product_tag?post=76166"}],"curies":[{"name":"wp","href":"https:\/\/api.w.org\/{rel}","templated":true}]}}