{"id":77895,"date":"2024-07-02T16:24:39","date_gmt":"2024-07-02T14:24:39","guid":{"rendered":"https:\/\/gronau-inside.de\/produkt\/with-toenne-speckmann-around-ep"},"modified":"2026-01-13T12:42:57","modified_gmt":"2026-01-13T11:42:57","slug":"with-toenne-speckmann-around-ep","status":"publish","type":"product","link":"https:\/\/gronau-inside.de\/en\/produkt\/with-toenne-speckmann-around-ep","title":{"rendered":"With T\u00f6nne Speckmann around Ep&#8217;"},"content":{"rendered":"","protected":false},"excerpt":{"rendered":"<p>T\u00f6nne Speckmann, an oddball from the southern part of the town and Eper veteran, takes you &#8220;r\u00fcnd \u00fcm Ep'&#8221; and to Gronau. Packed with lots of interesting facts and anecdotes as well as truths and half-truths about Epe (and a little about Gronau), he shows you the most beautiful corners in and around Epe.<\/p>\n<p>The tour will take place in Low German as planned. However, it is also possible for it to be conducted in High German. <\/p>\n<p>Take a break in between and stop off at the Seeblick restaurant.<\/p>\n<p><strong>Highlights:<\/strong><\/p>\n<ul>\n<li>competent tour guide<\/li>\n<li>bilingual possible: Low German and High German<\/li>\n<li>incl. cake break in the Seeblick restaurant (one piece of cake or cake with coffee\/tea flat rate) <\/li>\n<\/ul>\n<p><strong>When.<\/strong><\/p>\n<ul>\n<li>Saturday, April 18, 2026, 1:00 p.m. to approx. 5:00 p.m.<\/li>\n<li>Saturday, June 27, 2026, 1:00 p.m. to approx. 5:00 p.m.<\/li>\n<li>Saturday, September 26, 2026, 1:00 p.m. to approx. 5:00 p.m.<\/li>\n<\/ul>\n<div>\n<p>&nbsp;<\/p>\n<\/div>\n<p><strong>Where?<\/strong><\/p>\n<p>At the St. Martin&#8217;s Column on the forecourt of St. Agatha&#8217;s Church in Epe.<\/p>\n<p>The tour also ends on the church forecourt.<\/p>\n<p><strong>Important:<\/strong><\/p>\n<p>The minimum number of participants is 10.<\/p>\n<p>The tour is around 35 km long.<\/p>\n<p>Please bring a bike in good working order, weatherproof clothing, a helmet is recommended, ID and, if necessary, money for the visit to the caf\u00e9. Costs for cold drinks or other snacks are borne by the participant. <\/p>\n<p>People with the B mark on their disabled pass pay the normal price, the accompanying person is free. These tickets can only be purchased in person at the tourist information office. <\/p>\n<div>Exchanges or refunds are not possible. However, tickets are transferable to other persons. <\/div>\n<p>Subject to change without notice.<\/p>\n<p>&nbsp;<\/p>\n<div><strong>No suitable date?<\/strong><\/div>\n<div>Of course you can also book an individual appointment for T\u00f6nnes Fietsentour through us.<\/div>\n<div>Simply contact us on <a href=\"02562\/99006\">02562\/99006<\/a> or at <a href=\"mailto:info@stadtmarketing-gronau.de\">info@stadtmarketing-gronau.de<\/a> and ask for your preferred date.<\/div>\n<div>\n<p>There is also a charge of 29 euros per person for an individual bike tour. The minimum number of participants is 10. <\/p>\n<\/div>\n","protected":false},"featured_media":65145,"template":"","meta":{"_acf_changed":false,"_price":"29.00","_stock":"","_tribe_ticket_header":"","_tribe_default_ticket_provider":"","_tribe_ticket_capacity":"","_ticket_start_date":"","_ticket_end_date":"","_tribe_ticket_show_description":"","_tribe_ticket_show_not_going":false,"_tribe_ticket_use_global_stock":"","_tribe_ticket_global_stock_level":"","_global_stock_mode":"","_global_stock_cap":"","_tribe_rsvp_for_event":"","_tribe_ticket_going_count":"","_tribe_ticket_not_going_count":"","_tribe_tickets_list":"[]","_tribe_ticket_has_attendee_info_fields":false},"product_brand":[],"product_cat":[437],"product_tag":[],"class_list":{"0":"post-77895","1":"product","2":"type-product","3":"status-publish","4":"has-post-thumbnail","6":"product_cat-tours-and-guided-tours","7":"product_shipping_class-email-en","9":"first","10":"instock","11":"taxable","12":"shipping-taxable","13":"purchasable","14":"product-type-variable"},"acf":[],"yoast_head":"<!-- This site is optimized with the Yoast SEO plugin v27.4 - https:\/\/yoast.com\/product\/yoast-seo-wordpress\/ -->\n<title>With T\u00f6nne Speckmann around Ep&#039; - Gronau Inside<\/title>\n<meta name=\"description\" content=\"Come with us on a guided cycle tour through Gronau and the surrounding area and discover the German-Dutch border region with new eyes. Our Gronau insiders will give you tips.\" \/>\n<meta name=\"robots\" content=\"index, follow, max-snippet:-1, max-image-preview:large, max-video-preview:-1\" \/>\n<link rel=\"canonical\" href=\"https:\/\/gronau-inside.de\/en\/produkt\/with-toenne-speckmann-around-ep\" \/>\n<meta property=\"og:locale\" content=\"en_US\" \/>\n<meta property=\"og:type\" content=\"article\" \/>\n<meta property=\"og:title\" content=\"With T\u00f6nne Speckmann around Ep&#039; - Gronau Inside\" \/>\n<meta property=\"og:description\" content=\"Come with us on a guided cycle tour through Gronau and the surrounding area and discover the German-Dutch border region with new eyes. Our Gronau insiders will give you tips.\" \/>\n<meta property=\"og:url\" content=\"https:\/\/gronau-inside.de\/en\/produkt\/with-toenne-speckmann-around-ep\" \/>\n<meta property=\"og:site_name\" content=\"Gronau Inside\" \/>\n<meta property=\"article:modified_time\" content=\"2026-01-13T11:42:57+00:00\" \/>\n<meta property=\"og:image\" content=\"https:\/\/gronau-inside.de\/wp-content\/uploads\/2024\/07\/WhatsApp-Image-2020-06-30-at-13.44.07.jpeg\" \/>\n\t<meta property=\"og:image:width\" content=\"1200\" \/>\n\t<meta property=\"og:image:height\" content=\"1600\" \/>\n\t<meta property=\"og:image:type\" content=\"image\/jpeg\" \/>\n<meta name=\"twitter:card\" content=\"summary_large_image\" \/>\n<script type=\"application\/ld+json\" class=\"yoast-schema-graph\">{\"@context\":\"https:\\\/\\\/schema.org\",\"@graph\":[{\"@type\":\"WebPage\",\"@id\":\"https:\\\/\\\/gronau-inside.de\\\/en\\\/produkt\\\/with-toenne-speckmann-around-ep\",\"url\":\"https:\\\/\\\/gronau-inside.de\\\/en\\\/produkt\\\/with-toenne-speckmann-around-ep\",\"name\":\"With T\u00f6nne Speckmann around Ep' - Gronau Inside\",\"isPartOf\":{\"@id\":\"https:\\\/\\\/gronau-inside.de\\\/en#website\"},\"primaryImageOfPage\":{\"@id\":\"https:\\\/\\\/gronau-inside.de\\\/en\\\/produkt\\\/with-toenne-speckmann-around-ep#primaryimage\"},\"image\":{\"@id\":\"https:\\\/\\\/gronau-inside.de\\\/en\\\/produkt\\\/with-toenne-speckmann-around-ep#primaryimage\"},\"thumbnailUrl\":\"https:\\\/\\\/gronau-inside.de\\\/wp-content\\\/uploads\\\/2024\\\/07\\\/WhatsApp-Image-2020-06-30-at-13.44.07.jpeg\",\"datePublished\":\"2024-07-02T14:24:39+00:00\",\"dateModified\":\"2026-01-13T11:42:57+00:00\",\"description\":\"Come with us on a guided cycle tour through Gronau and the surrounding area and discover the German-Dutch border region with new eyes. Our Gronau insiders will give you tips.\",\"breadcrumb\":{\"@id\":\"https:\\\/\\\/gronau-inside.de\\\/en\\\/produkt\\\/with-toenne-speckmann-around-ep#breadcrumb\"},\"inLanguage\":\"en-US\",\"potentialAction\":[{\"@type\":\"ReadAction\",\"target\":[\"https:\\\/\\\/gronau-inside.de\\\/en\\\/produkt\\\/with-toenne-speckmann-around-ep\"]}]},{\"@type\":\"ImageObject\",\"inLanguage\":\"en-US\",\"@id\":\"https:\\\/\\\/gronau-inside.de\\\/en\\\/produkt\\\/with-toenne-speckmann-around-ep#primaryimage\",\"url\":\"https:\\\/\\\/gronau-inside.de\\\/wp-content\\\/uploads\\\/2024\\\/07\\\/WhatsApp-Image-2020-06-30-at-13.44.07.jpeg\",\"contentUrl\":\"https:\\\/\\\/gronau-inside.de\\\/wp-content\\\/uploads\\\/2024\\\/07\\\/WhatsApp-Image-2020-06-30-at-13.44.07.jpeg\",\"width\":1200,\"height\":1600,\"caption\":\"T\u00f6nne Speckmann on his green bike in the countryside\"},{\"@type\":\"BreadcrumbList\",\"@id\":\"https:\\\/\\\/gronau-inside.de\\\/en\\\/produkt\\\/with-toenne-speckmann-around-ep#breadcrumb\",\"itemListElement\":[{\"@type\":\"ListItem\",\"position\":1,\"name\":\"Startseite\",\"item\":\"https:\\\/\\\/gronau-inside.de\\\/en\\\/home-page\"},{\"@type\":\"ListItem\",\"position\":2,\"name\":\"Shop\",\"item\":\"https:\\\/\\\/gronau-inside.de\\\/en\\\/shop\"},{\"@type\":\"ListItem\",\"position\":3,\"name\":\"With T\u00f6nne Speckmann around Ep&#8216;\"}]},{\"@type\":\"WebSite\",\"@id\":\"https:\\\/\\\/gronau-inside.de\\\/en#website\",\"url\":\"https:\\\/\\\/gronau-inside.de\\\/en\",\"name\":\"Gronau Inside\",\"description\":\"Musikstadt im Gr\u00fcnen\",\"publisher\":{\"@id\":\"https:\\\/\\\/gronau-inside.de\\\/en#organization\"},\"potentialAction\":[{\"@type\":\"SearchAction\",\"target\":{\"@type\":\"EntryPoint\",\"urlTemplate\":\"https:\\\/\\\/gronau-inside.de\\\/en?s={search_term_string}\"},\"query-input\":{\"@type\":\"PropertyValueSpecification\",\"valueRequired\":true,\"valueName\":\"search_term_string\"}}],\"inLanguage\":\"en-US\"},{\"@type\":\"Organization\",\"@id\":\"https:\\\/\\\/gronau-inside.de\\\/en#organization\",\"name\":\"Gronau Inside\",\"url\":\"https:\\\/\\\/gronau-inside.de\\\/en\",\"logo\":{\"@type\":\"ImageObject\",\"inLanguage\":\"en-US\",\"@id\":\"https:\\\/\\\/gronau-inside.de\\\/en#\\\/schema\\\/logo\\\/image\\\/\",\"url\":\"https:\\\/\\\/gronau-inside.de\\\/wp-content\\\/uploads\\\/2020\\\/10\\\/01_gronau-logo_weissaufweiss_Schriftzug-1.png\",\"contentUrl\":\"https:\\\/\\\/gronau-inside.de\\\/wp-content\\\/uploads\\\/2020\\\/10\\\/01_gronau-logo_weissaufweiss_Schriftzug-1.png\",\"width\":254,\"height\":246,\"caption\":\"Gronau Inside\"},\"image\":{\"@id\":\"https:\\\/\\\/gronau-inside.de\\\/en#\\\/schema\\\/logo\\\/image\\\/\"}}]}<\/script>\n<!-- \/ Yoast SEO plugin. -->","yoast_head_json":{"title":"With T\u00f6nne Speckmann around Ep' - Gronau Inside","description":"Come with us on a guided cycle tour through Gronau and the surrounding area and discover the German-Dutch border region with new eyes. Our Gronau insiders will give you tips.","robots":{"index":"index","follow":"follow","max-snippet":"max-snippet:-1","max-image-preview":"max-image-preview:large","max-video-preview":"max-video-preview:-1"},"canonical":"https:\/\/gronau-inside.de\/en\/produkt\/with-toenne-speckmann-around-ep","og_locale":"en_US","og_type":"article","og_title":"With T\u00f6nne Speckmann around Ep' - Gronau Inside","og_description":"Come with us on a guided cycle tour through Gronau and the surrounding area and discover the German-Dutch border region with new eyes. Our Gronau insiders will give you tips.","og_url":"https:\/\/gronau-inside.de\/en\/produkt\/with-toenne-speckmann-around-ep","og_site_name":"Gronau Inside","article_modified_time":"2026-01-13T11:42:57+00:00","og_image":[{"width":1200,"height":1600,"url":"https:\/\/gronau-inside.de\/wp-content\/uploads\/2024\/07\/WhatsApp-Image-2020-06-30-at-13.44.07.jpeg","type":"image\/jpeg"}],"twitter_card":"summary_large_image","schema":{"@context":"https:\/\/schema.org","@graph":[{"@type":"WebPage","@id":"https:\/\/gronau-inside.de\/en\/produkt\/with-toenne-speckmann-around-ep","url":"https:\/\/gronau-inside.de\/en\/produkt\/with-toenne-speckmann-around-ep","name":"With T\u00f6nne Speckmann around Ep' - Gronau Inside","isPartOf":{"@id":"https:\/\/gronau-inside.de\/en#website"},"primaryImageOfPage":{"@id":"https:\/\/gronau-inside.de\/en\/produkt\/with-toenne-speckmann-around-ep#primaryimage"},"image":{"@id":"https:\/\/gronau-inside.de\/en\/produkt\/with-toenne-speckmann-around-ep#primaryimage"},"thumbnailUrl":"https:\/\/gronau-inside.de\/wp-content\/uploads\/2024\/07\/WhatsApp-Image-2020-06-30-at-13.44.07.jpeg","datePublished":"2024-07-02T14:24:39+00:00","dateModified":"2026-01-13T11:42:57+00:00","description":"Come with us on a guided cycle tour through Gronau and the surrounding area and discover the German-Dutch border region with new eyes. Our Gronau insiders will give you tips.","breadcrumb":{"@id":"https:\/\/gronau-inside.de\/en\/produkt\/with-toenne-speckmann-around-ep#breadcrumb"},"inLanguage":"en-US","potentialAction":[{"@type":"ReadAction","target":["https:\/\/gronau-inside.de\/en\/produkt\/with-toenne-speckmann-around-ep"]}]},{"@type":"ImageObject","inLanguage":"en-US","@id":"https:\/\/gronau-inside.de\/en\/produkt\/with-toenne-speckmann-around-ep#primaryimage","url":"https:\/\/gronau-inside.de\/wp-content\/uploads\/2024\/07\/WhatsApp-Image-2020-06-30-at-13.44.07.jpeg","contentUrl":"https:\/\/gronau-inside.de\/wp-content\/uploads\/2024\/07\/WhatsApp-Image-2020-06-30-at-13.44.07.jpeg","width":1200,"height":1600,"caption":"T\u00f6nne Speckmann on his green bike in the countryside"},{"@type":"BreadcrumbList","@id":"https:\/\/gronau-inside.de\/en\/produkt\/with-toenne-speckmann-around-ep#breadcrumb","itemListElement":[{"@type":"ListItem","position":1,"name":"Startseite","item":"https:\/\/gronau-inside.de\/en\/home-page"},{"@type":"ListItem","position":2,"name":"Shop","item":"https:\/\/gronau-inside.de\/en\/shop"},{"@type":"ListItem","position":3,"name":"With T\u00f6nne Speckmann around Ep&#8216;"}]},{"@type":"WebSite","@id":"https:\/\/gronau-inside.de\/en#website","url":"https:\/\/gronau-inside.de\/en","name":"Gronau Inside","description":"Musikstadt im Gr\u00fcnen","publisher":{"@id":"https:\/\/gronau-inside.de\/en#organization"},"potentialAction":[{"@type":"SearchAction","target":{"@type":"EntryPoint","urlTemplate":"https:\/\/gronau-inside.de\/en?s={search_term_string}"},"query-input":{"@type":"PropertyValueSpecification","valueRequired":true,"valueName":"search_term_string"}}],"inLanguage":"en-US"},{"@type":"Organization","@id":"https:\/\/gronau-inside.de\/en#organization","name":"Gronau Inside","url":"https:\/\/gronau-inside.de\/en","logo":{"@type":"ImageObject","inLanguage":"en-US","@id":"https:\/\/gronau-inside.de\/en#\/schema\/logo\/image\/","url":"https:\/\/gronau-inside.de\/wp-content\/uploads\/2020\/10\/01_gronau-logo_weissaufweiss_Schriftzug-1.png","contentUrl":"https:\/\/gronau-inside.de\/wp-content\/uploads\/2020\/10\/01_gronau-logo_weissaufweiss_Schriftzug-1.png","width":254,"height":246,"caption":"Gronau Inside"},"image":{"@id":"https:\/\/gronau-inside.de\/en#\/schema\/logo\/image\/"}}]}},"_links":{"self":[{"href":"https:\/\/gronau-inside.de\/en\/wp-json\/wp\/v2\/product\/77895","targetHints":{"allow":["GET"]}}],"collection":[{"href":"https:\/\/gronau-inside.de\/en\/wp-json\/wp\/v2\/product"}],"about":[{"href":"https:\/\/gronau-inside.de\/en\/wp-json\/wp\/v2\/types\/product"}],"wp:featuredmedia":[{"embeddable":true,"href":"https:\/\/gronau-inside.de\/en\/wp-json\/wp\/v2\/media\/65145"}],"wp:attachment":[{"href":"https:\/\/gronau-inside.de\/en\/wp-json\/wp\/v2\/media?parent=77895"}],"wp:term":[{"taxonomy":"product_brand","embeddable":true,"href":"https:\/\/gronau-inside.de\/en\/wp-json\/wp\/v2\/product_brand?post=77895"},{"taxonomy":"product_cat","embeddable":true,"href":"https:\/\/gronau-inside.de\/en\/wp-json\/wp\/v2\/product_cat?post=77895"},{"taxonomy":"product_tag","embeddable":true,"href":"https:\/\/gronau-inside.de\/en\/wp-json\/wp\/v2\/product_tag?post=77895"}],"curies":[{"name":"wp","href":"https:\/\/api.w.org\/{rel}","templated":true}]}}