{"id":88792,"date":"2025-11-25T15:04:18","date_gmt":"2025-11-25T14:04:18","guid":{"rendered":"https:\/\/gronau-inside.de\/produkt\/bicycle-bell-muensterland-the-good-life"},"modified":"2025-11-25T15:13:14","modified_gmt":"2025-11-25T14:13:14","slug":"bicycle-bell-muensterland-the-good-life","status":"publish","type":"product","link":"https:\/\/gronau-inside.de\/en\/produkt\/bicycle-bell-muensterland-the-good-life","title":{"rendered":"Bicycle bell &#8220;M\u00fcnsterland. The good life.&#8221;"},"content":{"rendered":"","protected":false},"excerpt":{"rendered":"<p data-start=\"90\" data-end=\"147\"><strong data-start=\"90\" data-end=\"147\">M\u00fcnsterland-Klingel &#8211; The good life for your bike<\/strong><\/p>\n<p data-start=\"149\" data-end=\"489\">Bring a piece of M\u00fcnsterland to your tours!<br data-start=\"195\" data-end=\"198\">This high-quality bicycle bell in a modern M\u00fcnsterland design not only sets colorful accents, but also ensures safety on the road. With its clear sound and stylish heart logo, it is the perfect accessory for anyone who loves their region and wants to show it off. <\/p>\n<p data-start=\"491\" data-end=\"585\">Ideal as a gift &#8211; or to keep for yourself.<\/p>\n<p data-start=\"491\" data-end=\"585\"><br data-start=\"536\" data-end=\"539\">Mount, ring the bell, enjoy the M\u00fcnsterland!<\/p>\n<p><strong>Including 19% VAT.  <\/strong><\/p>\n","protected":false},"featured_media":88796,"template":"","meta":{"_acf_changed":false,"_price":"6.95","_stock":"2","_tribe_ticket_header":"","_tribe_default_ticket_provider":"","_tribe_ticket_capacity":"","_ticket_start_date":"","_ticket_end_date":"","_tribe_ticket_show_description":"","_tribe_ticket_show_not_going":false,"_tribe_ticket_use_global_stock":"","_tribe_ticket_global_stock_level":"","_global_stock_mode":"","_global_stock_cap":"","_tribe_rsvp_for_event":"","_tribe_ticket_going_count":"","_tribe_ticket_not_going_count":"","_tribe_tickets_list":"[]","_tribe_ticket_has_attendee_info_fields":false},"product_brand":[],"product_cat":[449],"product_tag":[],"class_list":{"0":"post-88792","1":"product","2":"type-product","3":"status-publish","4":"has-post-thumbnail","6":"product_cat-souvenirs-and-merchandise","7":"product_shipping_class-paeckchen-en","9":"first","10":"instock","11":"taxable","12":"shipping-taxable","13":"purchasable","14":"product-type-simple"},"acf":[],"yoast_head":"<!-- This site is optimized with the Yoast SEO plugin v27.4 - https:\/\/yoast.com\/product\/yoast-seo-wordpress\/ -->\n<title>Bicycle bell &quot;M\u00fcnsterland. The good life.&quot; - Gronau Inside<\/title>\n<meta name=\"robots\" content=\"index, follow, max-snippet:-1, max-image-preview:large, max-video-preview:-1\" \/>\n<link rel=\"canonical\" href=\"https:\/\/gronau-inside.de\/en\/produkt\/bicycle-bell-muensterland-the-good-life\" \/>\n<meta property=\"og:locale\" content=\"en_US\" \/>\n<meta property=\"og:type\" content=\"article\" \/>\n<meta property=\"og:title\" content=\"Bicycle bell &quot;M\u00fcnsterland. The good life.&quot; - Gronau Inside\" \/>\n<meta property=\"og:description\" content=\"M\u00fcnsterland-Klingel - The good life for your bike Bring a piece of M\u00fcnsterland to your tours!This high-quality bicycle bell in a modern M\u00fcnsterland design not only sets colorful accents, but also ensures safety on the road. With its clear sound and stylish heart logo, it is the perfect accessory for anyone who loves their region and wants to show it off. Ideal as a gift - or to keep for yourself. Mount, ring the bell, enjoy the M\u00fcnsterland! Including 19% VAT.\" \/>\n<meta property=\"og:url\" content=\"https:\/\/gronau-inside.de\/en\/produkt\/bicycle-bell-muensterland-the-good-life\" \/>\n<meta property=\"og:site_name\" content=\"Gronau Inside\" \/>\n<meta property=\"article:modified_time\" content=\"2025-11-25T14:13:14+00:00\" \/>\n<meta property=\"og:image\" content=\"https:\/\/gronau-inside.de\/wp-content\/uploads\/2025\/11\/WhatsApp-Image-2025-11-25-at-14.33.57-2.jpeg\" \/>\n\t<meta property=\"og:image:width\" content=\"1875\" \/>\n\t<meta property=\"og:image:height\" content=\"2500\" \/>\n\t<meta property=\"og:image:type\" content=\"image\/jpeg\" \/>\n<meta name=\"twitter:card\" content=\"summary_large_image\" \/>\n<script type=\"application\/ld+json\" class=\"yoast-schema-graph\">{\"@context\":\"https:\\\/\\\/schema.org\",\"@graph\":[{\"@type\":\"WebPage\",\"@id\":\"https:\\\/\\\/gronau-inside.de\\\/en\\\/produkt\\\/bicycle-bell-muensterland-the-good-life\",\"url\":\"https:\\\/\\\/gronau-inside.de\\\/en\\\/produkt\\\/bicycle-bell-muensterland-the-good-life\",\"name\":\"Bicycle bell \\\"M\u00fcnsterland. The good life.\\\" - Gronau Inside\",\"isPartOf\":{\"@id\":\"https:\\\/\\\/gronau-inside.de\\\/en#website\"},\"primaryImageOfPage\":{\"@id\":\"https:\\\/\\\/gronau-inside.de\\\/en\\\/produkt\\\/bicycle-bell-muensterland-the-good-life#primaryimage\"},\"image\":{\"@id\":\"https:\\\/\\\/gronau-inside.de\\\/en\\\/produkt\\\/bicycle-bell-muensterland-the-good-life#primaryimage\"},\"thumbnailUrl\":\"https:\\\/\\\/gronau-inside.de\\\/wp-content\\\/uploads\\\/2025\\\/11\\\/WhatsApp-Image-2025-11-25-at-14.33.57-2.jpeg\",\"datePublished\":\"2025-11-25T14:04:18+00:00\",\"dateModified\":\"2025-11-25T14:13:14+00:00\",\"breadcrumb\":{\"@id\":\"https:\\\/\\\/gronau-inside.de\\\/en\\\/produkt\\\/bicycle-bell-muensterland-the-good-life#breadcrumb\"},\"inLanguage\":\"en-US\",\"potentialAction\":[{\"@type\":\"ReadAction\",\"target\":[\"https:\\\/\\\/gronau-inside.de\\\/en\\\/produkt\\\/bicycle-bell-muensterland-the-good-life\"]}]},{\"@type\":\"ImageObject\",\"inLanguage\":\"en-US\",\"@id\":\"https:\\\/\\\/gronau-inside.de\\\/en\\\/produkt\\\/bicycle-bell-muensterland-the-good-life#primaryimage\",\"url\":\"https:\\\/\\\/gronau-inside.de\\\/wp-content\\\/uploads\\\/2025\\\/11\\\/WhatsApp-Image-2025-11-25-at-14.33.57-2.jpeg\",\"contentUrl\":\"https:\\\/\\\/gronau-inside.de\\\/wp-content\\\/uploads\\\/2025\\\/11\\\/WhatsApp-Image-2025-11-25-at-14.33.57-2.jpeg\",\"width\":1875,\"height\":2500,\"caption\":\"White bicycle bell with a colorful heart logo in blue, green, yellow and orange. Around the heart is the text \\\"M\u00dcNSTERLAND. THE GOOD LIFE.\\\" The bell rests on a bright, smooth surface.\"},{\"@type\":\"BreadcrumbList\",\"@id\":\"https:\\\/\\\/gronau-inside.de\\\/en\\\/produkt\\\/bicycle-bell-muensterland-the-good-life#breadcrumb\",\"itemListElement\":[{\"@type\":\"ListItem\",\"position\":1,\"name\":\"Startseite\",\"item\":\"https:\\\/\\\/gronau-inside.de\\\/en\\\/home-page\"},{\"@type\":\"ListItem\",\"position\":2,\"name\":\"Shop\",\"item\":\"https:\\\/\\\/gronau-inside.de\\\/en\\\/shop\"},{\"@type\":\"ListItem\",\"position\":3,\"name\":\"Bicycle bell &#8222;M\u00fcnsterland. The good life.&#8220;\"}]},{\"@type\":\"WebSite\",\"@id\":\"https:\\\/\\\/gronau-inside.de\\\/en#website\",\"url\":\"https:\\\/\\\/gronau-inside.de\\\/en\",\"name\":\"Gronau Inside\",\"description\":\"Musikstadt im Gr\u00fcnen\",\"publisher\":{\"@id\":\"https:\\\/\\\/gronau-inside.de\\\/en#organization\"},\"potentialAction\":[{\"@type\":\"SearchAction\",\"target\":{\"@type\":\"EntryPoint\",\"urlTemplate\":\"https:\\\/\\\/gronau-inside.de\\\/en?s={search_term_string}\"},\"query-input\":{\"@type\":\"PropertyValueSpecification\",\"valueRequired\":true,\"valueName\":\"search_term_string\"}}],\"inLanguage\":\"en-US\"},{\"@type\":\"Organization\",\"@id\":\"https:\\\/\\\/gronau-inside.de\\\/en#organization\",\"name\":\"Gronau Inside\",\"url\":\"https:\\\/\\\/gronau-inside.de\\\/en\",\"logo\":{\"@type\":\"ImageObject\",\"inLanguage\":\"en-US\",\"@id\":\"https:\\\/\\\/gronau-inside.de\\\/en#\\\/schema\\\/logo\\\/image\\\/\",\"url\":\"https:\\\/\\\/gronau-inside.de\\\/wp-content\\\/uploads\\\/2020\\\/10\\\/01_gronau-logo_weissaufweiss_Schriftzug-1.png\",\"contentUrl\":\"https:\\\/\\\/gronau-inside.de\\\/wp-content\\\/uploads\\\/2020\\\/10\\\/01_gronau-logo_weissaufweiss_Schriftzug-1.png\",\"width\":254,\"height\":246,\"caption\":\"Gronau Inside\"},\"image\":{\"@id\":\"https:\\\/\\\/gronau-inside.de\\\/en#\\\/schema\\\/logo\\\/image\\\/\"}}]}<\/script>\n<!-- \/ Yoast SEO plugin. -->","yoast_head_json":{"title":"Bicycle bell \"M\u00fcnsterland. The good life.\" - Gronau Inside","robots":{"index":"index","follow":"follow","max-snippet":"max-snippet:-1","max-image-preview":"max-image-preview:large","max-video-preview":"max-video-preview:-1"},"canonical":"https:\/\/gronau-inside.de\/en\/produkt\/bicycle-bell-muensterland-the-good-life","og_locale":"en_US","og_type":"article","og_title":"Bicycle bell \"M\u00fcnsterland. The good life.\" - Gronau Inside","og_description":"M\u00fcnsterland-Klingel - The good life for your bike Bring a piece of M\u00fcnsterland to your tours!This high-quality bicycle bell in a modern M\u00fcnsterland design not only sets colorful accents, but also ensures safety on the road. With its clear sound and stylish heart logo, it is the perfect accessory for anyone who loves their region and wants to show it off. Ideal as a gift - or to keep for yourself. Mount, ring the bell, enjoy the M\u00fcnsterland! Including 19% VAT.","og_url":"https:\/\/gronau-inside.de\/en\/produkt\/bicycle-bell-muensterland-the-good-life","og_site_name":"Gronau Inside","article_modified_time":"2025-11-25T14:13:14+00:00","og_image":[{"width":1875,"height":2500,"url":"https:\/\/gronau-inside.de\/wp-content\/uploads\/2025\/11\/WhatsApp-Image-2025-11-25-at-14.33.57-2.jpeg","type":"image\/jpeg"}],"twitter_card":"summary_large_image","schema":{"@context":"https:\/\/schema.org","@graph":[{"@type":"WebPage","@id":"https:\/\/gronau-inside.de\/en\/produkt\/bicycle-bell-muensterland-the-good-life","url":"https:\/\/gronau-inside.de\/en\/produkt\/bicycle-bell-muensterland-the-good-life","name":"Bicycle bell \"M\u00fcnsterland. The good life.\" - Gronau Inside","isPartOf":{"@id":"https:\/\/gronau-inside.de\/en#website"},"primaryImageOfPage":{"@id":"https:\/\/gronau-inside.de\/en\/produkt\/bicycle-bell-muensterland-the-good-life#primaryimage"},"image":{"@id":"https:\/\/gronau-inside.de\/en\/produkt\/bicycle-bell-muensterland-the-good-life#primaryimage"},"thumbnailUrl":"https:\/\/gronau-inside.de\/wp-content\/uploads\/2025\/11\/WhatsApp-Image-2025-11-25-at-14.33.57-2.jpeg","datePublished":"2025-11-25T14:04:18+00:00","dateModified":"2025-11-25T14:13:14+00:00","breadcrumb":{"@id":"https:\/\/gronau-inside.de\/en\/produkt\/bicycle-bell-muensterland-the-good-life#breadcrumb"},"inLanguage":"en-US","potentialAction":[{"@type":"ReadAction","target":["https:\/\/gronau-inside.de\/en\/produkt\/bicycle-bell-muensterland-the-good-life"]}]},{"@type":"ImageObject","inLanguage":"en-US","@id":"https:\/\/gronau-inside.de\/en\/produkt\/bicycle-bell-muensterland-the-good-life#primaryimage","url":"https:\/\/gronau-inside.de\/wp-content\/uploads\/2025\/11\/WhatsApp-Image-2025-11-25-at-14.33.57-2.jpeg","contentUrl":"https:\/\/gronau-inside.de\/wp-content\/uploads\/2025\/11\/WhatsApp-Image-2025-11-25-at-14.33.57-2.jpeg","width":1875,"height":2500,"caption":"White bicycle bell with a colorful heart logo in blue, green, yellow and orange. Around the heart is the text \"M\u00dcNSTERLAND. THE GOOD LIFE.\" The bell rests on a bright, smooth surface."},{"@type":"BreadcrumbList","@id":"https:\/\/gronau-inside.de\/en\/produkt\/bicycle-bell-muensterland-the-good-life#breadcrumb","itemListElement":[{"@type":"ListItem","position":1,"name":"Startseite","item":"https:\/\/gronau-inside.de\/en\/home-page"},{"@type":"ListItem","position":2,"name":"Shop","item":"https:\/\/gronau-inside.de\/en\/shop"},{"@type":"ListItem","position":3,"name":"Bicycle bell &#8222;M\u00fcnsterland. The good life.&#8220;"}]},{"@type":"WebSite","@id":"https:\/\/gronau-inside.de\/en#website","url":"https:\/\/gronau-inside.de\/en","name":"Gronau Inside","description":"Musikstadt im Gr\u00fcnen","publisher":{"@id":"https:\/\/gronau-inside.de\/en#organization"},"potentialAction":[{"@type":"SearchAction","target":{"@type":"EntryPoint","urlTemplate":"https:\/\/gronau-inside.de\/en?s={search_term_string}"},"query-input":{"@type":"PropertyValueSpecification","valueRequired":true,"valueName":"search_term_string"}}],"inLanguage":"en-US"},{"@type":"Organization","@id":"https:\/\/gronau-inside.de\/en#organization","name":"Gronau Inside","url":"https:\/\/gronau-inside.de\/en","logo":{"@type":"ImageObject","inLanguage":"en-US","@id":"https:\/\/gronau-inside.de\/en#\/schema\/logo\/image\/","url":"https:\/\/gronau-inside.de\/wp-content\/uploads\/2020\/10\/01_gronau-logo_weissaufweiss_Schriftzug-1.png","contentUrl":"https:\/\/gronau-inside.de\/wp-content\/uploads\/2020\/10\/01_gronau-logo_weissaufweiss_Schriftzug-1.png","width":254,"height":246,"caption":"Gronau Inside"},"image":{"@id":"https:\/\/gronau-inside.de\/en#\/schema\/logo\/image\/"}}]}},"_links":{"self":[{"href":"https:\/\/gronau-inside.de\/en\/wp-json\/wp\/v2\/product\/88792","targetHints":{"allow":["GET"]}}],"collection":[{"href":"https:\/\/gronau-inside.de\/en\/wp-json\/wp\/v2\/product"}],"about":[{"href":"https:\/\/gronau-inside.de\/en\/wp-json\/wp\/v2\/types\/product"}],"wp:featuredmedia":[{"embeddable":true,"href":"https:\/\/gronau-inside.de\/en\/wp-json\/wp\/v2\/media\/88796"}],"wp:attachment":[{"href":"https:\/\/gronau-inside.de\/en\/wp-json\/wp\/v2\/media?parent=88792"}],"wp:term":[{"taxonomy":"product_brand","embeddable":true,"href":"https:\/\/gronau-inside.de\/en\/wp-json\/wp\/v2\/product_brand?post=88792"},{"taxonomy":"product_cat","embeddable":true,"href":"https:\/\/gronau-inside.de\/en\/wp-json\/wp\/v2\/product_cat?post=88792"},{"taxonomy":"product_tag","embeddable":true,"href":"https:\/\/gronau-inside.de\/en\/wp-json\/wp\/v2\/product_tag?post=88792"}],"curies":[{"name":"wp","href":"https:\/\/api.w.org\/{rel}","templated":true}]}}