{"id":93109,"date":"2026-03-25T16:04:55","date_gmt":"2026-03-25T15:04:55","guid":{"rendered":"https:\/\/gronau-inside.de\/?post_type=product&#038;p=93109"},"modified":"2026-03-25T16:19:35","modified_gmt":"2026-03-25T15:19:35","slug":"radwanderkarte-offlumer-see-tour-route-15","status":"publish","type":"product","link":"https:\/\/gronau-inside.de\/en\/produkt\/radwanderkarte-offlumer-see-tour-route-15","title":{"rendered":"Radwanderkarte Offlumer-See-Tour (Route 15)"},"content":{"rendered":"","protected":false},"excerpt":{"rendered":"<p>Die Offlumer-See-Tour f\u00fchrt euch auf ca. 65 km durch Ochtrup und Wettringen zum Offlumer See, der zu einer Verschnaufpause einl\u00e4dt. Auf dem R\u00fcckweg fahrt ihr s\u00fcdlich von Bad Bentheim durch das Gildehauser Venn zur\u00fcck nach Gronau. Wer sich nochmal abk\u00fchlen m\u00f6chte, hat am Dreil\u00e4ndersee die Gelegenheit dazu. In Gronau angekommen wartet das Museum oder eine der vielen Gastronomien auf euren Besuch.<\/p>\n<p>Hinweis: Diese Route liegt auf dem Knotenpunktsystem.<\/p>\n<p><strong>Inklusive 7% MwSt.<\/strong><\/p>\n","protected":false},"featured_media":93111,"template":"","meta":{"_acf_changed":false,"_price":"0.50","_stock":"","_tribe_ticket_header":"","_tribe_default_ticket_provider":"","_tribe_ticket_capacity":"","_ticket_start_date":"","_ticket_end_date":"","_tribe_ticket_show_description":"","_tribe_ticket_show_not_going":false,"_tribe_ticket_use_global_stock":"","_tribe_ticket_global_stock_level":"","_global_stock_mode":"","_global_stock_cap":"","_tribe_rsvp_for_event":"","_tribe_ticket_going_count":"","_tribe_ticket_not_going_count":"","_tribe_tickets_list":"[]","_tribe_ticket_has_attendee_info_fields":false},"product_brand":[],"product_cat":[32],"product_tag":[],"class_list":{"0":"post-93109","1":"product","2":"type-product","3":"status-publish","4":"has-post-thumbnail","6":"product_cat-karten","7":"product_shipping_class-brief","9":"first","10":"instock","11":"taxable","12":"shipping-taxable","13":"purchasable","14":"product-type-simple"},"acf":[],"yoast_head":"<!-- This site is optimized with the Yoast SEO plugin v27.4 - https:\/\/yoast.com\/product\/yoast-seo-wordpress\/ -->\n<title>Radwanderkarte Offlumer-See-Tour (Route 15) - Gronau Inside<\/title>\n<meta name=\"robots\" content=\"index, follow, max-snippet:-1, max-image-preview:large, max-video-preview:-1\" \/>\n<link rel=\"canonical\" href=\"https:\/\/gronau-inside.de\/en\/produkt\/radwanderkarte-offlumer-see-tour-route-15\" \/>\n<meta property=\"og:locale\" content=\"en_US\" \/>\n<meta property=\"og:type\" content=\"article\" \/>\n<meta property=\"og:title\" content=\"Radwanderkarte Offlumer-See-Tour (Route 15) - Gronau Inside\" \/>\n<meta property=\"og:description\" content=\"Die Offlumer-See-Tour f\u00fchrt euch auf ca. 65 km durch Ochtrup und Wettringen zum Offlumer See, der zu einer Verschnaufpause einl\u00e4dt. Auf dem R\u00fcckweg fahrt ihr s\u00fcdlich von Bad Bentheim durch das Gildehauser Venn zur\u00fcck nach Gronau. Wer sich nochmal abk\u00fchlen m\u00f6chte, hat am Dreil\u00e4ndersee die Gelegenheit dazu. In Gronau angekommen wartet das Museum oder eine der vielen Gastronomien auf euren Besuch.  Hinweis: Diese Route liegt auf dem Knotenpunktsystem.  Inklusive 7% MwSt.\" \/>\n<meta property=\"og:url\" content=\"https:\/\/gronau-inside.de\/en\/produkt\/radwanderkarte-offlumer-see-tour-route-15\" \/>\n<meta property=\"og:site_name\" content=\"Gronau Inside\" \/>\n<meta property=\"article:modified_time\" content=\"2026-03-25T15:19:35+00:00\" \/>\n<meta property=\"og:image\" content=\"https:\/\/gronau-inside.de\/wp-content\/uploads\/2026\/03\/WhatsApp-Image-2026-03-25-at-16.03.36-2.jpeg\" \/>\n\t<meta property=\"og:image:width\" content=\"1875\" \/>\n\t<meta property=\"og:image:height\" content=\"2500\" \/>\n\t<meta property=\"og:image:type\" content=\"image\/jpeg\" \/>\n<meta name=\"twitter:card\" content=\"summary_large_image\" \/>\n<script type=\"application\/ld+json\" class=\"yoast-schema-graph\">{\"@context\":\"https:\\\/\\\/schema.org\",\"@graph\":[{\"@type\":\"WebPage\",\"@id\":\"https:\\\/\\\/gronau-inside.de\\\/en\\\/produkt\\\/radwanderkarte-offlumer-see-tour-route-15\",\"url\":\"https:\\\/\\\/gronau-inside.de\\\/en\\\/produkt\\\/radwanderkarte-offlumer-see-tour-route-15\",\"name\":\"Radwanderkarte Offlumer-See-Tour (Route 15) - Gronau Inside\",\"isPartOf\":{\"@id\":\"https:\\\/\\\/gronau-inside.de\\\/en#website\"},\"primaryImageOfPage\":{\"@id\":\"https:\\\/\\\/gronau-inside.de\\\/en\\\/produkt\\\/radwanderkarte-offlumer-see-tour-route-15#primaryimage\"},\"image\":{\"@id\":\"https:\\\/\\\/gronau-inside.de\\\/en\\\/produkt\\\/radwanderkarte-offlumer-see-tour-route-15#primaryimage\"},\"thumbnailUrl\":\"https:\\\/\\\/gronau-inside.de\\\/wp-content\\\/uploads\\\/2026\\\/03\\\/WhatsApp-Image-2026-03-25-at-16.03.36-2.jpeg\",\"datePublished\":\"2026-03-25T15:04:55+00:00\",\"dateModified\":\"2026-03-25T15:19:35+00:00\",\"breadcrumb\":{\"@id\":\"https:\\\/\\\/gronau-inside.de\\\/en\\\/produkt\\\/radwanderkarte-offlumer-see-tour-route-15#breadcrumb\"},\"inLanguage\":\"en-US\",\"potentialAction\":[{\"@type\":\"ReadAction\",\"target\":[\"https:\\\/\\\/gronau-inside.de\\\/en\\\/produkt\\\/radwanderkarte-offlumer-see-tour-route-15\"]}]},{\"@type\":\"ImageObject\",\"inLanguage\":\"en-US\",\"@id\":\"https:\\\/\\\/gronau-inside.de\\\/en\\\/produkt\\\/radwanderkarte-offlumer-see-tour-route-15#primaryimage\",\"url\":\"https:\\\/\\\/gronau-inside.de\\\/wp-content\\\/uploads\\\/2026\\\/03\\\/WhatsApp-Image-2026-03-25-at-16.03.36-2.jpeg\",\"contentUrl\":\"https:\\\/\\\/gronau-inside.de\\\/wp-content\\\/uploads\\\/2026\\\/03\\\/WhatsApp-Image-2026-03-25-at-16.03.36-2.jpeg\",\"width\":1875,\"height\":2500,\"caption\":\"in Hochformat-Flyer f\u00fcr eine Radtour in Gronau. Oben steht \u201eRoute 15, ca. 65 km\u201c mit dem Hinweis \u201eSchwierigkeitsstufe: mittel\u201c. Das zentrale Bild zeigt zwei Radfahrende, die auf einer Bank an einem See sitzen, eingerahmt von einer roten Stahlkonstruktion. Im unteren Teil steht der Titel \u201eRadwandern in Gronau und Umgebung \u2013 Offlumer-See-Tour\u201c. Darunter folgen Stichpunkte zur Strecke, unter anderem leichte Steigungen, mehrere Landkreise und der Offlumer See als Pausenort. Am unteren Rand sind Logos des M\u00fcnsterland e.V. und des Stadtmarketings Gronau.\"},{\"@type\":\"BreadcrumbList\",\"@id\":\"https:\\\/\\\/gronau-inside.de\\\/en\\\/produkt\\\/radwanderkarte-offlumer-see-tour-route-15#breadcrumb\",\"itemListElement\":[{\"@type\":\"ListItem\",\"position\":1,\"name\":\"Startseite\",\"item\":\"https:\\\/\\\/gronau-inside.de\\\/en\\\/home-page\"},{\"@type\":\"ListItem\",\"position\":2,\"name\":\"Shop\",\"item\":\"https:\\\/\\\/gronau-inside.de\\\/en\\\/shop\"},{\"@type\":\"ListItem\",\"position\":3,\"name\":\"Radwanderkarte Offlumer-See-Tour (Route 15)\"}]},{\"@type\":\"WebSite\",\"@id\":\"https:\\\/\\\/gronau-inside.de\\\/en#website\",\"url\":\"https:\\\/\\\/gronau-inside.de\\\/en\",\"name\":\"Gronau Inside\",\"description\":\"Musikstadt im Gr\u00fcnen\",\"publisher\":{\"@id\":\"https:\\\/\\\/gronau-inside.de\\\/en#organization\"},\"potentialAction\":[{\"@type\":\"SearchAction\",\"target\":{\"@type\":\"EntryPoint\",\"urlTemplate\":\"https:\\\/\\\/gronau-inside.de\\\/en?s={search_term_string}\"},\"query-input\":{\"@type\":\"PropertyValueSpecification\",\"valueRequired\":true,\"valueName\":\"search_term_string\"}}],\"inLanguage\":\"en-US\"},{\"@type\":\"Organization\",\"@id\":\"https:\\\/\\\/gronau-inside.de\\\/en#organization\",\"name\":\"Gronau Inside\",\"url\":\"https:\\\/\\\/gronau-inside.de\\\/en\",\"logo\":{\"@type\":\"ImageObject\",\"inLanguage\":\"en-US\",\"@id\":\"https:\\\/\\\/gronau-inside.de\\\/en#\\\/schema\\\/logo\\\/image\\\/\",\"url\":\"https:\\\/\\\/gronau-inside.de\\\/wp-content\\\/uploads\\\/2020\\\/10\\\/01_gronau-logo_weissaufweiss_Schriftzug-1.png\",\"contentUrl\":\"https:\\\/\\\/gronau-inside.de\\\/wp-content\\\/uploads\\\/2020\\\/10\\\/01_gronau-logo_weissaufweiss_Schriftzug-1.png\",\"width\":254,\"height\":246,\"caption\":\"Gronau Inside\"},\"image\":{\"@id\":\"https:\\\/\\\/gronau-inside.de\\\/en#\\\/schema\\\/logo\\\/image\\\/\"}}]}<\/script>\n<!-- \/ Yoast SEO plugin. -->","yoast_head_json":{"title":"Radwanderkarte Offlumer-See-Tour (Route 15) - Gronau Inside","robots":{"index":"index","follow":"follow","max-snippet":"max-snippet:-1","max-image-preview":"max-image-preview:large","max-video-preview":"max-video-preview:-1"},"canonical":"https:\/\/gronau-inside.de\/en\/produkt\/radwanderkarte-offlumer-see-tour-route-15","og_locale":"en_US","og_type":"article","og_title":"Radwanderkarte Offlumer-See-Tour (Route 15) - Gronau Inside","og_description":"Die Offlumer-See-Tour f\u00fchrt euch auf ca. 65 km durch Ochtrup und Wettringen zum Offlumer See, der zu einer Verschnaufpause einl\u00e4dt. Auf dem R\u00fcckweg fahrt ihr s\u00fcdlich von Bad Bentheim durch das Gildehauser Venn zur\u00fcck nach Gronau. Wer sich nochmal abk\u00fchlen m\u00f6chte, hat am Dreil\u00e4ndersee die Gelegenheit dazu. In Gronau angekommen wartet das Museum oder eine der vielen Gastronomien auf euren Besuch.  Hinweis: Diese Route liegt auf dem Knotenpunktsystem.  Inklusive 7% MwSt.","og_url":"https:\/\/gronau-inside.de\/en\/produkt\/radwanderkarte-offlumer-see-tour-route-15","og_site_name":"Gronau Inside","article_modified_time":"2026-03-25T15:19:35+00:00","og_image":[{"width":1875,"height":2500,"url":"https:\/\/gronau-inside.de\/wp-content\/uploads\/2026\/03\/WhatsApp-Image-2026-03-25-at-16.03.36-2.jpeg","type":"image\/jpeg"}],"twitter_card":"summary_large_image","schema":{"@context":"https:\/\/schema.org","@graph":[{"@type":"WebPage","@id":"https:\/\/gronau-inside.de\/en\/produkt\/radwanderkarte-offlumer-see-tour-route-15","url":"https:\/\/gronau-inside.de\/en\/produkt\/radwanderkarte-offlumer-see-tour-route-15","name":"Radwanderkarte Offlumer-See-Tour (Route 15) - Gronau Inside","isPartOf":{"@id":"https:\/\/gronau-inside.de\/en#website"},"primaryImageOfPage":{"@id":"https:\/\/gronau-inside.de\/en\/produkt\/radwanderkarte-offlumer-see-tour-route-15#primaryimage"},"image":{"@id":"https:\/\/gronau-inside.de\/en\/produkt\/radwanderkarte-offlumer-see-tour-route-15#primaryimage"},"thumbnailUrl":"https:\/\/gronau-inside.de\/wp-content\/uploads\/2026\/03\/WhatsApp-Image-2026-03-25-at-16.03.36-2.jpeg","datePublished":"2026-03-25T15:04:55+00:00","dateModified":"2026-03-25T15:19:35+00:00","breadcrumb":{"@id":"https:\/\/gronau-inside.de\/en\/produkt\/radwanderkarte-offlumer-see-tour-route-15#breadcrumb"},"inLanguage":"en-US","potentialAction":[{"@type":"ReadAction","target":["https:\/\/gronau-inside.de\/en\/produkt\/radwanderkarte-offlumer-see-tour-route-15"]}]},{"@type":"ImageObject","inLanguage":"en-US","@id":"https:\/\/gronau-inside.de\/en\/produkt\/radwanderkarte-offlumer-see-tour-route-15#primaryimage","url":"https:\/\/gronau-inside.de\/wp-content\/uploads\/2026\/03\/WhatsApp-Image-2026-03-25-at-16.03.36-2.jpeg","contentUrl":"https:\/\/gronau-inside.de\/wp-content\/uploads\/2026\/03\/WhatsApp-Image-2026-03-25-at-16.03.36-2.jpeg","width":1875,"height":2500,"caption":"in Hochformat-Flyer f\u00fcr eine Radtour in Gronau. Oben steht \u201eRoute 15, ca. 65 km\u201c mit dem Hinweis \u201eSchwierigkeitsstufe: mittel\u201c. Das zentrale Bild zeigt zwei Radfahrende, die auf einer Bank an einem See sitzen, eingerahmt von einer roten Stahlkonstruktion. Im unteren Teil steht der Titel \u201eRadwandern in Gronau und Umgebung \u2013 Offlumer-See-Tour\u201c. Darunter folgen Stichpunkte zur Strecke, unter anderem leichte Steigungen, mehrere Landkreise und der Offlumer See als Pausenort. Am unteren Rand sind Logos des M\u00fcnsterland e.V. und des Stadtmarketings Gronau."},{"@type":"BreadcrumbList","@id":"https:\/\/gronau-inside.de\/en\/produkt\/radwanderkarte-offlumer-see-tour-route-15#breadcrumb","itemListElement":[{"@type":"ListItem","position":1,"name":"Startseite","item":"https:\/\/gronau-inside.de\/en\/home-page"},{"@type":"ListItem","position":2,"name":"Shop","item":"https:\/\/gronau-inside.de\/en\/shop"},{"@type":"ListItem","position":3,"name":"Radwanderkarte Offlumer-See-Tour (Route 15)"}]},{"@type":"WebSite","@id":"https:\/\/gronau-inside.de\/en#website","url":"https:\/\/gronau-inside.de\/en","name":"Gronau Inside","description":"Musikstadt im Gr\u00fcnen","publisher":{"@id":"https:\/\/gronau-inside.de\/en#organization"},"potentialAction":[{"@type":"SearchAction","target":{"@type":"EntryPoint","urlTemplate":"https:\/\/gronau-inside.de\/en?s={search_term_string}"},"query-input":{"@type":"PropertyValueSpecification","valueRequired":true,"valueName":"search_term_string"}}],"inLanguage":"en-US"},{"@type":"Organization","@id":"https:\/\/gronau-inside.de\/en#organization","name":"Gronau Inside","url":"https:\/\/gronau-inside.de\/en","logo":{"@type":"ImageObject","inLanguage":"en-US","@id":"https:\/\/gronau-inside.de\/en#\/schema\/logo\/image\/","url":"https:\/\/gronau-inside.de\/wp-content\/uploads\/2020\/10\/01_gronau-logo_weissaufweiss_Schriftzug-1.png","contentUrl":"https:\/\/gronau-inside.de\/wp-content\/uploads\/2020\/10\/01_gronau-logo_weissaufweiss_Schriftzug-1.png","width":254,"height":246,"caption":"Gronau Inside"},"image":{"@id":"https:\/\/gronau-inside.de\/en#\/schema\/logo\/image\/"}}]}},"_links":{"self":[{"href":"https:\/\/gronau-inside.de\/en\/wp-json\/wp\/v2\/product\/93109","targetHints":{"allow":["GET"]}}],"collection":[{"href":"https:\/\/gronau-inside.de\/en\/wp-json\/wp\/v2\/product"}],"about":[{"href":"https:\/\/gronau-inside.de\/en\/wp-json\/wp\/v2\/types\/product"}],"wp:featuredmedia":[{"embeddable":true,"href":"https:\/\/gronau-inside.de\/en\/wp-json\/wp\/v2\/media\/93111"}],"wp:attachment":[{"href":"https:\/\/gronau-inside.de\/en\/wp-json\/wp\/v2\/media?parent=93109"}],"wp:term":[{"taxonomy":"product_brand","embeddable":true,"href":"https:\/\/gronau-inside.de\/en\/wp-json\/wp\/v2\/product_brand?post=93109"},{"taxonomy":"product_cat","embeddable":true,"href":"https:\/\/gronau-inside.de\/en\/wp-json\/wp\/v2\/product_cat?post=93109"},{"taxonomy":"product_tag","embeddable":true,"href":"https:\/\/gronau-inside.de\/en\/wp-json\/wp\/v2\/product_tag?post=93109"}],"curies":[{"name":"wp","href":"https:\/\/api.w.org\/{rel}","templated":true}]}}