{"id":39844,"date":"2023-07-17T16:25:15","date_gmt":"2023-07-17T14:25:15","guid":{"rendered":"https:\/\/gronau-inside.de\/nieuwsbrief"},"modified":"2025-06-11T10:27:35","modified_gmt":"2025-06-11T08:27:35","slug":"nieuwsbrief","status":"publish","type":"page","link":"https:\/\/gronau-inside.de\/nl\/nieuwsbrief","title":{"rendered":"Nieuwsbrief"},"content":{"rendered":"\t\t<div data-elementor-type=\"wp-page\" data-elementor-id=\"39844\" class=\"elementor elementor-39844 elementor-24813\" data-elementor-post-type=\"page\">\n\t\t\t\t\t\t<section class=\"elementor-section elementor-top-section elementor-element elementor-element-33254b0d elementor-section-boxed elementor-section-height-default elementor-section-height-default\" data-id=\"33254b0d\" data-element_type=\"section\" data-e-type=\"section\" data-settings=\"{&quot;jet_parallax_layout_list&quot;:[],&quot;ekit_has_onepagescroll_dot&quot;:&quot;yes&quot;}\">\n\t\t\t\t\t\t<div class=\"elementor-container elementor-column-gap-default\">\n\t\t\t\t\t<div class=\"elementor-column elementor-col-100 elementor-top-column elementor-element elementor-element-10dbde2b\" data-id=\"10dbde2b\" data-element_type=\"column\" data-e-type=\"column\">\n\t\t\t<div class=\"elementor-widget-wrap elementor-element-populated\">\n\t\t\t\t\t\t<div class=\"elementor-element elementor-element-4012558 elementor-widget elementor-widget-heading\" data-id=\"4012558\" data-element_type=\"widget\" data-e-type=\"widget\" data-settings=\"{&quot;ekit_we_effect_on&quot;:&quot;none&quot;}\" data-widget_type=\"heading.default\">\n\t\t\t\t<div class=\"elementor-widget-container\">\n\t\t\t\t\t<h2 class=\"elementor-heading-title elementor-size-default\">Nieuwsbrief<\/h2>\t\t\t\t<\/div>\n\t\t\t\t<\/div>\n\t\t\t\t<div class=\"elementor-element elementor-element-72cb75a elementor-widget elementor-widget-heading\" data-id=\"72cb75a\" data-element_type=\"widget\" data-e-type=\"widget\" data-settings=\"{&quot;ekit_we_effect_on&quot;:&quot;none&quot;}\" data-widget_type=\"heading.default\">\n\t\t\t\t<div class=\"elementor-widget-container\">\n\t\t\t\t\t<h3 class=\"elementor-heading-title elementor-size-default\">#gronauinside<\/h3>\t\t\t\t<\/div>\n\t\t\t\t<\/div>\n\t\t\t\t<div class=\"elementor-element elementor-element-3754911 elementor-widget elementor-widget-text-editor\" data-id=\"3754911\" data-element_type=\"widget\" data-e-type=\"widget\" data-settings=\"{&quot;ekit_we_effect_on&quot;:&quot;none&quot;}\" data-widget_type=\"text-editor.default\">\n\t\t\t\t<div class=\"elementor-widget-container\">\n\t\t\t\t\t\t\t\t\t<p><p>Fijn dat je er bent! Met onze nieuwsbrief ontvang je alle hoogtepunten, speciale insidertips en actuele vrijetijds- en cultuuraanbiedingen rechtstreeks per e-mail. Gratis, natuurlijk.<br \/>Als bedankje ontvang je na registratie een kortingscode* van 15%, geldig bij aankoop van souvenirs &amp; merchandise en fiets- en wandelkaarten in onze online shop.<\/p>\n<p><em>*Alleen online geldig en voor \u00e9\u00e9n aankoop per persoon.&nbsp;<\/em><\/p>\n<p><style id='mailster-form-default' type='text\/css'>.mailster-embeded-form body{background:0;padding:0;margin:0}.mailster-embeded-form .mailster-form-body{padding:5px !important;margin:auto !important}.mailster-form-wrap{max-width:100%;max-height:95%;min-width:100px;-webkit-overflow-scrolling:touch}.mailster-form{margin-bottom:20px;position:relative}.mailster-form:before{content:'';position:absolute;display:block;height:100%;width:100%;z-index:1;background-repeat:no-repeat;background-position:center center;background-size:20px 20px;background-image:url('https:\/\/gronau-inside.de\/wp-content\/plugins\/mailster\/assets\/css\/..\/img\/loading.gif');visibility:hidden;opacity:0;transition:opacity .15s ease-in-out}.mailster-form.loading:before{opacity:1;visibility:visible}@media only screen and (-webkit-min-device-pixel-ratio:2),only screen and (min-resolution:192dpi){.mailster-form:before{background-image:url('https:\/\/gronau-inside.de\/wp-content\/plugins\/mailster\/assets\/css\/..\/img\/loading_2x.gif')}}.mailster-form:after,.mailster-form-fields:after{content:'.';visibility:hidden;display:block;height:0;clear:both}.mailster-form .mailster-form-fields{transition:all .15s ease-in-out}.mailster-form.completed .mailster-form-fields{height:0;min-height:0;opacity:0;overflow:hidden}.mailster-form,.mailster-form .input,.mailster-form .mailster-form-info{width:100%;box-sizing:border-box}.mailster-embeded-form .mailster-form{margin-bottom:3px}.mailster-form .mailster-wrapper{position:relative;margin-bottom:2px;transition:opacity .15s ease-in-out}.mailster-form.loading .mailster-wrapper{opacity:.2}.mailster-form textarea.input{resize:vertical;height:150px}.mailster-form li{list-style:none !important;margin-left:0;padding-left:0}span.mailster-required{font-size:120%;font-weight:700;color:#bf4d4d}.mailster-lists-wrapper ul{list-style:none;margin-left:0;padding-left:0}.mailster-lists-wrapper ul li{margin-left:0}.mailster-list-description{color:inherit;display:block;margin-left:25px;font-size:.8em}.mailster-form-info{height:0;border-radius:2px;padding:5px;margin-bottom:4px;color:#fff;padding:9px 16px;transition:all .2s;-webkit-transform:scale(0);-moz-transform:scale(0);-ms-transform:scale(0);transform:scale(0)}.mailster-form.loading .mailster-form-info{opacity:0}.mailster-form-info a{color:#fff}.mailster-form-info.success,.mailster-form-info.error{display:block;height:100%;-webkit-transform:scale(1);-moz-transform:scale(1);-ms-transform:scale(1);transform:scale(1)}.mailster-form .error input,.mailster-form .error select,.mailster-form .error textarea{outline:2px solid #bf4d4d;outline-offset:0}.mailster-form-info.error{background:#bf4d4d}.mailster-form-info.success{background-color:#6fbf4d;text-align:center}.mailster-form-info ul,.mailster-form .mailster-form-info p{margin:0;padding:0;max-width:initial}.mailster-form-info ul li{color:inherit;margin-left:0}.mailster-submit-wrapper{margin-top:6px}.mailster-form .submit-button{cursor:pointer}.mailster-form .submit-button:focus{outline:0}<\/style><form action=\"https:\/\/gronau-inside.de\/nl\/mailster\/subscribe\" method=\"post\" class=\"mailster-form mailster-form-submit mailster-ajax-form mailster-form-1\" novalidate><input name=\"_action\" type=\"hidden\" value=\"subscribe\">\n<input name=\"_timestamp\" type=\"hidden\" value=\"1776968637\">\n<input name=\"_referer\" type=\"hidden\" value=\"https:\/\/gronau-inside.de\/nl\/wp-json\/wp\/v2\/pages\/39844\">\n<input name=\"_nonce\" type=\"hidden\" value=\"6d76eb64dd\">\n<input name=\"formid\" type=\"hidden\" value=\"1\">\n<div class=\"mailster-form-fields\">\n<div class=\"mailster-wrapper mailster-email-wrapper\"><label for=\"mailster-email-1\">E-Mail <span class=\"mailster-required\">*<\/span><\/label><input id=\"mailster-email-1\" name=\"email\" type=\"email\" value=\"\" class=\"input mailster-email mailster-required\" aria-required=\"true\" aria-label=\"E-Mail\" spellcheck=\"false\"><\/div>\n<div style=\"position:absolute;top:-99999px;left:-99999px;z-index:-99;\"><input name=\"_n_hp_mail\" type=\"email\" tabindex=\"-1\" autocomplete=\"noton\" autofill=\"off\"><\/div>\n<div class=\"mailster-wrapper mailster-firstname-wrapper\"><label for=\"mailster-firstname-1\">Vorname <span class=\"mailster-required\">*<\/span><\/label><input id=\"mailster-firstname-1\" name=\"firstname\" type=\"text\" value=\"\" class=\"input mailster-firstname mailster-required\" aria-required=\"true\" aria-label=\"Vorname\"><\/div>\n<div class=\"mailster-wrapper mailster-lastname-wrapper\"><label for=\"mailster-lastname-1\">Nachname<\/label><input id=\"mailster-lastname-1\" name=\"lastname\" type=\"text\" value=\"\" class=\"input mailster-lastname\" aria-required=\"false\" aria-label=\"Nachname\"><\/div>\n<div class=\"mailster-wrapper mailster-plz-wrapper\"><label for=\"mailster-plz-1\">PLZ<\/label><input id=\"mailster-plz-1\" name=\"plz\" type=\"text\" value=\"\" class=\"input mailster-plz\" aria-required=\"false\" aria-label=\"PLZ\"><\/div>\n<div class=\"mailster-wrapper mailster-_gdpr-wrapper\"><label for=\"mailster-_gdpr-1\"><input type=\"hidden\" name=\"_gdpr\" value=\"0\"><input id=\"mailster-_gdpr-1\" name=\"_gdpr\" type=\"checkbox\" value=\"1\" class=\"mailster-_gdpr mailster-required\" aria-required=\"true\" aria-label=\"Ich bin damit einverstanden, dass die Kulturb\u00fcro Gronau GmbH meine Daten f\u00fcr den Versand des regelm\u00e4\u00dfig erscheinenden Email Newsletters mit Veranstaltungstipps, touristischen und kulturellen Angeboten f\u00fcr Gronau &amp; Epe nutzt. Ich stimme der personalisierten Anrede im Newsletter zu und mir ist bewusst, dass ich mich jederzeit \u00fcber den Abmeldelink im Newsletter abmelden kann. Die Datenschutzerkl\u00e4rung habe ich gelesen und stimme dieser zu.\"> Ich bin damit einverstanden, dass die Kulturb\u00fcro Gronau GmbH meine Daten f\u00fcr den Versand des regelm\u00e4\u00dfig erscheinenden Email Newsletters mit Veranstaltungstipps, touristischen und kulturellen Angeboten f\u00fcr Gronau &#038; Epe nutzt. Ich stimme der personalisierten Anrede im Newsletter zu und mir ist bewusst, dass ich mich jederzeit \u00fcber den Abmeldelink im Newsletter abmelden kann. Die Datenschutzerkl\u00e4rung habe ich gelesen und stimme dieser zu. (<a href=\"https:\/\/gronau-inside.de\/startseite\/datenschutz\" target=\"_top\">Link<\/a>)<\/label><\/div>\n<div class=\"mailster-wrapper mailster-_hcaptcha-wrapper\"><div class=\"h-captcha\" data-sitekey=\"80124d1c-a002-49e4-8522-593283c8f25a\" data-theme=\"light\" data-size=\"normal\"><\/div><\/div>\n<div class=\"mailster-wrapper mailster-submit-wrapper form-submit\"><input name=\"submit\" type=\"submit\" value=\"Anmelden\" class=\"submit-button button\" aria-label=\"Anmelden\"><\/div>\n<\/div>\n<\/form>\n<\/p>\n<form action=\"https:\/\/gronau-inside.de\/nl\/mailster\/subscribe\" method=\"post\" class=\"mailster-form mailster-form-submit mailster-ajax-form is-unsubscribe mailster-form-1\" novalidate><input name=\"_action\" type=\"hidden\" value=\"unsubscribe\">\n<input name=\"_referer\" type=\"hidden\" value=\"https:\/\/gronau-inside.de\/nl\/wp-json\/wp\/v2\/pages\/39844\">\n<input name=\"_nonce\" type=\"hidden\" value=\"6d76eb64dd\">\n<input name=\"formid\" type=\"hidden\" value=\"1\">\n<div class=\"mailster-form-fields\">\n<div class=\"mailster-wrapper mailster-email-wrapper\"><label for=\"mailster-email-1\">E-Mail <span class=\"mailster-required\">*<\/span><\/label><input id=\"mailster-email-1\" name=\"email\" type=\"email\" value=\"\" class=\"input mailster-email mailster-required\" aria-required=\"true\" aria-label=\"E-Mail\" spellcheck=\"false\"><\/div>\n<div style=\"position:absolute;top:-99999px;left:-99999px;z-index:-99;\"><input name=\"_n_hp_mail\" type=\"email\" tabindex=\"-1\" autocomplete=\"noton\" autofill=\"off\"><\/div>\n<div class=\"mailster-wrapper mailster-_hcaptcha-wrapper\"><div class=\"h-captcha\" data-sitekey=\"80124d1c-a002-49e4-8522-593283c8f25a\" data-theme=\"light\" data-size=\"normal\"><\/div><\/div>\n<div class=\"mailster-wrapper mailster-submit-wrapper form-submit\"><input name=\"submit\" type=\"submit\" value=\"Ja, abmelden\" class=\"submit-button button\" aria-label=\"Ja, abmelden\"><\/div>\n<\/div>\n<\/form>\n<\/p>\t\t\t\t\t\t\t\t<\/div>\n\t\t\t\t<\/div>\n\t\t\t\t\t<\/div>\n\t\t<\/div>\n\t\t\t\t\t<\/div>\n\t\t<\/section>\n\t\t\t\t<\/div>\n\t\t","protected":false},"excerpt":{"rendered":"<p>Nieuwsbrief #gronauinside<\/p>\n","protected":false},"author":2,"featured_media":0,"parent":0,"menu_order":2,"comment_status":"closed","ping_status":"closed","template":"","meta":{"_acf_changed":false,"_price":"","_stock":"","_tribe_ticket_header":"","_tribe_default_ticket_provider":"","_tribe_ticket_capacity":"0","_ticket_start_date":"","_ticket_end_date":"","_tribe_ticket_show_description":"","_tribe_ticket_show_not_going":false,"_tribe_ticket_use_global_stock":"","_tribe_ticket_global_stock_level":"","_global_stock_mode":"","_global_stock_cap":"","_tribe_rsvp_for_event":"","_tribe_ticket_going_count":"","_tribe_ticket_not_going_count":"","_tribe_tickets_list":"[]","_tribe_ticket_has_attendee_info_fields":false,"footnotes":"","_tec_slr_enabled":"","_tec_slr_layout":""},"class_list":["post-39844","page","type-page","status-publish","hentry"],"acf":[],"yoast_head":"<!-- This site is optimized with the Yoast SEO plugin v27.4 - https:\/\/yoast.com\/product\/yoast-seo-wordpress\/ -->\n<title>Nieuwsbrief - Gronau Inside<\/title>\n<meta name=\"robots\" content=\"index, follow, max-snippet:-1, max-image-preview:large, max-video-preview:-1\" \/>\n<link rel=\"canonical\" href=\"https:\/\/gronau-inside.de\/nl\/nieuwsbrief\" \/>\n<meta property=\"og:locale\" content=\"nl_NL\" \/>\n<meta property=\"og:type\" content=\"article\" \/>\n<meta property=\"og:title\" content=\"Nieuwsbrief - Gronau Inside\" \/>\n<meta property=\"og:description\" content=\"Nieuwsbrief #gronauinside\" \/>\n<meta property=\"og:url\" content=\"https:\/\/gronau-inside.de\/nl\/nieuwsbrief\" \/>\n<meta property=\"og:site_name\" content=\"Gronau Inside\" \/>\n<meta property=\"article:modified_time\" content=\"2025-06-11T08:27:35+00:00\" \/>\n<meta name=\"twitter:card\" content=\"summary_large_image\" \/>\n<script type=\"application\/ld+json\" class=\"yoast-schema-graph\">{\"@context\":\"https:\\\/\\\/schema.org\",\"@graph\":[{\"@type\":\"WebPage\",\"@id\":\"https:\\\/\\\/gronau-inside.de\\\/nl\\\/nieuwsbrief\",\"url\":\"https:\\\/\\\/gronau-inside.de\\\/nl\\\/nieuwsbrief\",\"name\":\"Nieuwsbrief - Gronau Inside\",\"isPartOf\":{\"@id\":\"https:\\\/\\\/gronau-inside.de\\\/nl#website\"},\"datePublished\":\"2023-07-17T14:25:15+00:00\",\"dateModified\":\"2025-06-11T08:27:35+00:00\",\"breadcrumb\":{\"@id\":\"https:\\\/\\\/gronau-inside.de\\\/nl\\\/nieuwsbrief#breadcrumb\"},\"inLanguage\":\"nl-NL\",\"potentialAction\":[{\"@type\":\"ReadAction\",\"target\":[\"https:\\\/\\\/gronau-inside.de\\\/nl\\\/nieuwsbrief\"]}]},{\"@type\":\"BreadcrumbList\",\"@id\":\"https:\\\/\\\/gronau-inside.de\\\/nl\\\/nieuwsbrief#breadcrumb\",\"itemListElement\":[{\"@type\":\"ListItem\",\"position\":1,\"name\":\"Startseite\",\"item\":\"https:\\\/\\\/gronau-inside.de\\\/nl\\\/startseite\"},{\"@type\":\"ListItem\",\"position\":2,\"name\":\"Nieuwsbrief\"}]},{\"@type\":\"WebSite\",\"@id\":\"https:\\\/\\\/gronau-inside.de\\\/nl#website\",\"url\":\"https:\\\/\\\/gronau-inside.de\\\/nl\",\"name\":\"Gronau Inside\",\"description\":\"Musikstadt im Gr\u00fcnen\",\"publisher\":{\"@id\":\"https:\\\/\\\/gronau-inside.de\\\/nl#organization\"},\"potentialAction\":[{\"@type\":\"SearchAction\",\"target\":{\"@type\":\"EntryPoint\",\"urlTemplate\":\"https:\\\/\\\/gronau-inside.de\\\/nl?s={search_term_string}\"},\"query-input\":{\"@type\":\"PropertyValueSpecification\",\"valueRequired\":true,\"valueName\":\"search_term_string\"}}],\"inLanguage\":\"nl-NL\"},{\"@type\":\"Organization\",\"@id\":\"https:\\\/\\\/gronau-inside.de\\\/nl#organization\",\"name\":\"Gronau Inside\",\"url\":\"https:\\\/\\\/gronau-inside.de\\\/nl\",\"logo\":{\"@type\":\"ImageObject\",\"inLanguage\":\"nl-NL\",\"@id\":\"https:\\\/\\\/gronau-inside.de\\\/nl#\\\/schema\\\/logo\\\/image\\\/\",\"url\":\"https:\\\/\\\/gronau-inside.de\\\/wp-content\\\/uploads\\\/2020\\\/10\\\/01_gronau-logo_weissaufweiss_Schriftzug-1.png\",\"contentUrl\":\"https:\\\/\\\/gronau-inside.de\\\/wp-content\\\/uploads\\\/2020\\\/10\\\/01_gronau-logo_weissaufweiss_Schriftzug-1.png\",\"width\":254,\"height\":246,\"caption\":\"Gronau Inside\"},\"image\":{\"@id\":\"https:\\\/\\\/gronau-inside.de\\\/nl#\\\/schema\\\/logo\\\/image\\\/\"}}]}<\/script>\n<!-- \/ Yoast SEO plugin. -->","yoast_head_json":{"title":"Nieuwsbrief - Gronau Inside","robots":{"index":"index","follow":"follow","max-snippet":"max-snippet:-1","max-image-preview":"max-image-preview:large","max-video-preview":"max-video-preview:-1"},"canonical":"https:\/\/gronau-inside.de\/nl\/nieuwsbrief","og_locale":"nl_NL","og_type":"article","og_title":"Nieuwsbrief - Gronau Inside","og_description":"Nieuwsbrief #gronauinside","og_url":"https:\/\/gronau-inside.de\/nl\/nieuwsbrief","og_site_name":"Gronau Inside","article_modified_time":"2025-06-11T08:27:35+00:00","twitter_card":"summary_large_image","schema":{"@context":"https:\/\/schema.org","@graph":[{"@type":"WebPage","@id":"https:\/\/gronau-inside.de\/nl\/nieuwsbrief","url":"https:\/\/gronau-inside.de\/nl\/nieuwsbrief","name":"Nieuwsbrief - Gronau Inside","isPartOf":{"@id":"https:\/\/gronau-inside.de\/nl#website"},"datePublished":"2023-07-17T14:25:15+00:00","dateModified":"2025-06-11T08:27:35+00:00","breadcrumb":{"@id":"https:\/\/gronau-inside.de\/nl\/nieuwsbrief#breadcrumb"},"inLanguage":"nl-NL","potentialAction":[{"@type":"ReadAction","target":["https:\/\/gronau-inside.de\/nl\/nieuwsbrief"]}]},{"@type":"BreadcrumbList","@id":"https:\/\/gronau-inside.de\/nl\/nieuwsbrief#breadcrumb","itemListElement":[{"@type":"ListItem","position":1,"name":"Startseite","item":"https:\/\/gronau-inside.de\/nl\/startseite"},{"@type":"ListItem","position":2,"name":"Nieuwsbrief"}]},{"@type":"WebSite","@id":"https:\/\/gronau-inside.de\/nl#website","url":"https:\/\/gronau-inside.de\/nl","name":"Gronau Inside","description":"Musikstadt im Gr\u00fcnen","publisher":{"@id":"https:\/\/gronau-inside.de\/nl#organization"},"potentialAction":[{"@type":"SearchAction","target":{"@type":"EntryPoint","urlTemplate":"https:\/\/gronau-inside.de\/nl?s={search_term_string}"},"query-input":{"@type":"PropertyValueSpecification","valueRequired":true,"valueName":"search_term_string"}}],"inLanguage":"nl-NL"},{"@type":"Organization","@id":"https:\/\/gronau-inside.de\/nl#organization","name":"Gronau Inside","url":"https:\/\/gronau-inside.de\/nl","logo":{"@type":"ImageObject","inLanguage":"nl-NL","@id":"https:\/\/gronau-inside.de\/nl#\/schema\/logo\/image\/","url":"https:\/\/gronau-inside.de\/wp-content\/uploads\/2020\/10\/01_gronau-logo_weissaufweiss_Schriftzug-1.png","contentUrl":"https:\/\/gronau-inside.de\/wp-content\/uploads\/2020\/10\/01_gronau-logo_weissaufweiss_Schriftzug-1.png","width":254,"height":246,"caption":"Gronau Inside"},"image":{"@id":"https:\/\/gronau-inside.de\/nl#\/schema\/logo\/image\/"}}]}},"ticketed":false,"_links":{"self":[{"href":"https:\/\/gronau-inside.de\/nl\/wp-json\/wp\/v2\/pages\/39844","targetHints":{"allow":["GET"]}}],"collection":[{"href":"https:\/\/gronau-inside.de\/nl\/wp-json\/wp\/v2\/pages"}],"about":[{"href":"https:\/\/gronau-inside.de\/nl\/wp-json\/wp\/v2\/types\/page"}],"author":[{"embeddable":true,"href":"https:\/\/gronau-inside.de\/nl\/wp-json\/wp\/v2\/users\/2"}],"replies":[{"embeddable":true,"href":"https:\/\/gronau-inside.de\/nl\/wp-json\/wp\/v2\/comments?post=39844"}],"version-history":[{"count":0,"href":"https:\/\/gronau-inside.de\/nl\/wp-json\/wp\/v2\/pages\/39844\/revisions"}],"wp:attachment":[{"href":"https:\/\/gronau-inside.de\/nl\/wp-json\/wp\/v2\/media?parent=39844"}],"curies":[{"name":"wp","href":"https:\/\/api.w.org\/{rel}","templated":true}]}}