{"id":1343,"date":"2021-04-13T11:49:56","date_gmt":"2021-04-13T09:49:56","guid":{"rendered":"https:\/\/gronau-inside.heska.mp\/?post_type=product&#038;p=1343"},"modified":"2024-03-14T15:47:10","modified_gmt":"2024-03-14T14:47:10","slug":"anstecknadel-wappen-gronau","status":"publish","type":"product","link":"https:\/\/gronau-inside.de\/nl\/produkt\/anstecknadel-wappen-gronau","title":{"rendered":"Anstecknadel Wappen Gronau"},"content":{"rendered":"","protected":false},"excerpt":{"rendered":"<p>Kleine Anstecknadel mit dem Gronauer Wappen. Das Stadtwappen zeigt einen blauen Schwan im gelben Wellenpfahl begleitet von einer gelben Spule sowie einer gelben \u00c4hre im gr\u00fcnen Rand. Die Symbole und Farben gehen auf die beiden Gemeinden Gronau und Epe ein. Der Schwan deutet auf die fr\u00fchere territoriale Zugeh\u00f6rigkeit Gronaus zur Herrschaft der Edelherren von Steinfurt hin; der gr\u00fcne Untergrund soll redender Hinweis auf die Bezeichnung des alten Gronau als \u201eGr\u00fcne Aue\u201c sein. Aus dem ehemaligen Wappen der Gemeinde Epe wurden die Symbole \u201e\u00c4hre\u201c und \u201eSpule\u201c \u00fcbernommen. W\u00e4hrend die Spule die enge Verbundenheit beider Gemeinden mit der Textilindustrie andeutet, steht die \u00c4hre symbolisch f\u00fcr die Bedeutung der Landwirtschaft.<\/p>\n<p><strong>Inklusive 19% MwSt.<\/strong><\/p>\n","protected":false},"featured_media":1346,"template":"","meta":{"_acf_changed":false,"_price":"3.50","_stock":null,"_tribe_ticket_header":"","_tribe_default_ticket_provider":"","_tribe_ticket_capacity":"","_ticket_start_date":"","_ticket_end_date":"","_tribe_ticket_show_description":"","_tribe_ticket_show_not_going":false,"_tribe_ticket_use_global_stock":"","_tribe_ticket_global_stock_level":"","_global_stock_mode":"","_global_stock_cap":"","_tribe_rsvp_for_event":"","_tribe_ticket_going_count":"","_tribe_ticket_not_going_count":"","_tribe_tickets_list":"[]","_tribe_ticket_has_attendee_info_fields":false},"product_brand":[],"product_cat":[31],"product_tag":[],"class_list":{"0":"post-1343","1":"product","2":"type-product","3":"status-publish","4":"has-post-thumbnail","6":"product_cat-souvenirsundmerchandise","7":"product_shipping_class-brief","9":"first","10":"instock","11":"taxable","12":"shipping-taxable","13":"purchasable","14":"product-type-simple"},"acf":[],"yoast_head":"<!-- This site is optimized with the Yoast SEO plugin v27.4 - https:\/\/yoast.com\/product\/yoast-seo-wordpress\/ -->\n<title>Anstecknadel Wappen Gronau - Gronau Inside<\/title>\n<meta name=\"robots\" content=\"index, follow, max-snippet:-1, max-image-preview:large, max-video-preview:-1\" \/>\n<link rel=\"canonical\" href=\"https:\/\/gronau-inside.de\/nl\/produkt\/anstecknadel-wappen-gronau\" \/>\n<meta property=\"og:locale\" content=\"nl_NL\" \/>\n<meta property=\"og:type\" content=\"article\" \/>\n<meta property=\"og:title\" content=\"Anstecknadel Wappen Gronau - Gronau Inside\" \/>\n<meta property=\"og:description\" content=\"Kleine Anstecknadel mit dem Gronauer Wappen. Das Stadtwappen zeigt einen blauen Schwan im gelben Wellenpfahl begleitet von einer gelben Spule sowie einer gelben \u00c4hre im gr\u00fcnen Rand. Die Symbole und Farben gehen auf die beiden Gemeinden Gronau und Epe ein. Der Schwan deutet auf die fr\u00fchere territoriale Zugeh\u00f6rigkeit Gronaus zur Herrschaft der Edelherren von Steinfurt hin; der gr\u00fcne Untergrund soll redender Hinweis auf die Bezeichnung des alten Gronau als \u201eGr\u00fcne Aue\u201c sein. Aus dem ehemaligen Wappen der Gemeinde Epe wurden die Symbole \u201e\u00c4hre\u201c und \u201eSpule\u201c \u00fcbernommen. W\u00e4hrend die Spule die enge Verbundenheit beider Gemeinden mit der Textilindustrie andeutet, steht die \u00c4hre symbolisch f\u00fcr die Bedeutung der Landwirtschaft.  Inklusive 19% MwSt.\" \/>\n<meta property=\"og:url\" content=\"https:\/\/gronau-inside.de\/nl\/produkt\/anstecknadel-wappen-gronau\" \/>\n<meta property=\"og:site_name\" content=\"Gronau Inside\" \/>\n<meta property=\"article:modified_time\" content=\"2024-03-14T14:47:10+00:00\" \/>\n<meta property=\"og:image\" content=\"https:\/\/gronau-inside.de\/wp-content\/uploads\/2021\/04\/Anstecknadel-Wappen-Gronau_Leonie-Breuers-3.jpeg\" \/>\n\t<meta property=\"og:image:width\" content=\"1200\" \/>\n\t<meta property=\"og:image:height\" content=\"1600\" \/>\n\t<meta property=\"og:image:type\" content=\"image\/jpeg\" \/>\n<meta name=\"twitter:card\" content=\"summary_large_image\" \/>\n<script type=\"application\/ld+json\" class=\"yoast-schema-graph\">{\"@context\":\"https:\\\/\\\/schema.org\",\"@graph\":[{\"@type\":\"WebPage\",\"@id\":\"https:\\\/\\\/gronau-inside.de\\\/nl\\\/produkt\\\/anstecknadel-wappen-gronau\",\"url\":\"https:\\\/\\\/gronau-inside.de\\\/nl\\\/produkt\\\/anstecknadel-wappen-gronau\",\"name\":\"Anstecknadel Wappen Gronau - Gronau Inside\",\"isPartOf\":{\"@id\":\"https:\\\/\\\/gronau-inside.de\\\/nl#website\"},\"primaryImageOfPage\":{\"@id\":\"https:\\\/\\\/gronau-inside.de\\\/nl\\\/produkt\\\/anstecknadel-wappen-gronau#primaryimage\"},\"image\":{\"@id\":\"https:\\\/\\\/gronau-inside.de\\\/nl\\\/produkt\\\/anstecknadel-wappen-gronau#primaryimage\"},\"thumbnailUrl\":\"https:\\\/\\\/gronau-inside.de\\\/wp-content\\\/uploads\\\/2021\\\/04\\\/Anstecknadel-Wappen-Gronau_Leonie-Breuers-3.jpeg\",\"datePublished\":\"2021-04-13T09:49:56+00:00\",\"dateModified\":\"2024-03-14T14:47:10+00:00\",\"breadcrumb\":{\"@id\":\"https:\\\/\\\/gronau-inside.de\\\/nl\\\/produkt\\\/anstecknadel-wappen-gronau#breadcrumb\"},\"inLanguage\":\"nl-NL\",\"potentialAction\":[{\"@type\":\"ReadAction\",\"target\":[\"https:\\\/\\\/gronau-inside.de\\\/nl\\\/produkt\\\/anstecknadel-wappen-gronau\"]}]},{\"@type\":\"ImageObject\",\"inLanguage\":\"nl-NL\",\"@id\":\"https:\\\/\\\/gronau-inside.de\\\/nl\\\/produkt\\\/anstecknadel-wappen-gronau#primaryimage\",\"url\":\"https:\\\/\\\/gronau-inside.de\\\/wp-content\\\/uploads\\\/2021\\\/04\\\/Anstecknadel-Wappen-Gronau_Leonie-Breuers-3.jpeg\",\"contentUrl\":\"https:\\\/\\\/gronau-inside.de\\\/wp-content\\\/uploads\\\/2021\\\/04\\\/Anstecknadel-Wappen-Gronau_Leonie-Breuers-3.jpeg\",\"width\":1200,\"height\":1600},{\"@type\":\"BreadcrumbList\",\"@id\":\"https:\\\/\\\/gronau-inside.de\\\/nl\\\/produkt\\\/anstecknadel-wappen-gronau#breadcrumb\",\"itemListElement\":[{\"@type\":\"ListItem\",\"position\":1,\"name\":\"Startseite\",\"item\":\"https:\\\/\\\/gronau-inside.de\\\/nl\\\/startseite\"},{\"@type\":\"ListItem\",\"position\":2,\"name\":\"Winkelen\",\"item\":\"https:\\\/\\\/gronau-inside.de\\\/shop\"},{\"@type\":\"ListItem\",\"position\":3,\"name\":\"Anstecknadel Wappen Gronau\"}]},{\"@type\":\"WebSite\",\"@id\":\"https:\\\/\\\/gronau-inside.de\\\/nl#website\",\"url\":\"https:\\\/\\\/gronau-inside.de\\\/nl\",\"name\":\"Gronau Inside\",\"description\":\"Musikstadt im Gr\u00fcnen\",\"publisher\":{\"@id\":\"https:\\\/\\\/gronau-inside.de\\\/nl#organization\"},\"potentialAction\":[{\"@type\":\"SearchAction\",\"target\":{\"@type\":\"EntryPoint\",\"urlTemplate\":\"https:\\\/\\\/gronau-inside.de\\\/nl?s={search_term_string}\"},\"query-input\":{\"@type\":\"PropertyValueSpecification\",\"valueRequired\":true,\"valueName\":\"search_term_string\"}}],\"inLanguage\":\"nl-NL\"},{\"@type\":\"Organization\",\"@id\":\"https:\\\/\\\/gronau-inside.de\\\/nl#organization\",\"name\":\"Gronau Inside\",\"url\":\"https:\\\/\\\/gronau-inside.de\\\/nl\",\"logo\":{\"@type\":\"ImageObject\",\"inLanguage\":\"nl-NL\",\"@id\":\"https:\\\/\\\/gronau-inside.de\\\/nl#\\\/schema\\\/logo\\\/image\\\/\",\"url\":\"https:\\\/\\\/gronau-inside.de\\\/wp-content\\\/uploads\\\/2020\\\/10\\\/01_gronau-logo_weissaufweiss_Schriftzug-1.png\",\"contentUrl\":\"https:\\\/\\\/gronau-inside.de\\\/wp-content\\\/uploads\\\/2020\\\/10\\\/01_gronau-logo_weissaufweiss_Schriftzug-1.png\",\"width\":254,\"height\":246,\"caption\":\"Gronau Inside\"},\"image\":{\"@id\":\"https:\\\/\\\/gronau-inside.de\\\/nl#\\\/schema\\\/logo\\\/image\\\/\"}}]}<\/script>\n<!-- \/ Yoast SEO plugin. -->","yoast_head_json":{"title":"Anstecknadel Wappen Gronau - Gronau Inside","robots":{"index":"index","follow":"follow","max-snippet":"max-snippet:-1","max-image-preview":"max-image-preview:large","max-video-preview":"max-video-preview:-1"},"canonical":"https:\/\/gronau-inside.de\/nl\/produkt\/anstecknadel-wappen-gronau","og_locale":"nl_NL","og_type":"article","og_title":"Anstecknadel Wappen Gronau - Gronau Inside","og_description":"Kleine Anstecknadel mit dem Gronauer Wappen. Das Stadtwappen zeigt einen blauen Schwan im gelben Wellenpfahl begleitet von einer gelben Spule sowie einer gelben \u00c4hre im gr\u00fcnen Rand. Die Symbole und Farben gehen auf die beiden Gemeinden Gronau und Epe ein. Der Schwan deutet auf die fr\u00fchere territoriale Zugeh\u00f6rigkeit Gronaus zur Herrschaft der Edelherren von Steinfurt hin; der gr\u00fcne Untergrund soll redender Hinweis auf die Bezeichnung des alten Gronau als \u201eGr\u00fcne Aue\u201c sein. Aus dem ehemaligen Wappen der Gemeinde Epe wurden die Symbole \u201e\u00c4hre\u201c und \u201eSpule\u201c \u00fcbernommen. W\u00e4hrend die Spule die enge Verbundenheit beider Gemeinden mit der Textilindustrie andeutet, steht die \u00c4hre symbolisch f\u00fcr die Bedeutung der Landwirtschaft.  Inklusive 19% MwSt.","og_url":"https:\/\/gronau-inside.de\/nl\/produkt\/anstecknadel-wappen-gronau","og_site_name":"Gronau Inside","article_modified_time":"2024-03-14T14:47:10+00:00","og_image":[{"width":1200,"height":1600,"url":"https:\/\/gronau-inside.de\/wp-content\/uploads\/2021\/04\/Anstecknadel-Wappen-Gronau_Leonie-Breuers-3.jpeg","type":"image\/jpeg"}],"twitter_card":"summary_large_image","schema":{"@context":"https:\/\/schema.org","@graph":[{"@type":"WebPage","@id":"https:\/\/gronau-inside.de\/nl\/produkt\/anstecknadel-wappen-gronau","url":"https:\/\/gronau-inside.de\/nl\/produkt\/anstecknadel-wappen-gronau","name":"Anstecknadel Wappen Gronau - Gronau Inside","isPartOf":{"@id":"https:\/\/gronau-inside.de\/nl#website"},"primaryImageOfPage":{"@id":"https:\/\/gronau-inside.de\/nl\/produkt\/anstecknadel-wappen-gronau#primaryimage"},"image":{"@id":"https:\/\/gronau-inside.de\/nl\/produkt\/anstecknadel-wappen-gronau#primaryimage"},"thumbnailUrl":"https:\/\/gronau-inside.de\/wp-content\/uploads\/2021\/04\/Anstecknadel-Wappen-Gronau_Leonie-Breuers-3.jpeg","datePublished":"2021-04-13T09:49:56+00:00","dateModified":"2024-03-14T14:47:10+00:00","breadcrumb":{"@id":"https:\/\/gronau-inside.de\/nl\/produkt\/anstecknadel-wappen-gronau#breadcrumb"},"inLanguage":"nl-NL","potentialAction":[{"@type":"ReadAction","target":["https:\/\/gronau-inside.de\/nl\/produkt\/anstecknadel-wappen-gronau"]}]},{"@type":"ImageObject","inLanguage":"nl-NL","@id":"https:\/\/gronau-inside.de\/nl\/produkt\/anstecknadel-wappen-gronau#primaryimage","url":"https:\/\/gronau-inside.de\/wp-content\/uploads\/2021\/04\/Anstecknadel-Wappen-Gronau_Leonie-Breuers-3.jpeg","contentUrl":"https:\/\/gronau-inside.de\/wp-content\/uploads\/2021\/04\/Anstecknadel-Wappen-Gronau_Leonie-Breuers-3.jpeg","width":1200,"height":1600},{"@type":"BreadcrumbList","@id":"https:\/\/gronau-inside.de\/nl\/produkt\/anstecknadel-wappen-gronau#breadcrumb","itemListElement":[{"@type":"ListItem","position":1,"name":"Startseite","item":"https:\/\/gronau-inside.de\/nl\/startseite"},{"@type":"ListItem","position":2,"name":"Winkelen","item":"https:\/\/gronau-inside.de\/shop"},{"@type":"ListItem","position":3,"name":"Anstecknadel Wappen Gronau"}]},{"@type":"WebSite","@id":"https:\/\/gronau-inside.de\/nl#website","url":"https:\/\/gronau-inside.de\/nl","name":"Gronau Inside","description":"Musikstadt im Gr\u00fcnen","publisher":{"@id":"https:\/\/gronau-inside.de\/nl#organization"},"potentialAction":[{"@type":"SearchAction","target":{"@type":"EntryPoint","urlTemplate":"https:\/\/gronau-inside.de\/nl?s={search_term_string}"},"query-input":{"@type":"PropertyValueSpecification","valueRequired":true,"valueName":"search_term_string"}}],"inLanguage":"nl-NL"},{"@type":"Organization","@id":"https:\/\/gronau-inside.de\/nl#organization","name":"Gronau Inside","url":"https:\/\/gronau-inside.de\/nl","logo":{"@type":"ImageObject","inLanguage":"nl-NL","@id":"https:\/\/gronau-inside.de\/nl#\/schema\/logo\/image\/","url":"https:\/\/gronau-inside.de\/wp-content\/uploads\/2020\/10\/01_gronau-logo_weissaufweiss_Schriftzug-1.png","contentUrl":"https:\/\/gronau-inside.de\/wp-content\/uploads\/2020\/10\/01_gronau-logo_weissaufweiss_Schriftzug-1.png","width":254,"height":246,"caption":"Gronau Inside"},"image":{"@id":"https:\/\/gronau-inside.de\/nl#\/schema\/logo\/image\/"}}]}},"_links":{"self":[{"href":"https:\/\/gronau-inside.de\/nl\/wp-json\/wp\/v2\/product\/1343","targetHints":{"allow":["GET"]}}],"collection":[{"href":"https:\/\/gronau-inside.de\/nl\/wp-json\/wp\/v2\/product"}],"about":[{"href":"https:\/\/gronau-inside.de\/nl\/wp-json\/wp\/v2\/types\/product"}],"wp:featuredmedia":[{"embeddable":true,"href":"https:\/\/gronau-inside.de\/nl\/wp-json\/wp\/v2\/media\/1346"}],"wp:attachment":[{"href":"https:\/\/gronau-inside.de\/nl\/wp-json\/wp\/v2\/media?parent=1343"}],"wp:term":[{"taxonomy":"product_brand","embeddable":true,"href":"https:\/\/gronau-inside.de\/nl\/wp-json\/wp\/v2\/product_brand?post=1343"},{"taxonomy":"product_cat","embeddable":true,"href":"https:\/\/gronau-inside.de\/nl\/wp-json\/wp\/v2\/product_cat?post=1343"},{"taxonomy":"product_tag","embeddable":true,"href":"https:\/\/gronau-inside.de\/nl\/wp-json\/wp\/v2\/product_tag?post=1343"}],"curies":[{"name":"wp","href":"https:\/\/api.w.org\/{rel}","templated":true}]}}