{"id":2114,"date":"2021-04-27T14:45:26","date_gmt":"2021-04-27T12:45:26","guid":{"rendered":"https:\/\/gronau-inside.heska.mp\/?post_type=product&#038;p=2114"},"modified":"2024-03-14T15:45:40","modified_gmt":"2024-03-14T14:45:40","slug":"gronau-weinglas","status":"publish","type":"product","link":"https:\/\/gronau-inside.de\/nl\/produkt\/gronau-weinglas","title":{"rendered":"Gronau Weinglas &#8211; nur vor Ort erh\u00e4ltlich &#8211;"},"content":{"rendered":"","protected":false},"excerpt":{"rendered":"<p>Dezentes Weinglas mit dem Trinkspruch &#8220;Prost aus Gronau&#8221; und der Silhouette Gronaus.<\/p>\n<p>Maximal 53cl Inhalt pro Weinglas.<\/p>\n<p>5,90 Euro pro Weinglas.<\/p>\n<p>Angebot: 6 Weingl\u00e4ser f\u00fcr 33,00 Euro.<\/p>\n<p><strong>Die Weingl\u00e4ser k\u00f6nnen ab sofort nur noch in der Touristinfo Gronau gekauft werden. Ein Onlinekauf mit Versand ist nicht m\u00f6glich!<\/strong><\/p>\n<p><strong>Inklusive 19 % MwSt.<\/strong><\/p>\n","protected":false},"featured_media":19564,"template":"","meta":{"_acf_changed":false,"_price":"5.90","_stock":"0","_tribe_ticket_header":"","_tribe_default_ticket_provider":"","_tribe_ticket_capacity":"","_ticket_start_date":"","_ticket_end_date":"","_tribe_ticket_show_description":"","_tribe_ticket_show_not_going":false,"_tribe_ticket_use_global_stock":"","_tribe_ticket_global_stock_level":"","_global_stock_mode":"","_global_stock_cap":"","_tribe_rsvp_for_event":"","_tribe_ticket_going_count":"","_tribe_ticket_not_going_count":"","_tribe_tickets_list":"[]","_tribe_ticket_has_attendee_info_fields":false},"product_brand":[],"product_cat":[31],"product_tag":[],"class_list":{"0":"post-2114","1":"product","2":"type-product","3":"status-publish","4":"has-post-thumbnail","6":"product_cat-souvenirsundmerchandise","7":"product_shipping_class-paeckchen","9":"first","10":"outofstock","11":"sale","12":"taxable","13":"shipping-taxable","14":"purchasable","15":"product-type-variable"},"acf":[],"yoast_head":"<!-- This site is optimized with the Yoast SEO plugin v27.3 - https:\/\/yoast.com\/product\/yoast-seo-wordpress\/ -->\n<title>Gronau Weinglas - nur vor Ort erh\u00e4ltlich - Gronau Inside<\/title>\n<meta name=\"robots\" content=\"index, follow, max-snippet:-1, max-image-preview:large, max-video-preview:-1\" \/>\n<link rel=\"canonical\" href=\"https:\/\/gronau-inside.de\/nl\/produkt\/gronau-weinglas\" \/>\n<meta property=\"og:locale\" content=\"nl_NL\" \/>\n<meta property=\"og:type\" content=\"article\" \/>\n<meta property=\"og:title\" content=\"Gronau Weinglas - nur vor Ort erh\u00e4ltlich - Gronau Inside\" \/>\n<meta property=\"og:description\" content=\"Dezentes Weinglas mit dem Trinkspruch &quot;Prost aus Gronau&quot; und der Silhouette Gronaus.  Maximal 53cl Inhalt pro Weinglas.  5,90 Euro pro Weinglas.  Angebot: 6 Weingl\u00e4ser f\u00fcr 33,00 Euro.  Die Weingl\u00e4ser k\u00f6nnen ab sofort nur noch in der Touristinfo Gronau gekauft werden. Ein Onlinekauf mit Versand ist nicht m\u00f6glich!  Inklusive 19 % MwSt.\" \/>\n<meta property=\"og:url\" content=\"https:\/\/gronau-inside.de\/nl\/produkt\/gronau-weinglas\" \/>\n<meta property=\"og:site_name\" content=\"Gronau Inside\" \/>\n<meta property=\"article:modified_time\" content=\"2024-03-14T14:45:40+00:00\" \/>\n<meta property=\"og:image\" content=\"https:\/\/gronau-inside.de\/wp-content\/uploads\/2021\/04\/WhatsApp-Image-2022-04-13-at-10.54.57.jpeg\" \/>\n\t<meta property=\"og:image:width\" content=\"1200\" \/>\n\t<meta property=\"og:image:height\" content=\"1600\" \/>\n\t<meta property=\"og:image:type\" content=\"image\/jpeg\" \/>\n<meta name=\"twitter:card\" content=\"summary_large_image\" \/>\n<script type=\"application\/ld+json\" class=\"yoast-schema-graph\">{\"@context\":\"https:\\\/\\\/schema.org\",\"@graph\":[{\"@type\":\"WebPage\",\"@id\":\"https:\\\/\\\/gronau-inside.de\\\/nl\\\/produkt\\\/gronau-weinglas\",\"url\":\"https:\\\/\\\/gronau-inside.de\\\/nl\\\/produkt\\\/gronau-weinglas\",\"name\":\"Gronau Weinglas - nur vor Ort erh\u00e4ltlich - Gronau Inside\",\"isPartOf\":{\"@id\":\"https:\\\/\\\/gronau-inside.de\\\/nl#website\"},\"primaryImageOfPage\":{\"@id\":\"https:\\\/\\\/gronau-inside.de\\\/nl\\\/produkt\\\/gronau-weinglas#primaryimage\"},\"image\":{\"@id\":\"https:\\\/\\\/gronau-inside.de\\\/nl\\\/produkt\\\/gronau-weinglas#primaryimage\"},\"thumbnailUrl\":\"https:\\\/\\\/gronau-inside.de\\\/wp-content\\\/uploads\\\/2021\\\/04\\\/WhatsApp-Image-2022-04-13-at-10.54.57.jpeg\",\"datePublished\":\"2021-04-27T12:45:26+00:00\",\"dateModified\":\"2024-03-14T14:45:40+00:00\",\"breadcrumb\":{\"@id\":\"https:\\\/\\\/gronau-inside.de\\\/nl\\\/produkt\\\/gronau-weinglas#breadcrumb\"},\"inLanguage\":\"nl-NL\",\"potentialAction\":[{\"@type\":\"ReadAction\",\"target\":[\"https:\\\/\\\/gronau-inside.de\\\/nl\\\/produkt\\\/gronau-weinglas\"]}]},{\"@type\":\"ImageObject\",\"inLanguage\":\"nl-NL\",\"@id\":\"https:\\\/\\\/gronau-inside.de\\\/nl\\\/produkt\\\/gronau-weinglas#primaryimage\",\"url\":\"https:\\\/\\\/gronau-inside.de\\\/wp-content\\\/uploads\\\/2021\\\/04\\\/WhatsApp-Image-2022-04-13-at-10.54.57.jpeg\",\"contentUrl\":\"https:\\\/\\\/gronau-inside.de\\\/wp-content\\\/uploads\\\/2021\\\/04\\\/WhatsApp-Image-2022-04-13-at-10.54.57.jpeg\",\"width\":1200,\"height\":1600},{\"@type\":\"BreadcrumbList\",\"@id\":\"https:\\\/\\\/gronau-inside.de\\\/nl\\\/produkt\\\/gronau-weinglas#breadcrumb\",\"itemListElement\":[{\"@type\":\"ListItem\",\"position\":1,\"name\":\"Startseite\",\"item\":\"https:\\\/\\\/gronau-inside.de\\\/nl\\\/startseite\"},{\"@type\":\"ListItem\",\"position\":2,\"name\":\"Winkelen\",\"item\":\"https:\\\/\\\/gronau-inside.de\\\/shop\"},{\"@type\":\"ListItem\",\"position\":3,\"name\":\"Gronau Weinglas &#8211; nur vor Ort erh\u00e4ltlich &#8211;\"}]},{\"@type\":\"WebSite\",\"@id\":\"https:\\\/\\\/gronau-inside.de\\\/nl#website\",\"url\":\"https:\\\/\\\/gronau-inside.de\\\/nl\",\"name\":\"Gronau Inside\",\"description\":\"Musikstadt im Gr\u00fcnen\",\"publisher\":{\"@id\":\"https:\\\/\\\/gronau-inside.de\\\/nl#organization\"},\"potentialAction\":[{\"@type\":\"SearchAction\",\"target\":{\"@type\":\"EntryPoint\",\"urlTemplate\":\"https:\\\/\\\/gronau-inside.de\\\/nl?s={search_term_string}\"},\"query-input\":{\"@type\":\"PropertyValueSpecification\",\"valueRequired\":true,\"valueName\":\"search_term_string\"}}],\"inLanguage\":\"nl-NL\"},{\"@type\":\"Organization\",\"@id\":\"https:\\\/\\\/gronau-inside.de\\\/nl#organization\",\"name\":\"Gronau Inside\",\"url\":\"https:\\\/\\\/gronau-inside.de\\\/nl\",\"logo\":{\"@type\":\"ImageObject\",\"inLanguage\":\"nl-NL\",\"@id\":\"https:\\\/\\\/gronau-inside.de\\\/nl#\\\/schema\\\/logo\\\/image\\\/\",\"url\":\"https:\\\/\\\/gronau-inside.de\\\/wp-content\\\/uploads\\\/2020\\\/10\\\/01_gronau-logo_weissaufweiss_Schriftzug-1.png\",\"contentUrl\":\"https:\\\/\\\/gronau-inside.de\\\/wp-content\\\/uploads\\\/2020\\\/10\\\/01_gronau-logo_weissaufweiss_Schriftzug-1.png\",\"width\":254,\"height\":246,\"caption\":\"Gronau Inside\"},\"image\":{\"@id\":\"https:\\\/\\\/gronau-inside.de\\\/nl#\\\/schema\\\/logo\\\/image\\\/\"}}]}<\/script>\n<!-- \/ Yoast SEO plugin. -->","yoast_head_json":{"title":"Gronau Weinglas - nur vor Ort erh\u00e4ltlich - Gronau Inside","robots":{"index":"index","follow":"follow","max-snippet":"max-snippet:-1","max-image-preview":"max-image-preview:large","max-video-preview":"max-video-preview:-1"},"canonical":"https:\/\/gronau-inside.de\/nl\/produkt\/gronau-weinglas","og_locale":"nl_NL","og_type":"article","og_title":"Gronau Weinglas - nur vor Ort erh\u00e4ltlich - Gronau Inside","og_description":"Dezentes Weinglas mit dem Trinkspruch \"Prost aus Gronau\" und der Silhouette Gronaus.  Maximal 53cl Inhalt pro Weinglas.  5,90 Euro pro Weinglas.  Angebot: 6 Weingl\u00e4ser f\u00fcr 33,00 Euro.  Die Weingl\u00e4ser k\u00f6nnen ab sofort nur noch in der Touristinfo Gronau gekauft werden. Ein Onlinekauf mit Versand ist nicht m\u00f6glich!  Inklusive 19 % MwSt.","og_url":"https:\/\/gronau-inside.de\/nl\/produkt\/gronau-weinglas","og_site_name":"Gronau Inside","article_modified_time":"2024-03-14T14:45:40+00:00","og_image":[{"width":1200,"height":1600,"url":"https:\/\/gronau-inside.de\/wp-content\/uploads\/2021\/04\/WhatsApp-Image-2022-04-13-at-10.54.57.jpeg","type":"image\/jpeg"}],"twitter_card":"summary_large_image","schema":{"@context":"https:\/\/schema.org","@graph":[{"@type":"WebPage","@id":"https:\/\/gronau-inside.de\/nl\/produkt\/gronau-weinglas","url":"https:\/\/gronau-inside.de\/nl\/produkt\/gronau-weinglas","name":"Gronau Weinglas - nur vor Ort erh\u00e4ltlich - Gronau Inside","isPartOf":{"@id":"https:\/\/gronau-inside.de\/nl#website"},"primaryImageOfPage":{"@id":"https:\/\/gronau-inside.de\/nl\/produkt\/gronau-weinglas#primaryimage"},"image":{"@id":"https:\/\/gronau-inside.de\/nl\/produkt\/gronau-weinglas#primaryimage"},"thumbnailUrl":"https:\/\/gronau-inside.de\/wp-content\/uploads\/2021\/04\/WhatsApp-Image-2022-04-13-at-10.54.57.jpeg","datePublished":"2021-04-27T12:45:26+00:00","dateModified":"2024-03-14T14:45:40+00:00","breadcrumb":{"@id":"https:\/\/gronau-inside.de\/nl\/produkt\/gronau-weinglas#breadcrumb"},"inLanguage":"nl-NL","potentialAction":[{"@type":"ReadAction","target":["https:\/\/gronau-inside.de\/nl\/produkt\/gronau-weinglas"]}]},{"@type":"ImageObject","inLanguage":"nl-NL","@id":"https:\/\/gronau-inside.de\/nl\/produkt\/gronau-weinglas#primaryimage","url":"https:\/\/gronau-inside.de\/wp-content\/uploads\/2021\/04\/WhatsApp-Image-2022-04-13-at-10.54.57.jpeg","contentUrl":"https:\/\/gronau-inside.de\/wp-content\/uploads\/2021\/04\/WhatsApp-Image-2022-04-13-at-10.54.57.jpeg","width":1200,"height":1600},{"@type":"BreadcrumbList","@id":"https:\/\/gronau-inside.de\/nl\/produkt\/gronau-weinglas#breadcrumb","itemListElement":[{"@type":"ListItem","position":1,"name":"Startseite","item":"https:\/\/gronau-inside.de\/nl\/startseite"},{"@type":"ListItem","position":2,"name":"Winkelen","item":"https:\/\/gronau-inside.de\/shop"},{"@type":"ListItem","position":3,"name":"Gronau Weinglas &#8211; nur vor Ort erh\u00e4ltlich &#8211;"}]},{"@type":"WebSite","@id":"https:\/\/gronau-inside.de\/nl#website","url":"https:\/\/gronau-inside.de\/nl","name":"Gronau Inside","description":"Musikstadt im Gr\u00fcnen","publisher":{"@id":"https:\/\/gronau-inside.de\/nl#organization"},"potentialAction":[{"@type":"SearchAction","target":{"@type":"EntryPoint","urlTemplate":"https:\/\/gronau-inside.de\/nl?s={search_term_string}"},"query-input":{"@type":"PropertyValueSpecification","valueRequired":true,"valueName":"search_term_string"}}],"inLanguage":"nl-NL"},{"@type":"Organization","@id":"https:\/\/gronau-inside.de\/nl#organization","name":"Gronau Inside","url":"https:\/\/gronau-inside.de\/nl","logo":{"@type":"ImageObject","inLanguage":"nl-NL","@id":"https:\/\/gronau-inside.de\/nl#\/schema\/logo\/image\/","url":"https:\/\/gronau-inside.de\/wp-content\/uploads\/2020\/10\/01_gronau-logo_weissaufweiss_Schriftzug-1.png","contentUrl":"https:\/\/gronau-inside.de\/wp-content\/uploads\/2020\/10\/01_gronau-logo_weissaufweiss_Schriftzug-1.png","width":254,"height":246,"caption":"Gronau Inside"},"image":{"@id":"https:\/\/gronau-inside.de\/nl#\/schema\/logo\/image\/"}}]}},"_links":{"self":[{"href":"https:\/\/gronau-inside.de\/nl\/wp-json\/wp\/v2\/product\/2114","targetHints":{"allow":["GET"]}}],"collection":[{"href":"https:\/\/gronau-inside.de\/nl\/wp-json\/wp\/v2\/product"}],"about":[{"href":"https:\/\/gronau-inside.de\/nl\/wp-json\/wp\/v2\/types\/product"}],"wp:featuredmedia":[{"embeddable":true,"href":"https:\/\/gronau-inside.de\/nl\/wp-json\/wp\/v2\/media\/19564"}],"wp:attachment":[{"href":"https:\/\/gronau-inside.de\/nl\/wp-json\/wp\/v2\/media?parent=2114"}],"wp:term":[{"taxonomy":"product_brand","embeddable":true,"href":"https:\/\/gronau-inside.de\/nl\/wp-json\/wp\/v2\/product_brand?post=2114"},{"taxonomy":"product_cat","embeddable":true,"href":"https:\/\/gronau-inside.de\/nl\/wp-json\/wp\/v2\/product_cat?post=2114"},{"taxonomy":"product_tag","embeddable":true,"href":"https:\/\/gronau-inside.de\/nl\/wp-json\/wp\/v2\/product_tag?post=2114"}],"curies":[{"name":"wp","href":"https:\/\/api.w.org\/{rel}","templated":true}]}}