{"id":25369,"date":"2022-10-19T15:05:15","date_gmt":"2022-10-19T13:05:15","guid":{"rendered":"https:\/\/gronau-inside.de\/?post_type=product&#038;p=25369"},"modified":"2024-03-27T11:09:42","modified_gmt":"2024-03-27T10:09:42","slug":"monopoly-gronau","status":"publish","type":"product","link":"https:\/\/gronau-inside.de\/nl\/produkt\/monopoly-gronau","title":{"rendered":"Monopoly Gronau"},"content":{"rendered":"","protected":false},"excerpt":{"rendered":"<p><strong>Das ber\u00fchmte Spiel um den gro\u00dfen Deal<\/strong><\/p>\n<p>Schnappt euch die limitierte Auflage des Gronauer Monopolys! Mir dieser Ausgabe werdet ihr durch Gronau, der Musikstadt im Gr\u00fcnen, gef\u00fchrt. \u00dcberzeugt euch selbst und entdeckt die vielf\u00e4ltige Stadt.<\/p>\n<p>Investiert in Gronauer Unternehmen, lernt den in Gronau geborenen Musiker und Maler Udo Lindenberg kennen, flaniert durch die Innenstadt oder begegnet den \u00f6rtlichen Vereinen.<\/p>\n<p>Mit der MONOPOLY-City-Edition Gronau taucht ihr in eine unverwechselbare Kultur-Landschaft ab.<\/p>\n<h5><\/h5>\n<h5><strong>Inkl. 19% MwSt.\u00a0<\/strong><\/h5>\n","protected":false},"featured_media":25394,"template":"","meta":{"_acf_changed":false,"_price":"45.95","_stock":"4","_tribe_ticket_header":"","_tribe_default_ticket_provider":"","_tribe_ticket_capacity":"","_ticket_start_date":"","_ticket_end_date":"","_tribe_ticket_show_description":"","_tribe_ticket_show_not_going":false,"_tribe_ticket_use_global_stock":"","_tribe_ticket_global_stock_level":"","_global_stock_mode":"","_global_stock_cap":"","_tribe_rsvp_for_event":"","_tribe_ticket_going_count":"","_tribe_ticket_not_going_count":"","_tribe_tickets_list":"[]","_tribe_ticket_has_attendee_info_fields":false},"product_brand":[],"product_cat":[31],"product_tag":[],"class_list":{"0":"post-25369","1":"product","2":"type-product","3":"status-publish","4":"has-post-thumbnail","6":"product_cat-souvenirsundmerchandise","8":"first","9":"instock","10":"taxable","11":"shipping-taxable","12":"purchasable","13":"product-type-simple"},"acf":[],"yoast_head":"<!-- This site is optimized with the Yoast SEO plugin v27.3 - https:\/\/yoast.com\/product\/yoast-seo-wordpress\/ -->\n<title>Monopoly Gronau - Gronau Inside<\/title>\n<meta name=\"robots\" content=\"index, follow, max-snippet:-1, max-image-preview:large, max-video-preview:-1\" \/>\n<link rel=\"canonical\" href=\"https:\/\/gronau-inside.de\/nl\/produkt\/monopoly-gronau\" \/>\n<meta property=\"og:locale\" content=\"nl_NL\" \/>\n<meta property=\"og:type\" content=\"article\" \/>\n<meta property=\"og:title\" content=\"Monopoly Gronau - Gronau Inside\" \/>\n<meta property=\"og:description\" content=\"Das ber\u00fchmte Spiel um den gro\u00dfen Deal  Schnappt euch die limitierte Auflage des Gronauer Monopolys! Mir dieser Ausgabe werdet ihr durch Gronau, der Musikstadt im Gr\u00fcnen, gef\u00fchrt. \u00dcberzeugt euch selbst und entdeckt die vielf\u00e4ltige Stadt.  Investiert in Gronauer Unternehmen, lernt den in Gronau geborenen Musiker und Maler Udo Lindenberg kennen, flaniert durch die Innenstadt oder begegnet den \u00f6rtlichen Vereinen.  Mit der MONOPOLY-City-Edition Gronau taucht ihr in eine unverwechselbare Kultur-Landschaft ab.  Inkl. 19% MwSt.\u00a0\" \/>\n<meta property=\"og:url\" content=\"https:\/\/gronau-inside.de\/nl\/produkt\/monopoly-gronau\" \/>\n<meta property=\"og:site_name\" content=\"Gronau Inside\" \/>\n<meta property=\"article:modified_time\" content=\"2024-03-27T10:09:42+00:00\" \/>\n<meta property=\"og:image\" content=\"https:\/\/gronau-inside.de\/wp-content\/uploads\/2022\/10\/Monopoly-Gronau_Leonie-Breuers_Stadtmarketing-9.jpeg\" \/>\n\t<meta property=\"og:image:width\" content=\"1536\" \/>\n\t<meta property=\"og:image:height\" content=\"2048\" \/>\n\t<meta property=\"og:image:type\" content=\"image\/jpeg\" \/>\n<meta name=\"twitter:card\" content=\"summary_large_image\" \/>\n<script type=\"application\/ld+json\" class=\"yoast-schema-graph\">{\"@context\":\"https:\\\/\\\/schema.org\",\"@graph\":[{\"@type\":\"WebPage\",\"@id\":\"https:\\\/\\\/gronau-inside.de\\\/nl\\\/produkt\\\/monopoly-gronau\",\"url\":\"https:\\\/\\\/gronau-inside.de\\\/nl\\\/produkt\\\/monopoly-gronau\",\"name\":\"Monopoly Gronau - Gronau Inside\",\"isPartOf\":{\"@id\":\"https:\\\/\\\/gronau-inside.de\\\/nl#website\"},\"primaryImageOfPage\":{\"@id\":\"https:\\\/\\\/gronau-inside.de\\\/nl\\\/produkt\\\/monopoly-gronau#primaryimage\"},\"image\":{\"@id\":\"https:\\\/\\\/gronau-inside.de\\\/nl\\\/produkt\\\/monopoly-gronau#primaryimage\"},\"thumbnailUrl\":\"https:\\\/\\\/gronau-inside.de\\\/wp-content\\\/uploads\\\/2022\\\/10\\\/Monopoly-Gronau_Leonie-Breuers_Stadtmarketing-9.jpeg\",\"datePublished\":\"2022-10-19T13:05:15+00:00\",\"dateModified\":\"2024-03-27T10:09:42+00:00\",\"breadcrumb\":{\"@id\":\"https:\\\/\\\/gronau-inside.de\\\/nl\\\/produkt\\\/monopoly-gronau#breadcrumb\"},\"inLanguage\":\"nl-NL\",\"potentialAction\":[{\"@type\":\"ReadAction\",\"target\":[\"https:\\\/\\\/gronau-inside.de\\\/nl\\\/produkt\\\/monopoly-gronau\"]}]},{\"@type\":\"ImageObject\",\"inLanguage\":\"nl-NL\",\"@id\":\"https:\\\/\\\/gronau-inside.de\\\/nl\\\/produkt\\\/monopoly-gronau#primaryimage\",\"url\":\"https:\\\/\\\/gronau-inside.de\\\/wp-content\\\/uploads\\\/2022\\\/10\\\/Monopoly-Gronau_Leonie-Breuers_Stadtmarketing-9.jpeg\",\"contentUrl\":\"https:\\\/\\\/gronau-inside.de\\\/wp-content\\\/uploads\\\/2022\\\/10\\\/Monopoly-Gronau_Leonie-Breuers_Stadtmarketing-9.jpeg\",\"width\":1536,\"height\":2048},{\"@type\":\"BreadcrumbList\",\"@id\":\"https:\\\/\\\/gronau-inside.de\\\/nl\\\/produkt\\\/monopoly-gronau#breadcrumb\",\"itemListElement\":[{\"@type\":\"ListItem\",\"position\":1,\"name\":\"Startseite\",\"item\":\"https:\\\/\\\/gronau-inside.de\\\/nl\\\/startseite\"},{\"@type\":\"ListItem\",\"position\":2,\"name\":\"Winkelen\",\"item\":\"https:\\\/\\\/gronau-inside.de\\\/shop\"},{\"@type\":\"ListItem\",\"position\":3,\"name\":\"Monopoly Gronau\"}]},{\"@type\":\"WebSite\",\"@id\":\"https:\\\/\\\/gronau-inside.de\\\/nl#website\",\"url\":\"https:\\\/\\\/gronau-inside.de\\\/nl\",\"name\":\"Gronau Inside\",\"description\":\"Musikstadt im Gr\u00fcnen\",\"publisher\":{\"@id\":\"https:\\\/\\\/gronau-inside.de\\\/nl#organization\"},\"potentialAction\":[{\"@type\":\"SearchAction\",\"target\":{\"@type\":\"EntryPoint\",\"urlTemplate\":\"https:\\\/\\\/gronau-inside.de\\\/nl?s={search_term_string}\"},\"query-input\":{\"@type\":\"PropertyValueSpecification\",\"valueRequired\":true,\"valueName\":\"search_term_string\"}}],\"inLanguage\":\"nl-NL\"},{\"@type\":\"Organization\",\"@id\":\"https:\\\/\\\/gronau-inside.de\\\/nl#organization\",\"name\":\"Gronau Inside\",\"url\":\"https:\\\/\\\/gronau-inside.de\\\/nl\",\"logo\":{\"@type\":\"ImageObject\",\"inLanguage\":\"nl-NL\",\"@id\":\"https:\\\/\\\/gronau-inside.de\\\/nl#\\\/schema\\\/logo\\\/image\\\/\",\"url\":\"https:\\\/\\\/gronau-inside.de\\\/wp-content\\\/uploads\\\/2020\\\/10\\\/01_gronau-logo_weissaufweiss_Schriftzug-1.png\",\"contentUrl\":\"https:\\\/\\\/gronau-inside.de\\\/wp-content\\\/uploads\\\/2020\\\/10\\\/01_gronau-logo_weissaufweiss_Schriftzug-1.png\",\"width\":254,\"height\":246,\"caption\":\"Gronau Inside\"},\"image\":{\"@id\":\"https:\\\/\\\/gronau-inside.de\\\/nl#\\\/schema\\\/logo\\\/image\\\/\"}}]}<\/script>\n<!-- \/ Yoast SEO plugin. -->","yoast_head_json":{"title":"Monopoly Gronau - Gronau Inside","robots":{"index":"index","follow":"follow","max-snippet":"max-snippet:-1","max-image-preview":"max-image-preview:large","max-video-preview":"max-video-preview:-1"},"canonical":"https:\/\/gronau-inside.de\/nl\/produkt\/monopoly-gronau","og_locale":"nl_NL","og_type":"article","og_title":"Monopoly Gronau - Gronau Inside","og_description":"Das ber\u00fchmte Spiel um den gro\u00dfen Deal  Schnappt euch die limitierte Auflage des Gronauer Monopolys! Mir dieser Ausgabe werdet ihr durch Gronau, der Musikstadt im Gr\u00fcnen, gef\u00fchrt. \u00dcberzeugt euch selbst und entdeckt die vielf\u00e4ltige Stadt.  Investiert in Gronauer Unternehmen, lernt den in Gronau geborenen Musiker und Maler Udo Lindenberg kennen, flaniert durch die Innenstadt oder begegnet den \u00f6rtlichen Vereinen.  Mit der MONOPOLY-City-Edition Gronau taucht ihr in eine unverwechselbare Kultur-Landschaft ab.  Inkl. 19% MwSt.\u00a0","og_url":"https:\/\/gronau-inside.de\/nl\/produkt\/monopoly-gronau","og_site_name":"Gronau Inside","article_modified_time":"2024-03-27T10:09:42+00:00","og_image":[{"width":1536,"height":2048,"url":"https:\/\/gronau-inside.de\/wp-content\/uploads\/2022\/10\/Monopoly-Gronau_Leonie-Breuers_Stadtmarketing-9.jpeg","type":"image\/jpeg"}],"twitter_card":"summary_large_image","schema":{"@context":"https:\/\/schema.org","@graph":[{"@type":"WebPage","@id":"https:\/\/gronau-inside.de\/nl\/produkt\/monopoly-gronau","url":"https:\/\/gronau-inside.de\/nl\/produkt\/monopoly-gronau","name":"Monopoly Gronau - Gronau Inside","isPartOf":{"@id":"https:\/\/gronau-inside.de\/nl#website"},"primaryImageOfPage":{"@id":"https:\/\/gronau-inside.de\/nl\/produkt\/monopoly-gronau#primaryimage"},"image":{"@id":"https:\/\/gronau-inside.de\/nl\/produkt\/monopoly-gronau#primaryimage"},"thumbnailUrl":"https:\/\/gronau-inside.de\/wp-content\/uploads\/2022\/10\/Monopoly-Gronau_Leonie-Breuers_Stadtmarketing-9.jpeg","datePublished":"2022-10-19T13:05:15+00:00","dateModified":"2024-03-27T10:09:42+00:00","breadcrumb":{"@id":"https:\/\/gronau-inside.de\/nl\/produkt\/monopoly-gronau#breadcrumb"},"inLanguage":"nl-NL","potentialAction":[{"@type":"ReadAction","target":["https:\/\/gronau-inside.de\/nl\/produkt\/monopoly-gronau"]}]},{"@type":"ImageObject","inLanguage":"nl-NL","@id":"https:\/\/gronau-inside.de\/nl\/produkt\/monopoly-gronau#primaryimage","url":"https:\/\/gronau-inside.de\/wp-content\/uploads\/2022\/10\/Monopoly-Gronau_Leonie-Breuers_Stadtmarketing-9.jpeg","contentUrl":"https:\/\/gronau-inside.de\/wp-content\/uploads\/2022\/10\/Monopoly-Gronau_Leonie-Breuers_Stadtmarketing-9.jpeg","width":1536,"height":2048},{"@type":"BreadcrumbList","@id":"https:\/\/gronau-inside.de\/nl\/produkt\/monopoly-gronau#breadcrumb","itemListElement":[{"@type":"ListItem","position":1,"name":"Startseite","item":"https:\/\/gronau-inside.de\/nl\/startseite"},{"@type":"ListItem","position":2,"name":"Winkelen","item":"https:\/\/gronau-inside.de\/shop"},{"@type":"ListItem","position":3,"name":"Monopoly Gronau"}]},{"@type":"WebSite","@id":"https:\/\/gronau-inside.de\/nl#website","url":"https:\/\/gronau-inside.de\/nl","name":"Gronau Inside","description":"Musikstadt im Gr\u00fcnen","publisher":{"@id":"https:\/\/gronau-inside.de\/nl#organization"},"potentialAction":[{"@type":"SearchAction","target":{"@type":"EntryPoint","urlTemplate":"https:\/\/gronau-inside.de\/nl?s={search_term_string}"},"query-input":{"@type":"PropertyValueSpecification","valueRequired":true,"valueName":"search_term_string"}}],"inLanguage":"nl-NL"},{"@type":"Organization","@id":"https:\/\/gronau-inside.de\/nl#organization","name":"Gronau Inside","url":"https:\/\/gronau-inside.de\/nl","logo":{"@type":"ImageObject","inLanguage":"nl-NL","@id":"https:\/\/gronau-inside.de\/nl#\/schema\/logo\/image\/","url":"https:\/\/gronau-inside.de\/wp-content\/uploads\/2020\/10\/01_gronau-logo_weissaufweiss_Schriftzug-1.png","contentUrl":"https:\/\/gronau-inside.de\/wp-content\/uploads\/2020\/10\/01_gronau-logo_weissaufweiss_Schriftzug-1.png","width":254,"height":246,"caption":"Gronau Inside"},"image":{"@id":"https:\/\/gronau-inside.de\/nl#\/schema\/logo\/image\/"}}]}},"_links":{"self":[{"href":"https:\/\/gronau-inside.de\/nl\/wp-json\/wp\/v2\/product\/25369","targetHints":{"allow":["GET"]}}],"collection":[{"href":"https:\/\/gronau-inside.de\/nl\/wp-json\/wp\/v2\/product"}],"about":[{"href":"https:\/\/gronau-inside.de\/nl\/wp-json\/wp\/v2\/types\/product"}],"wp:featuredmedia":[{"embeddable":true,"href":"https:\/\/gronau-inside.de\/nl\/wp-json\/wp\/v2\/media\/25394"}],"wp:attachment":[{"href":"https:\/\/gronau-inside.de\/nl\/wp-json\/wp\/v2\/media?parent=25369"}],"wp:term":[{"taxonomy":"product_brand","embeddable":true,"href":"https:\/\/gronau-inside.de\/nl\/wp-json\/wp\/v2\/product_brand?post=25369"},{"taxonomy":"product_cat","embeddable":true,"href":"https:\/\/gronau-inside.de\/nl\/wp-json\/wp\/v2\/product_cat?post=25369"},{"taxonomy":"product_tag","embeddable":true,"href":"https:\/\/gronau-inside.de\/nl\/wp-json\/wp\/v2\/product_tag?post=25369"}],"curies":[{"name":"wp","href":"https:\/\/api.w.org\/{rel}","templated":true}]}}