{"id":66269,"date":"2024-07-23T12:21:56","date_gmt":"2024-07-23T10:21:56","guid":{"rendered":"https:\/\/gronau-inside.de\/?post_type=product&#038;p=66269"},"modified":"2024-07-23T12:23:03","modified_gmt":"2024-07-23T10:23:03","slug":"radwanderkarte-gruene-aue-rundtour-route-8","status":"publish","type":"product","link":"https:\/\/gronau-inside.de\/nl\/produkt\/radwanderkarte-gruene-aue-rundtour-route-8","title":{"rendered":"Radwanderkarte Gr\u00fcne Aue-Rundtour (Route 8)"},"content":{"rendered":"","protected":false},"excerpt":{"rendered":"<p>Die Gr\u00fcne Aue-Rundtour f\u00fchrt euch am Dreil\u00e4ndersee vorbei zum Naturschutzgebiet Auf der Ammert und durch den S\u00fcden von Epe. Wie w\u00e4re es hier mit einem leckeren Abstecher in das Zentrum von Epe f\u00fcr ein Eis? Wieder auf dem Fahrrad f\u00fchrt euch die Strecken in gro\u00dfem Bogen westlich zur\u00fcck nach Gronau.<\/p>\n<p>Hinweis: Diese Route liegt auf dem Knotenpunktsystem.<\/p>\n<p>Gemeinsam mit der Volksbank Gronau-Ahaus eG w\u00fcnschen wir euch viel Spa\u00df auf den Radrouten!<\/p>\n<p><strong>Inklusive 7% MwSt.<\/strong><\/p>\n","protected":false},"featured_media":66200,"template":"","meta":{"_acf_changed":false,"_price":"0.50","_stock":null,"_tribe_ticket_header":"","_tribe_default_ticket_provider":"","_tribe_ticket_capacity":"","_ticket_start_date":"","_ticket_end_date":"","_tribe_ticket_show_description":"","_tribe_ticket_show_not_going":false,"_tribe_ticket_use_global_stock":"","_tribe_ticket_global_stock_level":"","_global_stock_mode":"","_global_stock_cap":"","_tribe_rsvp_for_event":"","_tribe_ticket_going_count":"","_tribe_ticket_not_going_count":"","_tribe_tickets_list":"[]","_tribe_ticket_has_attendee_info_fields":false},"product_brand":[],"product_cat":[32],"product_tag":[],"class_list":{"0":"post-66269","1":"product","2":"type-product","3":"status-publish","4":"has-post-thumbnail","6":"product_cat-karten","7":"product_shipping_class-brief","9":"first","10":"instock","11":"taxable","12":"shipping-taxable","13":"purchasable","14":"product-type-simple"},"acf":[],"yoast_head":"<!-- This site is optimized with the Yoast SEO plugin v27.4 - https:\/\/yoast.com\/product\/yoast-seo-wordpress\/ -->\n<title>Radwanderkarte Gr\u00fcne Aue-Rundtour (Route 8) - Gronau Inside<\/title>\n<meta name=\"robots\" content=\"index, follow, max-snippet:-1, max-image-preview:large, max-video-preview:-1\" \/>\n<link rel=\"canonical\" href=\"https:\/\/gronau-inside.de\/nl\/produkt\/radwanderkarte-gruene-aue-rundtour-route-8\" \/>\n<meta property=\"og:locale\" content=\"nl_NL\" \/>\n<meta property=\"og:type\" content=\"article\" \/>\n<meta property=\"og:title\" content=\"Radwanderkarte Gr\u00fcne Aue-Rundtour (Route 8) - Gronau Inside\" \/>\n<meta property=\"og:description\" content=\"Die Gr\u00fcne Aue-Rundtour f\u00fchrt euch am Dreil\u00e4ndersee vorbei zum Naturschutzgebiet Auf der Ammert und durch den S\u00fcden von Epe. Wie w\u00e4re es hier mit einem leckeren Abstecher in das Zentrum von Epe f\u00fcr ein Eis? Wieder auf dem Fahrrad f\u00fchrt euch die Strecken in gro\u00dfem Bogen westlich zur\u00fcck nach Gronau.  Hinweis: Diese Route liegt auf dem Knotenpunktsystem.  Gemeinsam mit der Volksbank Gronau-Ahaus eG w\u00fcnschen wir euch viel Spa\u00df auf den Radrouten!  Inklusive 7% MwSt.\" \/>\n<meta property=\"og:url\" content=\"https:\/\/gronau-inside.de\/nl\/produkt\/radwanderkarte-gruene-aue-rundtour-route-8\" \/>\n<meta property=\"og:site_name\" content=\"Gronau Inside\" \/>\n<meta property=\"article:modified_time\" content=\"2024-07-23T10:23:03+00:00\" \/>\n<meta property=\"og:image\" content=\"https:\/\/gronau-inside.de\/wp-content\/uploads\/2024\/07\/WhatsApp-Image-2024-07-22-at-16.10.14-1.jpeg\" \/>\n\t<meta property=\"og:image:width\" content=\"1536\" \/>\n\t<meta property=\"og:image:height\" content=\"2048\" \/>\n\t<meta property=\"og:image:type\" content=\"image\/jpeg\" \/>\n<meta name=\"twitter:card\" content=\"summary_large_image\" \/>\n<script type=\"application\/ld+json\" class=\"yoast-schema-graph\">{\"@context\":\"https:\\\/\\\/schema.org\",\"@graph\":[{\"@type\":\"WebPage\",\"@id\":\"https:\\\/\\\/gronau-inside.de\\\/nl\\\/produkt\\\/radwanderkarte-gruene-aue-rundtour-route-8\",\"url\":\"https:\\\/\\\/gronau-inside.de\\\/nl\\\/produkt\\\/radwanderkarte-gruene-aue-rundtour-route-8\",\"name\":\"Radwanderkarte Gr\u00fcne Aue-Rundtour (Route 8) - Gronau Inside\",\"isPartOf\":{\"@id\":\"https:\\\/\\\/gronau-inside.de\\\/nl#website\"},\"primaryImageOfPage\":{\"@id\":\"https:\\\/\\\/gronau-inside.de\\\/nl\\\/produkt\\\/radwanderkarte-gruene-aue-rundtour-route-8#primaryimage\"},\"image\":{\"@id\":\"https:\\\/\\\/gronau-inside.de\\\/nl\\\/produkt\\\/radwanderkarte-gruene-aue-rundtour-route-8#primaryimage\"},\"thumbnailUrl\":\"https:\\\/\\\/gronau-inside.de\\\/wp-content\\\/uploads\\\/2024\\\/07\\\/WhatsApp-Image-2024-07-22-at-16.10.14-1.jpeg\",\"datePublished\":\"2024-07-23T10:21:56+00:00\",\"dateModified\":\"2024-07-23T10:23:03+00:00\",\"breadcrumb\":{\"@id\":\"https:\\\/\\\/gronau-inside.de\\\/nl\\\/produkt\\\/radwanderkarte-gruene-aue-rundtour-route-8#breadcrumb\"},\"inLanguage\":\"nl-NL\",\"potentialAction\":[{\"@type\":\"ReadAction\",\"target\":[\"https:\\\/\\\/gronau-inside.de\\\/nl\\\/produkt\\\/radwanderkarte-gruene-aue-rundtour-route-8\"]}]},{\"@type\":\"ImageObject\",\"inLanguage\":\"nl-NL\",\"@id\":\"https:\\\/\\\/gronau-inside.de\\\/nl\\\/produkt\\\/radwanderkarte-gruene-aue-rundtour-route-8#primaryimage\",\"url\":\"https:\\\/\\\/gronau-inside.de\\\/wp-content\\\/uploads\\\/2024\\\/07\\\/WhatsApp-Image-2024-07-22-at-16.10.14-1.jpeg\",\"contentUrl\":\"https:\\\/\\\/gronau-inside.de\\\/wp-content\\\/uploads\\\/2024\\\/07\\\/WhatsApp-Image-2024-07-22-at-16.10.14-1.jpeg\",\"width\":1536,\"height\":2048,\"caption\":\"Vorderseite des Radwanderflyers \\\"Gr\u00fcne Aue-Rundtour\\\" mit einem Bild der St. Agatha-Kirche in Epe\"},{\"@type\":\"BreadcrumbList\",\"@id\":\"https:\\\/\\\/gronau-inside.de\\\/nl\\\/produkt\\\/radwanderkarte-gruene-aue-rundtour-route-8#breadcrumb\",\"itemListElement\":[{\"@type\":\"ListItem\",\"position\":1,\"name\":\"Startseite\",\"item\":\"https:\\\/\\\/gronau-inside.de\\\/nl\\\/startseite\"},{\"@type\":\"ListItem\",\"position\":2,\"name\":\"Winkelen\",\"item\":\"https:\\\/\\\/gronau-inside.de\\\/shop\"},{\"@type\":\"ListItem\",\"position\":3,\"name\":\"Radwanderkarte Gr\u00fcne Aue-Rundtour (Route 8)\"}]},{\"@type\":\"WebSite\",\"@id\":\"https:\\\/\\\/gronau-inside.de\\\/nl#website\",\"url\":\"https:\\\/\\\/gronau-inside.de\\\/nl\",\"name\":\"Gronau Inside\",\"description\":\"Musikstadt im Gr\u00fcnen\",\"publisher\":{\"@id\":\"https:\\\/\\\/gronau-inside.de\\\/nl#organization\"},\"potentialAction\":[{\"@type\":\"SearchAction\",\"target\":{\"@type\":\"EntryPoint\",\"urlTemplate\":\"https:\\\/\\\/gronau-inside.de\\\/nl?s={search_term_string}\"},\"query-input\":{\"@type\":\"PropertyValueSpecification\",\"valueRequired\":true,\"valueName\":\"search_term_string\"}}],\"inLanguage\":\"nl-NL\"},{\"@type\":\"Organization\",\"@id\":\"https:\\\/\\\/gronau-inside.de\\\/nl#organization\",\"name\":\"Gronau Inside\",\"url\":\"https:\\\/\\\/gronau-inside.de\\\/nl\",\"logo\":{\"@type\":\"ImageObject\",\"inLanguage\":\"nl-NL\",\"@id\":\"https:\\\/\\\/gronau-inside.de\\\/nl#\\\/schema\\\/logo\\\/image\\\/\",\"url\":\"https:\\\/\\\/gronau-inside.de\\\/wp-content\\\/uploads\\\/2020\\\/10\\\/01_gronau-logo_weissaufweiss_Schriftzug-1.png\",\"contentUrl\":\"https:\\\/\\\/gronau-inside.de\\\/wp-content\\\/uploads\\\/2020\\\/10\\\/01_gronau-logo_weissaufweiss_Schriftzug-1.png\",\"width\":254,\"height\":246,\"caption\":\"Gronau Inside\"},\"image\":{\"@id\":\"https:\\\/\\\/gronau-inside.de\\\/nl#\\\/schema\\\/logo\\\/image\\\/\"}}]}<\/script>\n<!-- \/ Yoast SEO plugin. -->","yoast_head_json":{"title":"Radwanderkarte Gr\u00fcne Aue-Rundtour (Route 8) - Gronau Inside","robots":{"index":"index","follow":"follow","max-snippet":"max-snippet:-1","max-image-preview":"max-image-preview:large","max-video-preview":"max-video-preview:-1"},"canonical":"https:\/\/gronau-inside.de\/nl\/produkt\/radwanderkarte-gruene-aue-rundtour-route-8","og_locale":"nl_NL","og_type":"article","og_title":"Radwanderkarte Gr\u00fcne Aue-Rundtour (Route 8) - Gronau Inside","og_description":"Die Gr\u00fcne Aue-Rundtour f\u00fchrt euch am Dreil\u00e4ndersee vorbei zum Naturschutzgebiet Auf der Ammert und durch den S\u00fcden von Epe. Wie w\u00e4re es hier mit einem leckeren Abstecher in das Zentrum von Epe f\u00fcr ein Eis? Wieder auf dem Fahrrad f\u00fchrt euch die Strecken in gro\u00dfem Bogen westlich zur\u00fcck nach Gronau.  Hinweis: Diese Route liegt auf dem Knotenpunktsystem.  Gemeinsam mit der Volksbank Gronau-Ahaus eG w\u00fcnschen wir euch viel Spa\u00df auf den Radrouten!  Inklusive 7% MwSt.","og_url":"https:\/\/gronau-inside.de\/nl\/produkt\/radwanderkarte-gruene-aue-rundtour-route-8","og_site_name":"Gronau Inside","article_modified_time":"2024-07-23T10:23:03+00:00","og_image":[{"width":1536,"height":2048,"url":"https:\/\/gronau-inside.de\/wp-content\/uploads\/2024\/07\/WhatsApp-Image-2024-07-22-at-16.10.14-1.jpeg","type":"image\/jpeg"}],"twitter_card":"summary_large_image","schema":{"@context":"https:\/\/schema.org","@graph":[{"@type":"WebPage","@id":"https:\/\/gronau-inside.de\/nl\/produkt\/radwanderkarte-gruene-aue-rundtour-route-8","url":"https:\/\/gronau-inside.de\/nl\/produkt\/radwanderkarte-gruene-aue-rundtour-route-8","name":"Radwanderkarte Gr\u00fcne Aue-Rundtour (Route 8) - Gronau Inside","isPartOf":{"@id":"https:\/\/gronau-inside.de\/nl#website"},"primaryImageOfPage":{"@id":"https:\/\/gronau-inside.de\/nl\/produkt\/radwanderkarte-gruene-aue-rundtour-route-8#primaryimage"},"image":{"@id":"https:\/\/gronau-inside.de\/nl\/produkt\/radwanderkarte-gruene-aue-rundtour-route-8#primaryimage"},"thumbnailUrl":"https:\/\/gronau-inside.de\/wp-content\/uploads\/2024\/07\/WhatsApp-Image-2024-07-22-at-16.10.14-1.jpeg","datePublished":"2024-07-23T10:21:56+00:00","dateModified":"2024-07-23T10:23:03+00:00","breadcrumb":{"@id":"https:\/\/gronau-inside.de\/nl\/produkt\/radwanderkarte-gruene-aue-rundtour-route-8#breadcrumb"},"inLanguage":"nl-NL","potentialAction":[{"@type":"ReadAction","target":["https:\/\/gronau-inside.de\/nl\/produkt\/radwanderkarte-gruene-aue-rundtour-route-8"]}]},{"@type":"ImageObject","inLanguage":"nl-NL","@id":"https:\/\/gronau-inside.de\/nl\/produkt\/radwanderkarte-gruene-aue-rundtour-route-8#primaryimage","url":"https:\/\/gronau-inside.de\/wp-content\/uploads\/2024\/07\/WhatsApp-Image-2024-07-22-at-16.10.14-1.jpeg","contentUrl":"https:\/\/gronau-inside.de\/wp-content\/uploads\/2024\/07\/WhatsApp-Image-2024-07-22-at-16.10.14-1.jpeg","width":1536,"height":2048,"caption":"Vorderseite des Radwanderflyers \"Gr\u00fcne Aue-Rundtour\" mit einem Bild der St. Agatha-Kirche in Epe"},{"@type":"BreadcrumbList","@id":"https:\/\/gronau-inside.de\/nl\/produkt\/radwanderkarte-gruene-aue-rundtour-route-8#breadcrumb","itemListElement":[{"@type":"ListItem","position":1,"name":"Startseite","item":"https:\/\/gronau-inside.de\/nl\/startseite"},{"@type":"ListItem","position":2,"name":"Winkelen","item":"https:\/\/gronau-inside.de\/shop"},{"@type":"ListItem","position":3,"name":"Radwanderkarte Gr\u00fcne Aue-Rundtour (Route 8)"}]},{"@type":"WebSite","@id":"https:\/\/gronau-inside.de\/nl#website","url":"https:\/\/gronau-inside.de\/nl","name":"Gronau Inside","description":"Musikstadt im Gr\u00fcnen","publisher":{"@id":"https:\/\/gronau-inside.de\/nl#organization"},"potentialAction":[{"@type":"SearchAction","target":{"@type":"EntryPoint","urlTemplate":"https:\/\/gronau-inside.de\/nl?s={search_term_string}"},"query-input":{"@type":"PropertyValueSpecification","valueRequired":true,"valueName":"search_term_string"}}],"inLanguage":"nl-NL"},{"@type":"Organization","@id":"https:\/\/gronau-inside.de\/nl#organization","name":"Gronau Inside","url":"https:\/\/gronau-inside.de\/nl","logo":{"@type":"ImageObject","inLanguage":"nl-NL","@id":"https:\/\/gronau-inside.de\/nl#\/schema\/logo\/image\/","url":"https:\/\/gronau-inside.de\/wp-content\/uploads\/2020\/10\/01_gronau-logo_weissaufweiss_Schriftzug-1.png","contentUrl":"https:\/\/gronau-inside.de\/wp-content\/uploads\/2020\/10\/01_gronau-logo_weissaufweiss_Schriftzug-1.png","width":254,"height":246,"caption":"Gronau Inside"},"image":{"@id":"https:\/\/gronau-inside.de\/nl#\/schema\/logo\/image\/"}}]}},"_links":{"self":[{"href":"https:\/\/gronau-inside.de\/nl\/wp-json\/wp\/v2\/product\/66269","targetHints":{"allow":["GET"]}}],"collection":[{"href":"https:\/\/gronau-inside.de\/nl\/wp-json\/wp\/v2\/product"}],"about":[{"href":"https:\/\/gronau-inside.de\/nl\/wp-json\/wp\/v2\/types\/product"}],"wp:featuredmedia":[{"embeddable":true,"href":"https:\/\/gronau-inside.de\/nl\/wp-json\/wp\/v2\/media\/66200"}],"wp:attachment":[{"href":"https:\/\/gronau-inside.de\/nl\/wp-json\/wp\/v2\/media?parent=66269"}],"wp:term":[{"taxonomy":"product_brand","embeddable":true,"href":"https:\/\/gronau-inside.de\/nl\/wp-json\/wp\/v2\/product_brand?post=66269"},{"taxonomy":"product_cat","embeddable":true,"href":"https:\/\/gronau-inside.de\/nl\/wp-json\/wp\/v2\/product_cat?post=66269"},{"taxonomy":"product_tag","embeddable":true,"href":"https:\/\/gronau-inside.de\/nl\/wp-json\/wp\/v2\/product_tag?post=66269"}],"curies":[{"name":"wp","href":"https:\/\/api.w.org\/{rel}","templated":true}]}}