{"id":78356,"date":"2021-04-13T12:16:56","date_gmt":"2021-04-13T10:16:56","guid":{"rendered":"https:\/\/gronau-inside.de\/produkt\/fietskaarten-gronau-epe-routes-1-14"},"modified":"2025-05-02T15:00:56","modified_gmt":"2025-05-02T13:00:56","slug":"fietskaarten-gronau-epe-routes-1-14","status":"publish","type":"product","link":"https:\/\/gronau-inside.de\/nl\/produkt\/fietskaarten-gronau-epe-routes-1-14","title":{"rendered":"Fietskaarten Gronau &amp; Epe (Routes 1-14)"},"content":{"rendered":"","protected":false},"excerpt":{"rendered":"<p>Hier vind je onze fietstips in Gronau en omgeving: mooie dagtochten staan je te wachten in het pakket, dat 14 fietskaarten bevat met tochten in en rond de muziekstad:<\/p>\n<p>Route 1: Am-Berge tocht (20 km)<\/p>\n<p>Route 2: Moorhof tour (23 km)<\/p>\n<p>Route 3: Donselfelder tocht (23 km)<\/p>\n<p>Route 4: Amtsvenn tocht (25 km)<\/p>\n<p>Route 5: Drielandenroute (26 km)<\/p>\n<p>Route 6: Dinkel-Goorbach tour (29 km)<\/p>\n<p>Route 7: Sunderhook tour (20 km)<\/p>\n<p>Route 8: Groene Aue rondwandeling (40 km) &#8211; volledig op het knooppuntennetwerk<\/p>\n<p>Route 9: Kleine-D\u00f6rfer-Tour (44 km) &#8211; volledig op het knooppuntennetwerk<\/p>\n<p>Route 10: Bad Bentheim tour (41 km) &#8211; volledig op het knooppuntennetwerk<\/p>\n<p>Route 11: Kindertocht naar de Dreil\u00e4ndersee (18 km) &#8211; volledig op het knooppuntennetwerk<\/p>\n<p>Route 12: Haarm\u00fchle-tocht (47 km) &#8211; volledig op het knooppuntennetwerk<\/p>\n<p>Route 13: Sch\u00f6ppingen tour (65 km) &#8211; volledig op het knooppuntennetwerk<\/p>\n<p>Route 14: Emsflower-tocht (77 km) &#8211; volledig op het knooppuntennetwerk<\/p>\n<p>De set wordt geleverd met een gratis transparante hoes om de flyers te beschermen.<\/p>\n<p>&nbsp;<\/p>\n<p>Samen met Volksbank Gronau-Ahaus eG wensen we je veel plezier op de fietsroutes!<\/p>\n<p><strong>Inclusief 7% btw.<\/strong><\/p>\n","protected":false},"featured_media":93118,"template":"","meta":{"_acf_changed":false,"_price":"4.00","_stock":"","_tribe_ticket_header":"","_tribe_default_ticket_provider":"","_tribe_ticket_capacity":"","_ticket_start_date":"","_ticket_end_date":"","_tribe_ticket_show_description":"","_tribe_ticket_show_not_going":false,"_tribe_ticket_use_global_stock":"","_tribe_ticket_global_stock_level":"","_global_stock_mode":"","_global_stock_cap":"","_tribe_rsvp_for_event":"","_tribe_ticket_going_count":"","_tribe_ticket_not_going_count":"","_tribe_tickets_list":"[]","_tribe_ticket_has_attendee_info_fields":false},"product_brand":[],"product_cat":[430],"product_tag":[],"class_list":{"0":"post-78356","1":"product","2":"type-product","3":"status-publish","4":"has-post-thumbnail","6":"product_cat-fiets-en-wandelkaarten","7":"product_shipping_class-brief-nl","9":"first","10":"instock","11":"sale","12":"taxable","13":"shipping-taxable","14":"purchasable","15":"product-type-simple"},"acf":[],"yoast_head":"<!-- This site is optimized with the Yoast SEO plugin v27.3 - https:\/\/yoast.com\/product\/yoast-seo-wordpress\/ -->\n<title>Fietskaarten Gronau &amp; Epe (Routes 1-14) - Gronau Inside<\/title>\n<meta name=\"robots\" content=\"index, follow, max-snippet:-1, max-image-preview:large, max-video-preview:-1\" \/>\n<link rel=\"canonical\" href=\"https:\/\/gronau-inside.de\/nl\/produkt\/fietskaarten-gronau-epe-routes-1-14\" \/>\n<meta property=\"og:locale\" content=\"nl_NL\" \/>\n<meta property=\"og:type\" content=\"article\" \/>\n<meta property=\"og:title\" content=\"Fietskaarten Gronau &amp; Epe (Routes 1-14) - Gronau Inside\" \/>\n<meta property=\"og:description\" content=\"Hier vind je onze fietstips in Gronau en omgeving: mooie dagtochten staan je te wachten in het pakket, dat 14 fietskaarten bevat met tochten in en rond de muziekstad: Route 1: Am-Berge tocht (20 km) Route 2: Moorhof tour (23 km) Route 3: Donselfelder tocht (23 km) Route 4: Amtsvenn tocht (25 km) Route 5: Drielandenroute (26 km) Route 6: Dinkel-Goorbach tour (29 km) Route 7: Sunderhook tour (20 km) Route 8: Groene Aue rondwandeling (40 km) - volledig op het knooppuntennetwerk Route 9: Kleine-D\u00f6rfer-Tour (44 km) - volledig op het knooppuntennetwerk Route 10: Bad Bentheim tour (41 km) - volledig op het knooppuntennetwerk Route 11: Kindertocht naar de Dreil\u00e4ndersee (18 km) - volledig op het knooppuntennetwerk Route 12: Haarm\u00fchle-tocht (47 km) - volledig op het knooppuntennetwerk Route 13: Sch\u00f6ppingen tour (65 km) - volledig op het knooppuntennetwerk Route 14: Emsflower-tocht (77 km) - volledig op het knooppuntennetwerk De set wordt geleverd met een gratis transparante hoes om de flyers te beschermen. &nbsp; Samen met Volksbank Gronau-Ahaus eG wensen we je veel plezier op de fietsroutes! Inclusief 7% btw.\" \/>\n<meta property=\"og:url\" content=\"https:\/\/gronau-inside.de\/nl\/produkt\/fietskaarten-gronau-epe-routes-1-14\" \/>\n<meta property=\"og:site_name\" content=\"Gronau Inside\" \/>\n<meta property=\"article:modified_time\" content=\"2025-05-02T13:00:56+00:00\" \/>\n<meta property=\"og:image\" content=\"https:\/\/gronau-inside.de\/wp-content\/uploads\/2021\/04\/WhatsApp-Image-2024-07-23-at-14.29.24-scaled.jpeg\" \/>\n\t<meta property=\"og:image:width\" content=\"1920\" \/>\n\t<meta property=\"og:image:height\" content=\"2560\" \/>\n\t<meta property=\"og:image:type\" content=\"image\/jpeg\" \/>\n<meta name=\"twitter:card\" content=\"summary_large_image\" \/>\n<script type=\"application\/ld+json\" class=\"yoast-schema-graph\">{\"@context\":\"https:\\\/\\\/schema.org\",\"@graph\":[{\"@type\":\"WebPage\",\"@id\":\"https:\\\/\\\/gronau-inside.de\\\/nl\\\/produkt\\\/fietskaarten-gronau-epe-routes-1-14\",\"url\":\"https:\\\/\\\/gronau-inside.de\\\/nl\\\/produkt\\\/fietskaarten-gronau-epe-routes-1-14\",\"name\":\"Fietskaarten Gronau &amp; Epe (Routes 1-14) - Gronau Inside\",\"isPartOf\":{\"@id\":\"https:\\\/\\\/gronau-inside.de\\\/nl#website\"},\"primaryImageOfPage\":{\"@id\":\"https:\\\/\\\/gronau-inside.de\\\/nl\\\/produkt\\\/fietskaarten-gronau-epe-routes-1-14#primaryimage\"},\"image\":{\"@id\":\"https:\\\/\\\/gronau-inside.de\\\/nl\\\/produkt\\\/fietskaarten-gronau-epe-routes-1-14#primaryimage\"},\"thumbnailUrl\":\"https:\\\/\\\/gronau-inside.de\\\/wp-content\\\/uploads\\\/2021\\\/04\\\/WhatsApp-Image-2026-03-25-at-16.35.36.jpeg\",\"datePublished\":\"2021-04-13T10:16:56+00:00\",\"dateModified\":\"2025-05-02T13:00:56+00:00\",\"breadcrumb\":{\"@id\":\"https:\\\/\\\/gronau-inside.de\\\/nl\\\/produkt\\\/fietskaarten-gronau-epe-routes-1-14#breadcrumb\"},\"inLanguage\":\"nl-NL\",\"potentialAction\":[{\"@type\":\"ReadAction\",\"target\":[\"https:\\\/\\\/gronau-inside.de\\\/nl\\\/produkt\\\/fietskaarten-gronau-epe-routes-1-14\"]}]},{\"@type\":\"ImageObject\",\"inLanguage\":\"nl-NL\",\"@id\":\"https:\\\/\\\/gronau-inside.de\\\/nl\\\/produkt\\\/fietskaarten-gronau-epe-routes-1-14#primaryimage\",\"url\":\"https:\\\/\\\/gronau-inside.de\\\/wp-content\\\/uploads\\\/2021\\\/04\\\/WhatsApp-Image-2026-03-25-at-16.35.36.jpeg\",\"contentUrl\":\"https:\\\/\\\/gronau-inside.de\\\/wp-content\\\/uploads\\\/2021\\\/04\\\/WhatsApp-Image-2026-03-25-at-16.35.36.jpeg\",\"width\":2500,\"height\":1875},{\"@type\":\"BreadcrumbList\",\"@id\":\"https:\\\/\\\/gronau-inside.de\\\/nl\\\/produkt\\\/fietskaarten-gronau-epe-routes-1-14#breadcrumb\",\"itemListElement\":[{\"@type\":\"ListItem\",\"position\":1,\"name\":\"Startseite\",\"item\":\"https:\\\/\\\/gronau-inside.de\\\/nl\\\/startseite\"},{\"@type\":\"ListItem\",\"position\":2,\"name\":\"Winkelen\",\"item\":\"https:\\\/\\\/gronau-inside.de\\\/shop\"},{\"@type\":\"ListItem\",\"position\":3,\"name\":\"Fietskaarten Gronau &amp; Epe (Routes 1-14)\"}]},{\"@type\":\"WebSite\",\"@id\":\"https:\\\/\\\/gronau-inside.de\\\/nl#website\",\"url\":\"https:\\\/\\\/gronau-inside.de\\\/nl\",\"name\":\"Gronau Inside\",\"description\":\"Musikstadt im Gr\u00fcnen\",\"publisher\":{\"@id\":\"https:\\\/\\\/gronau-inside.de\\\/nl#organization\"},\"potentialAction\":[{\"@type\":\"SearchAction\",\"target\":{\"@type\":\"EntryPoint\",\"urlTemplate\":\"https:\\\/\\\/gronau-inside.de\\\/nl?s={search_term_string}\"},\"query-input\":{\"@type\":\"PropertyValueSpecification\",\"valueRequired\":true,\"valueName\":\"search_term_string\"}}],\"inLanguage\":\"nl-NL\"},{\"@type\":\"Organization\",\"@id\":\"https:\\\/\\\/gronau-inside.de\\\/nl#organization\",\"name\":\"Gronau Inside\",\"url\":\"https:\\\/\\\/gronau-inside.de\\\/nl\",\"logo\":{\"@type\":\"ImageObject\",\"inLanguage\":\"nl-NL\",\"@id\":\"https:\\\/\\\/gronau-inside.de\\\/nl#\\\/schema\\\/logo\\\/image\\\/\",\"url\":\"https:\\\/\\\/gronau-inside.de\\\/wp-content\\\/uploads\\\/2020\\\/10\\\/01_gronau-logo_weissaufweiss_Schriftzug-1.png\",\"contentUrl\":\"https:\\\/\\\/gronau-inside.de\\\/wp-content\\\/uploads\\\/2020\\\/10\\\/01_gronau-logo_weissaufweiss_Schriftzug-1.png\",\"width\":254,\"height\":246,\"caption\":\"Gronau Inside\"},\"image\":{\"@id\":\"https:\\\/\\\/gronau-inside.de\\\/nl#\\\/schema\\\/logo\\\/image\\\/\"}}]}<\/script>\n<!-- \/ Yoast SEO plugin. -->","yoast_head_json":{"title":"Fietskaarten Gronau &amp; Epe (Routes 1-14) - Gronau Inside","robots":{"index":"index","follow":"follow","max-snippet":"max-snippet:-1","max-image-preview":"max-image-preview:large","max-video-preview":"max-video-preview:-1"},"canonical":"https:\/\/gronau-inside.de\/nl\/produkt\/fietskaarten-gronau-epe-routes-1-14","og_locale":"nl_NL","og_type":"article","og_title":"Fietskaarten Gronau &amp; Epe (Routes 1-14) - Gronau Inside","og_description":"Hier vind je onze fietstips in Gronau en omgeving: mooie dagtochten staan je te wachten in het pakket, dat 14 fietskaarten bevat met tochten in en rond de muziekstad: Route 1: Am-Berge tocht (20 km) Route 2: Moorhof tour (23 km) Route 3: Donselfelder tocht (23 km) Route 4: Amtsvenn tocht (25 km) Route 5: Drielandenroute (26 km) Route 6: Dinkel-Goorbach tour (29 km) Route 7: Sunderhook tour (20 km) Route 8: Groene Aue rondwandeling (40 km) - volledig op het knooppuntennetwerk Route 9: Kleine-D\u00f6rfer-Tour (44 km) - volledig op het knooppuntennetwerk Route 10: Bad Bentheim tour (41 km) - volledig op het knooppuntennetwerk Route 11: Kindertocht naar de Dreil\u00e4ndersee (18 km) - volledig op het knooppuntennetwerk Route 12: Haarm\u00fchle-tocht (47 km) - volledig op het knooppuntennetwerk Route 13: Sch\u00f6ppingen tour (65 km) - volledig op het knooppuntennetwerk Route 14: Emsflower-tocht (77 km) - volledig op het knooppuntennetwerk De set wordt geleverd met een gratis transparante hoes om de flyers te beschermen. &nbsp; Samen met Volksbank Gronau-Ahaus eG wensen we je veel plezier op de fietsroutes! Inclusief 7% btw.","og_url":"https:\/\/gronau-inside.de\/nl\/produkt\/fietskaarten-gronau-epe-routes-1-14","og_site_name":"Gronau Inside","article_modified_time":"2025-05-02T13:00:56+00:00","og_image":[{"width":1920,"height":2560,"url":"https:\/\/gronau-inside.de\/wp-content\/uploads\/2021\/04\/WhatsApp-Image-2024-07-23-at-14.29.24-scaled.jpeg","type":"image\/jpeg"}],"twitter_card":"summary_large_image","schema":{"@context":"https:\/\/schema.org","@graph":[{"@type":"WebPage","@id":"https:\/\/gronau-inside.de\/nl\/produkt\/fietskaarten-gronau-epe-routes-1-14","url":"https:\/\/gronau-inside.de\/nl\/produkt\/fietskaarten-gronau-epe-routes-1-14","name":"Fietskaarten Gronau &amp; Epe (Routes 1-14) - Gronau Inside","isPartOf":{"@id":"https:\/\/gronau-inside.de\/nl#website"},"primaryImageOfPage":{"@id":"https:\/\/gronau-inside.de\/nl\/produkt\/fietskaarten-gronau-epe-routes-1-14#primaryimage"},"image":{"@id":"https:\/\/gronau-inside.de\/nl\/produkt\/fietskaarten-gronau-epe-routes-1-14#primaryimage"},"thumbnailUrl":"https:\/\/gronau-inside.de\/wp-content\/uploads\/2021\/04\/WhatsApp-Image-2026-03-25-at-16.35.36.jpeg","datePublished":"2021-04-13T10:16:56+00:00","dateModified":"2025-05-02T13:00:56+00:00","breadcrumb":{"@id":"https:\/\/gronau-inside.de\/nl\/produkt\/fietskaarten-gronau-epe-routes-1-14#breadcrumb"},"inLanguage":"nl-NL","potentialAction":[{"@type":"ReadAction","target":["https:\/\/gronau-inside.de\/nl\/produkt\/fietskaarten-gronau-epe-routes-1-14"]}]},{"@type":"ImageObject","inLanguage":"nl-NL","@id":"https:\/\/gronau-inside.de\/nl\/produkt\/fietskaarten-gronau-epe-routes-1-14#primaryimage","url":"https:\/\/gronau-inside.de\/wp-content\/uploads\/2021\/04\/WhatsApp-Image-2026-03-25-at-16.35.36.jpeg","contentUrl":"https:\/\/gronau-inside.de\/wp-content\/uploads\/2021\/04\/WhatsApp-Image-2026-03-25-at-16.35.36.jpeg","width":2500,"height":1875},{"@type":"BreadcrumbList","@id":"https:\/\/gronau-inside.de\/nl\/produkt\/fietskaarten-gronau-epe-routes-1-14#breadcrumb","itemListElement":[{"@type":"ListItem","position":1,"name":"Startseite","item":"https:\/\/gronau-inside.de\/nl\/startseite"},{"@type":"ListItem","position":2,"name":"Winkelen","item":"https:\/\/gronau-inside.de\/shop"},{"@type":"ListItem","position":3,"name":"Fietskaarten Gronau &amp; Epe (Routes 1-14)"}]},{"@type":"WebSite","@id":"https:\/\/gronau-inside.de\/nl#website","url":"https:\/\/gronau-inside.de\/nl","name":"Gronau Inside","description":"Musikstadt im Gr\u00fcnen","publisher":{"@id":"https:\/\/gronau-inside.de\/nl#organization"},"potentialAction":[{"@type":"SearchAction","target":{"@type":"EntryPoint","urlTemplate":"https:\/\/gronau-inside.de\/nl?s={search_term_string}"},"query-input":{"@type":"PropertyValueSpecification","valueRequired":true,"valueName":"search_term_string"}}],"inLanguage":"nl-NL"},{"@type":"Organization","@id":"https:\/\/gronau-inside.de\/nl#organization","name":"Gronau Inside","url":"https:\/\/gronau-inside.de\/nl","logo":{"@type":"ImageObject","inLanguage":"nl-NL","@id":"https:\/\/gronau-inside.de\/nl#\/schema\/logo\/image\/","url":"https:\/\/gronau-inside.de\/wp-content\/uploads\/2020\/10\/01_gronau-logo_weissaufweiss_Schriftzug-1.png","contentUrl":"https:\/\/gronau-inside.de\/wp-content\/uploads\/2020\/10\/01_gronau-logo_weissaufweiss_Schriftzug-1.png","width":254,"height":246,"caption":"Gronau Inside"},"image":{"@id":"https:\/\/gronau-inside.de\/nl#\/schema\/logo\/image\/"}}]}},"_links":{"self":[{"href":"https:\/\/gronau-inside.de\/nl\/wp-json\/wp\/v2\/product\/78356","targetHints":{"allow":["GET"]}}],"collection":[{"href":"https:\/\/gronau-inside.de\/nl\/wp-json\/wp\/v2\/product"}],"about":[{"href":"https:\/\/gronau-inside.de\/nl\/wp-json\/wp\/v2\/types\/product"}],"wp:featuredmedia":[{"embeddable":true,"href":"https:\/\/gronau-inside.de\/nl\/wp-json\/wp\/v2\/media\/93118"}],"wp:attachment":[{"href":"https:\/\/gronau-inside.de\/nl\/wp-json\/wp\/v2\/media?parent=78356"}],"wp:term":[{"taxonomy":"product_brand","embeddable":true,"href":"https:\/\/gronau-inside.de\/nl\/wp-json\/wp\/v2\/product_brand?post=78356"},{"taxonomy":"product_cat","embeddable":true,"href":"https:\/\/gronau-inside.de\/nl\/wp-json\/wp\/v2\/product_cat?post=78356"},{"taxonomy":"product_tag","embeddable":true,"href":"https:\/\/gronau-inside.de\/nl\/wp-json\/wp\/v2\/product_tag?post=78356"}],"curies":[{"name":"wp","href":"https:\/\/api.w.org\/{rel}","templated":true}]}}