{"id":88798,"date":"2025-11-25T15:04:18","date_gmt":"2025-11-25T14:04:18","guid":{"rendered":"https:\/\/gronau-inside.de\/produkt\/fietsbel-muensterland-het-goede-leven"},"modified":"2025-11-25T15:13:15","modified_gmt":"2025-11-25T14:13:15","slug":"fietsbel-muensterland-het-goede-leven","status":"publish","type":"product","link":"https:\/\/gronau-inside.de\/nl\/produkt\/fietsbel-muensterland-het-goede-leven","title":{"rendered":"Fietsbel &#8220;M\u00fcnsterland. Het goede leven.&#8221;"},"content":{"rendered":"","protected":false},"excerpt":{"rendered":"<p data-start=\"90\" data-end=\"147\"><strong data-start=\"90\" data-end=\"147\">M\u00fcnsterland-Klingel &#8211; Het goede leven voor je fiets<\/strong><\/p>\n<p data-start=\"149\" data-end=\"489\">Neem een stukje M\u00fcnsterland mee naar je rondleidingen!<br data-start=\"195\" data-end=\"198\">Deze hoogwaardige fietsbel in modern M\u00fcnsterland-design zet niet alleen kleurrijke accenten, maar zorgt ook voor veiligheid op de weg. Met zijn heldere geluid en stijlvolle hartlogo is het de perfecte accessoire voor iedereen die van zijn regio houdt en daarmee voor de dag wil komen. <\/p>\n<p data-start=\"491\" data-end=\"585\">Ideaal als cadeau &#8211; of om zelf te houden.<\/p>\n<p data-start=\"491\" data-end=\"585\"><br data-start=\"536\" data-end=\"539\">Opstijgen, aanbellen, genieten van het M\u00fcnsterland!<\/p>\n<p><strong>Inclusief 19% btw.  <\/strong><\/p>\n","protected":false},"featured_media":88802,"template":"","meta":{"_acf_changed":false,"_price":"6.95","_stock":"2","_tribe_ticket_header":"","_tribe_default_ticket_provider":"","_tribe_ticket_capacity":"","_ticket_start_date":"","_ticket_end_date":"","_tribe_ticket_show_description":"","_tribe_ticket_show_not_going":false,"_tribe_ticket_use_global_stock":"","_tribe_ticket_global_stock_level":"","_global_stock_mode":"","_global_stock_cap":"","_tribe_rsvp_for_event":"","_tribe_ticket_going_count":"","_tribe_ticket_not_going_count":"","_tribe_tickets_list":"[]","_tribe_ticket_has_attendee_info_fields":false},"product_brand":[],"product_cat":[299],"product_tag":[],"class_list":{"0":"post-88798","1":"product","2":"type-product","3":"status-publish","4":"has-post-thumbnail","6":"product_cat-souvenirs-en-merchandise","7":"product_shipping_class-paeckchen-nl","9":"first","10":"instock","11":"taxable","12":"shipping-taxable","13":"purchasable","14":"product-type-simple"},"acf":[],"yoast_head":"<!-- This site is optimized with the Yoast SEO plugin v27.3 - https:\/\/yoast.com\/product\/yoast-seo-wordpress\/ -->\n<title>Fietsbel &quot;M\u00fcnsterland. Het goede leven.&quot; - Gronau Inside<\/title>\n<meta name=\"robots\" content=\"index, follow, max-snippet:-1, max-image-preview:large, max-video-preview:-1\" \/>\n<link rel=\"canonical\" href=\"https:\/\/gronau-inside.de\/nl\/produkt\/fietsbel-muensterland-het-goede-leven\" \/>\n<meta property=\"og:locale\" content=\"nl_NL\" \/>\n<meta property=\"og:type\" content=\"article\" \/>\n<meta property=\"og:title\" content=\"Fietsbel &quot;M\u00fcnsterland. Het goede leven.&quot; - Gronau Inside\" \/>\n<meta property=\"og:description\" content=\"M\u00fcnsterland-Klingel - Het goede leven voor je fiets Neem een stukje M\u00fcnsterland mee naar je rondleidingen!Deze hoogwaardige fietsbel in modern M\u00fcnsterland-design zet niet alleen kleurrijke accenten, maar zorgt ook voor veiligheid op de weg. Met zijn heldere geluid en stijlvolle hartlogo is het de perfecte accessoire voor iedereen die van zijn regio houdt en daarmee voor de dag wil komen. Ideaal als cadeau - of om zelf te houden. Opstijgen, aanbellen, genieten van het M\u00fcnsterland! Inclusief 19% btw.\" \/>\n<meta property=\"og:url\" content=\"https:\/\/gronau-inside.de\/nl\/produkt\/fietsbel-muensterland-het-goede-leven\" \/>\n<meta property=\"og:site_name\" content=\"Gronau Inside\" \/>\n<meta property=\"article:modified_time\" content=\"2025-11-25T14:13:15+00:00\" \/>\n<meta property=\"og:image\" content=\"https:\/\/gronau-inside.de\/wp-content\/uploads\/2025\/11\/WhatsApp-Image-2025-11-25-at-14.33.57-2.jpeg\" \/>\n\t<meta property=\"og:image:width\" content=\"1875\" \/>\n\t<meta property=\"og:image:height\" content=\"2500\" \/>\n\t<meta property=\"og:image:type\" content=\"image\/jpeg\" \/>\n<meta name=\"twitter:card\" content=\"summary_large_image\" \/>\n<script type=\"application\/ld+json\" class=\"yoast-schema-graph\">{\"@context\":\"https:\\\/\\\/schema.org\",\"@graph\":[{\"@type\":\"WebPage\",\"@id\":\"https:\\\/\\\/gronau-inside.de\\\/nl\\\/produkt\\\/fietsbel-muensterland-het-goede-leven\",\"url\":\"https:\\\/\\\/gronau-inside.de\\\/nl\\\/produkt\\\/fietsbel-muensterland-het-goede-leven\",\"name\":\"Fietsbel \\\"M\u00fcnsterland. Het goede leven.\\\" - Gronau Inside\",\"isPartOf\":{\"@id\":\"https:\\\/\\\/gronau-inside.de\\\/nl#website\"},\"primaryImageOfPage\":{\"@id\":\"https:\\\/\\\/gronau-inside.de\\\/nl\\\/produkt\\\/fietsbel-muensterland-het-goede-leven#primaryimage\"},\"image\":{\"@id\":\"https:\\\/\\\/gronau-inside.de\\\/nl\\\/produkt\\\/fietsbel-muensterland-het-goede-leven#primaryimage\"},\"thumbnailUrl\":\"https:\\\/\\\/gronau-inside.de\\\/wp-content\\\/uploads\\\/2025\\\/11\\\/WhatsApp-Image-2025-11-25-at-14.33.57-2.jpeg\",\"datePublished\":\"2025-11-25T14:04:18+00:00\",\"dateModified\":\"2025-11-25T14:13:15+00:00\",\"breadcrumb\":{\"@id\":\"https:\\\/\\\/gronau-inside.de\\\/nl\\\/produkt\\\/fietsbel-muensterland-het-goede-leven#breadcrumb\"},\"inLanguage\":\"nl-NL\",\"potentialAction\":[{\"@type\":\"ReadAction\",\"target\":[\"https:\\\/\\\/gronau-inside.de\\\/nl\\\/produkt\\\/fietsbel-muensterland-het-goede-leven\"]}]},{\"@type\":\"ImageObject\",\"inLanguage\":\"nl-NL\",\"@id\":\"https:\\\/\\\/gronau-inside.de\\\/nl\\\/produkt\\\/fietsbel-muensterland-het-goede-leven#primaryimage\",\"url\":\"https:\\\/\\\/gronau-inside.de\\\/wp-content\\\/uploads\\\/2025\\\/11\\\/WhatsApp-Image-2025-11-25-at-14.33.57-2.jpeg\",\"contentUrl\":\"https:\\\/\\\/gronau-inside.de\\\/wp-content\\\/uploads\\\/2025\\\/11\\\/WhatsApp-Image-2025-11-25-at-14.33.57-2.jpeg\",\"width\":1875,\"height\":2500,\"caption\":\"Witte fietsbel met een kleurrijk hartlogo in blauw, groen, geel en oranje. Rondom het hart staat de tekst \\\"M\u00dcNSTERLAND. HET GOEDE LEVEN.\\\" De bel rust op een lichtgekleurd, glad oppervlak.\"},{\"@type\":\"BreadcrumbList\",\"@id\":\"https:\\\/\\\/gronau-inside.de\\\/nl\\\/produkt\\\/fietsbel-muensterland-het-goede-leven#breadcrumb\",\"itemListElement\":[{\"@type\":\"ListItem\",\"position\":1,\"name\":\"Startseite\",\"item\":\"https:\\\/\\\/gronau-inside.de\\\/nl\\\/startseite\"},{\"@type\":\"ListItem\",\"position\":2,\"name\":\"Winkelen\",\"item\":\"https:\\\/\\\/gronau-inside.de\\\/shop\"},{\"@type\":\"ListItem\",\"position\":3,\"name\":\"Fietsbel &#8222;M\u00fcnsterland. Het goede leven.&#8220;\"}]},{\"@type\":\"WebSite\",\"@id\":\"https:\\\/\\\/gronau-inside.de\\\/nl#website\",\"url\":\"https:\\\/\\\/gronau-inside.de\\\/nl\",\"name\":\"Gronau Inside\",\"description\":\"Musikstadt im Gr\u00fcnen\",\"publisher\":{\"@id\":\"https:\\\/\\\/gronau-inside.de\\\/nl#organization\"},\"potentialAction\":[{\"@type\":\"SearchAction\",\"target\":{\"@type\":\"EntryPoint\",\"urlTemplate\":\"https:\\\/\\\/gronau-inside.de\\\/nl?s={search_term_string}\"},\"query-input\":{\"@type\":\"PropertyValueSpecification\",\"valueRequired\":true,\"valueName\":\"search_term_string\"}}],\"inLanguage\":\"nl-NL\"},{\"@type\":\"Organization\",\"@id\":\"https:\\\/\\\/gronau-inside.de\\\/nl#organization\",\"name\":\"Gronau Inside\",\"url\":\"https:\\\/\\\/gronau-inside.de\\\/nl\",\"logo\":{\"@type\":\"ImageObject\",\"inLanguage\":\"nl-NL\",\"@id\":\"https:\\\/\\\/gronau-inside.de\\\/nl#\\\/schema\\\/logo\\\/image\\\/\",\"url\":\"https:\\\/\\\/gronau-inside.de\\\/wp-content\\\/uploads\\\/2020\\\/10\\\/01_gronau-logo_weissaufweiss_Schriftzug-1.png\",\"contentUrl\":\"https:\\\/\\\/gronau-inside.de\\\/wp-content\\\/uploads\\\/2020\\\/10\\\/01_gronau-logo_weissaufweiss_Schriftzug-1.png\",\"width\":254,\"height\":246,\"caption\":\"Gronau Inside\"},\"image\":{\"@id\":\"https:\\\/\\\/gronau-inside.de\\\/nl#\\\/schema\\\/logo\\\/image\\\/\"}}]}<\/script>\n<!-- \/ Yoast SEO plugin. -->","yoast_head_json":{"title":"Fietsbel \"M\u00fcnsterland. Het goede leven.\" - Gronau Inside","robots":{"index":"index","follow":"follow","max-snippet":"max-snippet:-1","max-image-preview":"max-image-preview:large","max-video-preview":"max-video-preview:-1"},"canonical":"https:\/\/gronau-inside.de\/nl\/produkt\/fietsbel-muensterland-het-goede-leven","og_locale":"nl_NL","og_type":"article","og_title":"Fietsbel \"M\u00fcnsterland. Het goede leven.\" - Gronau Inside","og_description":"M\u00fcnsterland-Klingel - Het goede leven voor je fiets Neem een stukje M\u00fcnsterland mee naar je rondleidingen!Deze hoogwaardige fietsbel in modern M\u00fcnsterland-design zet niet alleen kleurrijke accenten, maar zorgt ook voor veiligheid op de weg. Met zijn heldere geluid en stijlvolle hartlogo is het de perfecte accessoire voor iedereen die van zijn regio houdt en daarmee voor de dag wil komen. Ideaal als cadeau - of om zelf te houden. Opstijgen, aanbellen, genieten van het M\u00fcnsterland! Inclusief 19% btw.","og_url":"https:\/\/gronau-inside.de\/nl\/produkt\/fietsbel-muensterland-het-goede-leven","og_site_name":"Gronau Inside","article_modified_time":"2025-11-25T14:13:15+00:00","og_image":[{"width":1875,"height":2500,"url":"https:\/\/gronau-inside.de\/wp-content\/uploads\/2025\/11\/WhatsApp-Image-2025-11-25-at-14.33.57-2.jpeg","type":"image\/jpeg"}],"twitter_card":"summary_large_image","schema":{"@context":"https:\/\/schema.org","@graph":[{"@type":"WebPage","@id":"https:\/\/gronau-inside.de\/nl\/produkt\/fietsbel-muensterland-het-goede-leven","url":"https:\/\/gronau-inside.de\/nl\/produkt\/fietsbel-muensterland-het-goede-leven","name":"Fietsbel \"M\u00fcnsterland. Het goede leven.\" - Gronau Inside","isPartOf":{"@id":"https:\/\/gronau-inside.de\/nl#website"},"primaryImageOfPage":{"@id":"https:\/\/gronau-inside.de\/nl\/produkt\/fietsbel-muensterland-het-goede-leven#primaryimage"},"image":{"@id":"https:\/\/gronau-inside.de\/nl\/produkt\/fietsbel-muensterland-het-goede-leven#primaryimage"},"thumbnailUrl":"https:\/\/gronau-inside.de\/wp-content\/uploads\/2025\/11\/WhatsApp-Image-2025-11-25-at-14.33.57-2.jpeg","datePublished":"2025-11-25T14:04:18+00:00","dateModified":"2025-11-25T14:13:15+00:00","breadcrumb":{"@id":"https:\/\/gronau-inside.de\/nl\/produkt\/fietsbel-muensterland-het-goede-leven#breadcrumb"},"inLanguage":"nl-NL","potentialAction":[{"@type":"ReadAction","target":["https:\/\/gronau-inside.de\/nl\/produkt\/fietsbel-muensterland-het-goede-leven"]}]},{"@type":"ImageObject","inLanguage":"nl-NL","@id":"https:\/\/gronau-inside.de\/nl\/produkt\/fietsbel-muensterland-het-goede-leven#primaryimage","url":"https:\/\/gronau-inside.de\/wp-content\/uploads\/2025\/11\/WhatsApp-Image-2025-11-25-at-14.33.57-2.jpeg","contentUrl":"https:\/\/gronau-inside.de\/wp-content\/uploads\/2025\/11\/WhatsApp-Image-2025-11-25-at-14.33.57-2.jpeg","width":1875,"height":2500,"caption":"Witte fietsbel met een kleurrijk hartlogo in blauw, groen, geel en oranje. Rondom het hart staat de tekst \"M\u00dcNSTERLAND. HET GOEDE LEVEN.\" De bel rust op een lichtgekleurd, glad oppervlak."},{"@type":"BreadcrumbList","@id":"https:\/\/gronau-inside.de\/nl\/produkt\/fietsbel-muensterland-het-goede-leven#breadcrumb","itemListElement":[{"@type":"ListItem","position":1,"name":"Startseite","item":"https:\/\/gronau-inside.de\/nl\/startseite"},{"@type":"ListItem","position":2,"name":"Winkelen","item":"https:\/\/gronau-inside.de\/shop"},{"@type":"ListItem","position":3,"name":"Fietsbel &#8222;M\u00fcnsterland. Het goede leven.&#8220;"}]},{"@type":"WebSite","@id":"https:\/\/gronau-inside.de\/nl#website","url":"https:\/\/gronau-inside.de\/nl","name":"Gronau Inside","description":"Musikstadt im Gr\u00fcnen","publisher":{"@id":"https:\/\/gronau-inside.de\/nl#organization"},"potentialAction":[{"@type":"SearchAction","target":{"@type":"EntryPoint","urlTemplate":"https:\/\/gronau-inside.de\/nl?s={search_term_string}"},"query-input":{"@type":"PropertyValueSpecification","valueRequired":true,"valueName":"search_term_string"}}],"inLanguage":"nl-NL"},{"@type":"Organization","@id":"https:\/\/gronau-inside.de\/nl#organization","name":"Gronau Inside","url":"https:\/\/gronau-inside.de\/nl","logo":{"@type":"ImageObject","inLanguage":"nl-NL","@id":"https:\/\/gronau-inside.de\/nl#\/schema\/logo\/image\/","url":"https:\/\/gronau-inside.de\/wp-content\/uploads\/2020\/10\/01_gronau-logo_weissaufweiss_Schriftzug-1.png","contentUrl":"https:\/\/gronau-inside.de\/wp-content\/uploads\/2020\/10\/01_gronau-logo_weissaufweiss_Schriftzug-1.png","width":254,"height":246,"caption":"Gronau Inside"},"image":{"@id":"https:\/\/gronau-inside.de\/nl#\/schema\/logo\/image\/"}}]}},"_links":{"self":[{"href":"https:\/\/gronau-inside.de\/nl\/wp-json\/wp\/v2\/product\/88798","targetHints":{"allow":["GET"]}}],"collection":[{"href":"https:\/\/gronau-inside.de\/nl\/wp-json\/wp\/v2\/product"}],"about":[{"href":"https:\/\/gronau-inside.de\/nl\/wp-json\/wp\/v2\/types\/product"}],"wp:featuredmedia":[{"embeddable":true,"href":"https:\/\/gronau-inside.de\/nl\/wp-json\/wp\/v2\/media\/88802"}],"wp:attachment":[{"href":"https:\/\/gronau-inside.de\/nl\/wp-json\/wp\/v2\/media?parent=88798"}],"wp:term":[{"taxonomy":"product_brand","embeddable":true,"href":"https:\/\/gronau-inside.de\/nl\/wp-json\/wp\/v2\/product_brand?post=88798"},{"taxonomy":"product_cat","embeddable":true,"href":"https:\/\/gronau-inside.de\/nl\/wp-json\/wp\/v2\/product_cat?post=88798"},{"taxonomy":"product_tag","embeddable":true,"href":"https:\/\/gronau-inside.de\/nl\/wp-json\/wp\/v2\/product_tag?post=88798"}],"curies":[{"name":"wp","href":"https:\/\/api.w.org\/{rel}","templated":true}]}}